{"id":90008,"date":"2025-04-29T07:36:53","date_gmt":"2025-04-29T05:36:53","guid":{"rendered":"https:\/\/smania.store\/pl\/produkt\/storemaster-oszczedzajaca-miejsce-polka-lazienkowa\/"},"modified":"2026-04-11T17:21:11","modified_gmt":"2026-04-11T15:21:11","slug":"storemaster-oszczedzajaca-miejsce-polka-lazienkowa","status":"publish","type":"product","link":"https:\/\/smania.store\/pl\/produkt\/storemaster-oszczedzajaca-miejsce-polka-lazienkowa\/","title":{"rendered":"StoreMaster\u2122 oszcz\u0119dzaj\u0105ca miejsce p\u00f3\u0142ka \u0142azienkowa"},"content":{"rendered":"<div class=\"smania_landing_description_title\">NOWO\u015a\u0106: StoreMaster\u2122 oszcz\u0119dzaj\u0105ca miejsce p\u00f3\u0142ka \u0142azienkowa<\/div>\n<div class=\"smania_landing_description_txt\">Rozwi\u0105\u017c problem z przestrzeni\u0105 w \u0142azience!<\/div>\n<div class=\"smania_landing_description_subtitle\">Dowiedz si\u0119, jak mo\u017cesz odmieni\u0107 ka\u017cdy zak\u0105tek swojego domu dzi\u0119ki oszcz\u0119dzaj\u0105cej miejsce p\u00f3\u0142ce \u0142azienkowej StoreMaster\u2122! Ten niesamowity mebel zosta\u0142 zaprojektowany tak, aby stan\u0105\u0107 w dowolnym miejscu, od sofy po salon, tworz\u0105c t\u0119tni\u0105c\u0105 \u017cyciem przestrze\u0144. Dzi\u0119ki eleganckim i czystym liniom jest wspania\u0142ym dodatkiem do organizacji domu. Nie przegap szansy na \u017cycie bez ba\u0142aganu!<\/div>\n<div class=\"smania_landing_description_list\">\n<ul>\n<li>Zaprojektowany do w\u0105skich szczelin<\/li>\n<li>Du\u017ca pojemno\u015b\u0107 na du\u017ce przedmioty (3 p\u00f3\u0142ki)<\/li>\n<li>Elegancki design pasuj\u0105cy do ka\u017cdego stylu<\/li>\n<li>Solidny, trwa\u0142y i wodoodporny materia\u0142<\/li>\n<li>Odpowiedni do produkt\u00f3w higienicznych<\/li>\n<\/ul><\/div>\n","protected":false},"excerpt":{"rendered":"<p>Oszcz\u0119dno\u015b\u0107 czasu dzi\u0119ki organizacji|Praktyczny pojemnik na chusteczki higieniczne|Optymalizacja powierzchni u\u017cytkowej|Odpowiedni do \u0142azienki i salonu|\u0141atwo wyjmowane szuflady|Wytrzyma\u0142y, trwa\u0142y i wodoodporny|Wymiary: 78 x 41 x 18 cm|Wytrzymuje obci\u0105\u017cenie do 60 kg|Liczba p\u00f3\u0142ek: 3|Wyposa\u017cony w rolki<\/p>\n","protected":false},"featured_media":89997,"template":"","meta":[],"product_cat":[16],"product_tag":[1527],"acf":[],"_links":{"self":[{"href":"https:\/\/smania.store\/pl\/wp-json\/wp\/v2\/product\/90008"}],"collection":[{"href":"https:\/\/smania.store\/pl\/wp-json\/wp\/v2\/product"}],"about":[{"href":"https:\/\/smania.store\/pl\/wp-json\/wp\/v2\/types\/product"}],"wp:featuredmedia":[{"embeddable":true,"href":"https:\/\/smania.store\/pl\/wp-json\/wp\/v2\/media\/89997"}],"wp:attachment":[{"href":"https:\/\/smania.store\/pl\/wp-json\/wp\/v2\/media?parent=90008"}],"wp:term":[{"taxonomy":"product_cat","embeddable":true,"href":"https:\/\/smania.store\/pl\/wp-json\/wp\/v2\/product_cat?post=90008"},{"taxonomy":"product_tag","embeddable":true,"href":"https:\/\/smania.store\/pl\/wp-json\/wp\/v2\/product_tag?post=90008"}],"curies":[{"name":"wp","href":"https:\/\/api.w.org\/{rel}","templated":true}]}}