{"id":89362,"date":"2025-04-04T12:25:29","date_gmt":"2025-04-04T10:25:29","guid":{"rendered":"https:\/\/smania.store\/pl\/produkt\/srodek-utrwalajacy-piasek-sandbind-1-l\/"},"modified":"2026-04-18T17:22:34","modified_gmt":"2026-04-18T15:22:34","slug":"srodek-utrwalajacy-piasek-sandbind-1-l","status":"publish","type":"product","link":"https:\/\/smania.store\/pl\/produkt\/srodek-utrwalajacy-piasek-sandbind-1-l\/","title":{"rendered":"\u015arodek utrwalaj\u0105cy piasek SANDBIND\u2122 (1 L)"},"content":{"rendered":"<div class=\"smania_landing_description_title\">NOWO\u015a\u0106! B\u0142yskawiczna naprawa niebezpiecznych dziur drogowych<\/div>\n<div class=\"smania_landing_description_txt\">Silny \u015brodek wi\u0105\u017c\u0105cy do pod\u0142\u00f3g i \u015bcian oraz d\u0142ugotrwa\u0142ych napraw!<\/div>\n<div class=\"smania_landing_description_subtitle\">Odkryj sekret d\u0142ugotrwa\u0142ego rozwi\u0105zania uszczelniaj\u0105cego! Po\u017cegnaj si\u0119 z niebezpiecznymi wybojami i krusz\u0105cymi si\u0119 \u015bcianami dzi\u0119ki bezbarwnemu klejowi na bazie piasku SANDBIND\u2122 do napraw dr\u00f3g i \u015bcian. Szybkie i \u0142atwe rozwi\u0105zanie, kt\u00f3re eliminuje ryzyko kosztownych napraw. Czy jeste\u015b gotowy, aby chroni\u0107 sw\u00f3j dom i podw\u00f3rko w prosty, szybki i skuteczny spos\u00f3b? Ju\u017c od pierwszych aplikacji zauwa\u017cysz moc SANDBIND\u2122!<\/div>\n<div class=\"smania_landing_description_list\">\n<ul>\n<li>Ekstremalna si\u0142a wi\u0105zania dla d\u0142ugotrwa\u0142ych napraw<\/li>\n<li>\u0141atwe i ekonomiczne rozwi\u0105zanie do naprawy wyboj\u00f3w<\/li>\n<li>Wyd\u0142u\u017ca \u017cywotno\u015b\u0107 \u015bcian i dr\u00f3g<\/li>\n<li>Odporno\u015b\u0107 na wod\u0119 i wilgo\u0107<\/li>\n<li>Odporno\u015b\u0107 na promienie UV i ekstremalne temperatury<\/li>\n<li>Bezpieczna w u\u017cyciu, przyjazna dla \u015brodowiska formu\u0142a<\/li>\n<\/ul><\/div>\n","protected":false},"excerpt":{"rendered":"<p>Szybkie, \u0142atwe i niedrogie naprawy dr\u00f3g i \u015bcian|\u0141atwy w u\u017cyciu nawet dla pocz\u0105tkuj\u0105cych|Bardzo mocna przyczepno\u015b\u0107 zapewnia trwa\u0142e naprawy p\u0119kni\u0119\u0107|Odporno\u015b\u0107 na wod\u0119 i wilgo\u0107|Odporno\u015b\u0107 na promienie UV i ekstremalne temperatury|Szybka i skuteczna penetracja piasku|Tworzy warstw\u0119 polimerow\u0105, kt\u00f3ra uszczelnia p\u0119kni\u0119cia|Netto: 1 L |Pokrycie: do 4 metr\u00f3w kwadratowych|Obszary zastosowania: pod\u0142ogi, \u015bciany|Odpowiednie materia\u0142y: piasek, ska\u0142y|Przyjazna dla \u015brodowiska formu\u0142a na bazie wody|Mo\u017ce by\u0107 przechowywany w temperaturze pokojowej (5-35\u00b0C)|Okres trwa\u0142o\u015bci: 12 miesi\u0119cy<\/p>\n","protected":false},"featured_media":89510,"template":"","meta":[],"product_cat":[16,2739],"product_tag":[1503,2754],"acf":[],"_links":{"self":[{"href":"https:\/\/smania.store\/pl\/wp-json\/wp\/v2\/product\/89362"}],"collection":[{"href":"https:\/\/smania.store\/pl\/wp-json\/wp\/v2\/product"}],"about":[{"href":"https:\/\/smania.store\/pl\/wp-json\/wp\/v2\/types\/product"}],"wp:featuredmedia":[{"embeddable":true,"href":"https:\/\/smania.store\/pl\/wp-json\/wp\/v2\/media\/89510"}],"wp:attachment":[{"href":"https:\/\/smania.store\/pl\/wp-json\/wp\/v2\/media?parent=89362"}],"wp:term":[{"taxonomy":"product_cat","embeddable":true,"href":"https:\/\/smania.store\/pl\/wp-json\/wp\/v2\/product_cat?post=89362"},{"taxonomy":"product_tag","embeddable":true,"href":"https:\/\/smania.store\/pl\/wp-json\/wp\/v2\/product_tag?post=89362"}],"curies":[{"name":"wp","href":"https:\/\/api.w.org\/{rel}","templated":true}]}}