{"id":89352,"date":"2025-04-04T10:00:55","date_gmt":"2025-04-04T08:00:55","guid":{"rendered":"https:\/\/smania.store\/pl\/produkt\/akrylowa-poliuretanowa-powloka-wodoodporna-aquacoatz-1-kg\/"},"modified":"2026-04-17T10:58:03","modified_gmt":"2026-04-17T08:58:03","slug":"akrylowa-poliuretanowa-powloka-wodoodporna-aquacoatz-1-kg","status":"publish","type":"product","link":"https:\/\/smania.store\/pl\/produkt\/akrylowa-poliuretanowa-powloka-wodoodporna-aquacoatz-1-kg\/","title":{"rendered":"Akrylowa poliuretanowa pow\u0142oka wodoodporna AquaCoatz\u2122 (1 kg)"},"content":{"rendered":"<div class=\"smania_landing_description_title\">NOWO\u015a\u0106! Uszczelnia i chroni<\/div>\n<div class=\"smania_landing_description_txt\">Chro\u0144 swoje dachy, \u015bciany i pod\u0142ogi przed przenikaniem wody przez dziesi\u0119ciolecia!<\/div>\n<div class=\"smania_landing_description_subtitle\">AquaCoatz\u2122, p\u0142ynna poliuretanowa pow\u0142oka wodoodporna, zapewnia bezpiecze\u0144stwo dachu o ka\u017cdej porze roku, w r\u00f3\u017cnych warunkach pogodowych i ekstremalnych temperaturach. Zapomnij o przesi\u0105kaj\u0105cej wodzie i ciesz si\u0119 spokojem dzi\u0119ki wodoodpornej ochronie.<\/div>\n<div class=\"smania_landing_description_list\">\n<ul>\n<li>Certyfikowana wodoodporna ochrona dach\u00f3w, pod\u0142\u00f3g i \u015bcian<\/li>\n<li>Mo\u017ce by\u0107 nak\u0142adana za pomoc\u0105 p\u0119dzla, wa\u0142ka malarskiego lub urz\u0105dze\u0144 natryskowych<\/li>\n<li>Doskona\u0142a elastyczno\u015b\u0107 odpowiednia dla wszystkich temperatur<\/li>\n<li>Formu\u0142a zapobiegaj\u0105ca starzeniu zapewnia wyj\u0105tkow\u0105 trwa\u0142o\u015b\u0107<\/li>\n<li>Kompatybilny z powierzchniami metalowymi, betonowymi i asfaltowymi<\/li>\n<li>Bezpieczna i przyjazna dla \u015brodowiska formu\u0142a<\/li>\n<li>1 kg pokrywa do 2 m2<\/li>\n<\/ul><\/div>\n","protected":false},"excerpt":{"rendered":"<p>D\u0142ugotrwa\u0142a wodoodporno\u015b\u0107|\u0141atwa do na\u0142o\u017cenia samopoziomuj\u0105ca pow\u0142oka wodoodporna|Odporno\u015b\u0107 na ekstremalne temperatury od -40 do +80\u00b0C|Doskona\u0142a odporno\u015b\u0107 na promieniowanie UV i warunki atmosferyczne|Trwa\u0142a i silna przyczepno\u015b\u0107 do litych powierzchni|Wysoka elastyczno\u015b\u0107, brak p\u0119kni\u0119\u0107 i odkszta\u0142ce\u0144|Pokrycie: 2 m2 na 1 kg produktu|Metoda aplikacji: p\u0119dzel, wa\u0142ek malarski, opryskiwacz|Stosowane materia\u0142y: metal, beton, asfalt|Kolor: szary|Zawarto\u015b\u0107: 1 kg|Okres trwa\u0142o\u015bci: 12 miesi\u0119cy<\/p>\n","protected":false},"featured_media":89519,"template":"","meta":[],"product_cat":[16,2739],"product_tag":[2484,1503,2754],"acf":[],"_links":{"self":[{"href":"https:\/\/smania.store\/pl\/wp-json\/wp\/v2\/product\/89352"}],"collection":[{"href":"https:\/\/smania.store\/pl\/wp-json\/wp\/v2\/product"}],"about":[{"href":"https:\/\/smania.store\/pl\/wp-json\/wp\/v2\/types\/product"}],"wp:featuredmedia":[{"embeddable":true,"href":"https:\/\/smania.store\/pl\/wp-json\/wp\/v2\/media\/89519"}],"wp:attachment":[{"href":"https:\/\/smania.store\/pl\/wp-json\/wp\/v2\/media?parent=89352"}],"wp:term":[{"taxonomy":"product_cat","embeddable":true,"href":"https:\/\/smania.store\/pl\/wp-json\/wp\/v2\/product_cat?post=89352"},{"taxonomy":"product_tag","embeddable":true,"href":"https:\/\/smania.store\/pl\/wp-json\/wp\/v2\/product_tag?post=89352"}],"curies":[{"name":"wp","href":"https:\/\/api.w.org\/{rel}","templated":true}]}}