{"id":89258,"date":"2025-04-02T07:25:27","date_gmt":"2025-04-02T05:25:27","guid":{"rendered":"https:\/\/smania.store\/pl\/produkt\/uniwersalny-odtluszczacz-greaseoff-500-ml\/"},"modified":"2026-04-17T10:55:56","modified_gmt":"2026-04-17T08:55:56","slug":"uniwersalny-odtluszczacz-greaseoff-500-ml","status":"publish","type":"product","link":"https:\/\/smania.store\/pl\/produkt\/uniwersalny-odtluszczacz-greaseoff-500-ml\/","title":{"rendered":"Uniwersalny odt\u0142uszczacz GreaseOFF\u2122 (500 ml)"},"content":{"rendered":"<div class=\"smania_landing_description_title\">NOWA FORMU\u0141A: GreaseOFF\u2122 &#8211; rozk\u0142ada t\u0142uszcz na poziomie molekularnym<\/div>\n<div class=\"smania_landing_description_txt\">\u017begnaj uporczywy smarze i brudzie!<\/div>\n<div class=\"smania_landing_description_subtitle\">\u017begnaj uporczywy smarze i brudzie! Zaawansowana formu\u0142a GreaseOFF\u2122 wnika g\u0142\u0119boko w t\u0142uszcz, rozbijaj\u0105c go na poziomie molekularnym, aby zapewni\u0107 nieskazitelne, pozbawione pozosta\u0142o\u015bci wyko\u0144czenie na ka\u017cdej powierzchni.<\/div>\n<div class=\"smania_landing_description_list\">\n<ul>\n<li>Przecina warstwy nagromadzonego smaru<\/li>\n<li>Zapewnia nieskazitelne wyko\u0144czenie bez pozosta\u0142o\u015bci na ka\u017cdej powierzchni<\/li>\n<li>Bezpieczny, szybki i \u0142atwy w u\u017cyciu<\/li>\n<li>Nadaje si\u0119 do p\u0142yt kuchennych, piekarnik\u00f3w, grilli, silnik\u00f3w samochodowych, \u0142a\u0144cuch\u00f3w rowerowych i nie tylko<\/li>\n<li>Idealny zar\u00f3wno do u\u017cytku domowego, jak i profesjonalnego<\/li>\n<\/ul><\/div>\n","protected":false},"excerpt":{"rendered":"<p>Zaprojektowany do usuwania trudnego do usuni\u0119cia t\u0142uszczu kuchennego, brudu i zapieczonego jedzenia|Wysoka si\u0142a penetracji, kt\u00f3ra dociera do trudno dost\u0119pnych miejsc|\u0141atwy do nak\u0142adania i rozprowadzania, zapewniaj\u0105cy dok\u0142adne czyszczenie ka\u017cdego zakamarka|\u0141atwy w u\u017cyciu: rozpyli\u0107 bezpo\u015brednio na dotkni\u0119ty obszar, odczeka\u0107 kilka chwil, a nast\u0119pnie wytrze\u0107 do czysta|Stosowa\u0107 na p\u0142ytach kuchennych, piekarnikach, mikrop\u0142ytkach, kafelkach, blatach, grillach, silnikach samochodowych, \u0142a\u0144cuchach rowerowych, a nawet maszynach przemys\u0142owych|Zawarto\u015b\u0107: 500 ml<\/p>\n","protected":false},"featured_media":89530,"template":"","meta":[],"product_cat":[16,2739],"product_tag":[2484,1527,2740],"acf":[],"_links":{"self":[{"href":"https:\/\/smania.store\/pl\/wp-json\/wp\/v2\/product\/89258"}],"collection":[{"href":"https:\/\/smania.store\/pl\/wp-json\/wp\/v2\/product"}],"about":[{"href":"https:\/\/smania.store\/pl\/wp-json\/wp\/v2\/types\/product"}],"wp:featuredmedia":[{"embeddable":true,"href":"https:\/\/smania.store\/pl\/wp-json\/wp\/v2\/media\/89530"}],"wp:attachment":[{"href":"https:\/\/smania.store\/pl\/wp-json\/wp\/v2\/media?parent=89258"}],"wp:term":[{"taxonomy":"product_cat","embeddable":true,"href":"https:\/\/smania.store\/pl\/wp-json\/wp\/v2\/product_cat?post=89258"},{"taxonomy":"product_tag","embeddable":true,"href":"https:\/\/smania.store\/pl\/wp-json\/wp\/v2\/product_tag?post=89258"}],"curies":[{"name":"wp","href":"https:\/\/api.w.org\/{rel}","templated":true}]}}