{"id":87477,"date":"2025-03-18T08:35:10","date_gmt":"2025-03-18T07:35:10","guid":{"rendered":"https:\/\/smania.store\/pl\/produkt\/srodek-do-renowacji-i-czyszczenia-drewna-vividwood-300-ml\/"},"modified":"2026-04-12T07:33:02","modified_gmt":"2026-04-12T05:33:02","slug":"srodek-do-renowacji-i-czyszczenia-drewna-vividwood-300-ml","status":"publish","type":"product","link":"https:\/\/smania.store\/pl\/produkt\/srodek-do-renowacji-i-czyszczenia-drewna-vividwood-300-ml\/","title":{"rendered":"\u015arodek do renowacji i czyszczenia drewna VividWood\u2122 (300 ml)"},"content":{"rendered":"<div class=\"smania_landing_description_title\">NOWO\u015a\u0106: VividWood\u2122 \u2013 przywr\u00f3\u0107 matowemu drewnu \u017cycie!<\/div>\n<div class=\"smania_landing_description_txt\">Przywr\u00f3\u0107 naturalne pi\u0119kno staremu drewnu!<\/div>\n<div class=\"smania_landing_description_subtitle\">W przeciwie\u0144stwie do innych produkt\u00f3w do renowacji drewna, VividWood\u2122 nie tylko maskuje uszkodzenia! Wnika w powierzchni\u0119, neutralizuje szarzenie i rewitalizuje drewno, wyd\u0142u\u017caj\u0105c jego \u017cywotno\u015b\u0107 i oszcz\u0119dzaj\u0105c Ci koszt\u00f3w wymiany drewna.<\/div>\n<div class=\"smania_landing_description_list\">\n<ul>\n<li>Natychmiast o\u017cywia stare, zszarza\u0142e drewno<\/li>\n<li>Rozbija brud, ple\u015b\u0144 i utlenianie, kt\u00f3re powoduj\u0105 przebarwienia<\/li>\n<li>Nadaje drewnu \u015bwie\u017cy, odnowiony wygl\u0105d<\/li>\n<li>Zachowuje naturalny urok drewna<\/li>\n<li>Uniwersalny dla wszystkich zewn\u0119trznych powierzchni drewnianych<\/li>\n<li>Bezpieczna, g\u0142\u0119boko czyszcz\u0105ca formu\u0142a<\/li>\n<\/ul><\/div>\n","protected":false},"excerpt":{"rendered":"<p>Wnika w powierzchni\u0119, neutralizuje szarzenie i rewitalizuje drewno|Wyd\u0142u\u017ca \u017cywotno\u015b\u0107 i oszcz\u0119dza koszty wymiany drewna|Usuwa uporczywe przebarwienia i przywraca pierwotne ciep\u0142o i charakter drewna|Przywraca i poprawia wygl\u0105d wszystkich zewn\u0119trznych powierzchni drewnianych|Mo\u017cna stosowa\u0107 na pod\u0142ogach, p\u0142otach, meblach ogrodowych, drewnianych szopach i nie tylko|Wykonany z bezpiecznych, delikatnych sk\u0142adnik\u00f3w, bez agresywnych chemikali\u00f3w|Nietoksyczny, bezpieczny dla ludzi, zwierz\u0105t domowych i ro\u015blin|Zawarto\u015b\u0107: 300 ml<\/p>\n","protected":false},"featured_media":87468,"template":"","meta":[],"product_cat":[16,2739],"product_tag":[2484,1503,2740],"acf":[],"_links":{"self":[{"href":"https:\/\/smania.store\/pl\/wp-json\/wp\/v2\/product\/87477"}],"collection":[{"href":"https:\/\/smania.store\/pl\/wp-json\/wp\/v2\/product"}],"about":[{"href":"https:\/\/smania.store\/pl\/wp-json\/wp\/v2\/types\/product"}],"wp:featuredmedia":[{"embeddable":true,"href":"https:\/\/smania.store\/pl\/wp-json\/wp\/v2\/media\/87468"}],"wp:attachment":[{"href":"https:\/\/smania.store\/pl\/wp-json\/wp\/v2\/media?parent=87477"}],"wp:term":[{"taxonomy":"product_cat","embeddable":true,"href":"https:\/\/smania.store\/pl\/wp-json\/wp\/v2\/product_cat?post=87477"},{"taxonomy":"product_tag","embeddable":true,"href":"https:\/\/smania.store\/pl\/wp-json\/wp\/v2\/product_tag?post=87477"}],"curies":[{"name":"wp","href":"https:\/\/api.w.org\/{rel}","templated":true}]}}