{"id":87467,"date":"2025-03-18T08:32:24","date_gmt":"2025-03-18T07:32:24","guid":{"rendered":"https:\/\/smania.store\/pl\/produkt\/zel-do-usuwania-plesni-banishmold-100-ml\/"},"modified":"2026-04-17T10:14:43","modified_gmt":"2026-04-17T08:14:43","slug":"zel-do-usuwania-plesni-banishmold-100-ml","status":"publish","type":"product","link":"https:\/\/smania.store\/pl\/produkt\/zel-do-usuwania-plesni-banishmold-100-ml\/","title":{"rendered":"\u017bel do usuwania ple\u015bni BanishMold\u2122 (100 ml)"},"content":{"rendered":"<div class=\"smania_landing_description_title\">NOWO\u015a\u0106: Pozb\u0105d\u017a si\u0119 brudnych szw\u00f3w i uporczywej ple\u015bni<\/div>\n<div class=\"smania_landing_description_txt\">Po\u017cegnaj si\u0119 ze szorowaniem i szkodliwymi chemikaliami<\/div>\n<div class=\"smania_landing_description_subtitle\">BanishMold\u2122 zosta\u0142 zaprojektowany tak, aby by\u0142 skuteczny, bezpieczny i \u0142atwy w u\u017cyciu, dzi\u0119ki czemu mo\u017cesz przywr\u00f3ci\u0107 czysto\u015b\u0107 i \u015bwie\u017co\u015b\u0107 swoim przestrzeniom przy minimalnym wysi\u0142ku.<\/div>\n<div class=\"smania_landing_description_list\">\n<ul>\n<li>Bez szorowania, szybko rozpuszcza plamy ple\u015bni<\/li>\n<li>G\u0142\u0119boko wnika w fugi i naro\u017cniki p\u0142ytek, skutecznie zwalczaj\u0105c ple\u015b\u0144<\/li>\n<li>Usuwa plamy i zapobiega jej rozwojowi<\/li>\n<li>Idealny do \u0142azienek, kuchni, fug p\u0142ytek, pralek, lod\u00f3wek, prysznic\u00f3w, umywalek i uszczelniaczy<\/li>\n<li>Utrzymuje dom d\u0142u\u017cej wolnym od ple\u015bni, zapewniaj\u0105c zdrowsze \u015brodowisko<\/li>\n<\/ul><\/div>\n","protected":false},"excerpt":{"rendered":"<p>Po prostu na\u0142\u00f3\u017c, poczekaj i obserwuj, jak plamy znikaj\u0105|\u0141atwo i skutecznie usuwa uporczyw\u0105 ple\u015b\u0144 i plamy|Usuwa plamy bez mocnego szorowania|Bez szkodliwych substancji chemicznych, dzi\u0119ki czemu nadaje si\u0119 do dom\u00f3w i rodzin|Zapobiega ponownemu pojawieniu si\u0119 ple\u015bni|Zapewnia \u015bwie\u017csze, zdrowsze \u015brodowisko|Idealny do stosowania w \u0142azienkach, kuchniach i innych wilgotnych miejscach|Przywraca czysto\u015b\u0107 p\u0142ytek, fug, zmywarek i nie tylko|\u0141atwy w stosowaniu na szwy i ciasne naro\u017cniki|Zawarto\u015b\u0107: 100 ml<\/p>\n","protected":false},"featured_media":87458,"template":"","meta":[],"product_cat":[16,2739],"product_tag":[1527,2740],"acf":[],"_links":{"self":[{"href":"https:\/\/smania.store\/pl\/wp-json\/wp\/v2\/product\/87467"}],"collection":[{"href":"https:\/\/smania.store\/pl\/wp-json\/wp\/v2\/product"}],"about":[{"href":"https:\/\/smania.store\/pl\/wp-json\/wp\/v2\/types\/product"}],"wp:featuredmedia":[{"embeddable":true,"href":"https:\/\/smania.store\/pl\/wp-json\/wp\/v2\/media\/87458"}],"wp:attachment":[{"href":"https:\/\/smania.store\/pl\/wp-json\/wp\/v2\/media?parent=87467"}],"wp:term":[{"taxonomy":"product_cat","embeddable":true,"href":"https:\/\/smania.store\/pl\/wp-json\/wp\/v2\/product_cat?post=87467"},{"taxonomy":"product_tag","embeddable":true,"href":"https:\/\/smania.store\/pl\/wp-json\/wp\/v2\/product_tag?post=87467"}],"curies":[{"name":"wp","href":"https:\/\/api.w.org\/{rel}","templated":true}]}}