{"id":86319,"date":"2025-03-14T10:12:58","date_gmt":"2025-03-14T09:12:58","guid":{"rendered":"https:\/\/smania.store\/pl\/produkt\/regulowane-i-oddychajace-oparcie-lozka-bedlift\/"},"modified":"2026-03-10T12:03:34","modified_gmt":"2026-03-10T11:03:34","slug":"regulowane-i-oddychajace-oparcie-lozka-bedlift","status":"publish","type":"product","link":"https:\/\/smania.store\/pl\/produkt\/regulowane-i-oddychajace-oparcie-lozka-bedlift\/","title":{"rendered":"Regulowane i oddychaj\u0105ce oparcie \u0142\u00f3\u017cka BedLift\u2122"},"content":{"rendered":"<div class=\"smania_landing_description_title\">NOWO\u015a\u0106: BedLift\u2122 &#8211; dla maksymalnego komfortu w \u0142\u00f3\u017cku<\/div>\n<div class=\"smania_landing_description_txt\">Idealny dla os\u00f3b starszych, kobiet w ci\u0105\u017cy i os\u00f3b o ograniczonej sprawno\u015bci ruchowej!<\/div>\n<div class=\"smania_landing_description_subtitle\">Potrzebujesz idealnego wsparcia podczas relaksu, czytania lub pracy w \u0142\u00f3\u017cku? Odkryj regulowane, oddychaj\u0105ce oparcie \u0142\u00f3\u017cka BedLift\u2122, zaprojektowane tak, aby zapewni\u0107 maksymalne wsparcie i komfort. Pozw\u00f3l, aby to niesamowite regulowane oparcie rozpieszcza\u0142o Ci\u0119 i zamienia\u0142o ka\u017cd\u0105 chwil\u0119 sp\u0119dzon\u0105 w \u0142\u00f3\u017cku w czyst\u0105 przyjemno\u015b\u0107!<\/div>\n<div class=\"smania_landing_description_list\">\n<ul>\n<li>Regulowany k\u0105t do 6 pozycji w zakresie od 0\u00b0 do 80\u00b0<\/li>\n<li>Ergonomiczne wsparcie dla plec\u00f3w, szyi, talii i ramion<\/li>\n<li>Trwa\u0142a i wytrzyma\u0142a stalowa rama<\/li>\n<li>Oddychaj\u0105cy i wygodny materia\u0142<\/li>\n<li>Idealny dla os\u00f3b starszych, kobiet w ci\u0105\u017cy i os\u00f3b o ograniczonej sprawno\u015bci ruchowej<\/li>\n<li>Idealny do czytania, ogl\u0105dania film\u00f3w lub pracy w \u0142\u00f3\u017cku<\/li>\n<\/ul><\/div>\n","protected":false},"excerpt":{"rendered":"<p>Regulowany k\u0105t nachylenia zapewnia maksymalny komfort|Solidna i trwa\u0142a konstrukcja|Optymalna oddychalno\u015b\u0107 podczas d\u0142ugich sesji|Wygodne wy\u015bcie\u0142ane pod\u0142okietniki|Wyjmowana poduszka|U\u017cywaj w domu, na pla\u017cy, na kempingu|6 regulowanych k\u0105t\u00f3w: 0\u00b0-80\u00b0|Antypo\u015blizgowa konstrukcja|Wysoko\u015b\u0107: 31-55 cm|Materia\u0142: stal wysokow\u0119glowa, siatka PVC|Maks. obci\u0105\u017cenie: 136 kg|Waga: 3 kg<\/p>\n","protected":false},"featured_media":86307,"template":"","meta":[],"product_cat":[16],"product_tag":[2484],"acf":[],"_links":{"self":[{"href":"https:\/\/smania.store\/pl\/wp-json\/wp\/v2\/product\/86319"}],"collection":[{"href":"https:\/\/smania.store\/pl\/wp-json\/wp\/v2\/product"}],"about":[{"href":"https:\/\/smania.store\/pl\/wp-json\/wp\/v2\/types\/product"}],"wp:featuredmedia":[{"embeddable":true,"href":"https:\/\/smania.store\/pl\/wp-json\/wp\/v2\/media\/86307"}],"wp:attachment":[{"href":"https:\/\/smania.store\/pl\/wp-json\/wp\/v2\/media?parent=86319"}],"wp:term":[{"taxonomy":"product_cat","embeddable":true,"href":"https:\/\/smania.store\/pl\/wp-json\/wp\/v2\/product_cat?post=86319"},{"taxonomy":"product_tag","embeddable":true,"href":"https:\/\/smania.store\/pl\/wp-json\/wp\/v2\/product_tag?post=86319"}],"curies":[{"name":"wp","href":"https:\/\/api.w.org\/{rel}","templated":true}]}}