{"id":80763,"date":"2025-02-20T11:09:37","date_gmt":"2025-02-20T10:09:37","guid":{"rendered":"https:\/\/smania.store\/pl\/produkt\/magnetyczne-kamienie-w-grze-magfield\/"},"modified":"2026-04-16T20:15:59","modified_gmt":"2026-04-16T18:15:59","slug":"magnetyczne-kamienie-w-grze-magfield","status":"publish","type":"product","link":"https:\/\/smania.store\/pl\/produkt\/magnetyczne-kamienie-w-grze-magfield\/","title":{"rendered":"Magnetyczne kamienie w grze MagField"},"content":{"rendered":"<div class=\"smania_landing_description_title\">NOWO\u015a\u0106: Graj z si\u0142\u0105 magnetyczn\u0105<\/div>\n<div class=\"smania_landing_description_txt\">Rzu\u0107 wyzwanie swojej rodzinie w grze o magnetyzmie i wygraj!<\/div>\n<div class=\"smania_landing_description_subtitle\">MagField &#8211; gra, kt\u00f3ra \u0142\u0105czy w sobie strategi\u0119 i magnetyzm! Spraw, aby ka\u017cda gra by\u0142a czasem zabawy i rywalizacji, buduj\u0105c wi\u0119zi z przyjaci\u00f3\u0142mi i rodzin\u0105 oraz stymuluj\u0105c logiczne my\u015blenie. Idealna dla ca\u0142ej rodziny i na wieczory gier z przyjaci\u00f3\u0142mi, przygotuj si\u0119 na zabawne i ekscytuj\u0105ce magnetyczne wyzwanie!<\/div>\n<div class=\"smania_landing_description_list\">\n<ul>\n<li>Stymuluje strategiczne i logiczne my\u015blenie<\/li>\n<li>Wspiera interakcje spo\u0142eczne i wzmacnia relacje<\/li>\n<li>Innowacyjna magnetyczna konstrukcja \u0142\u0105czy zabaw\u0119 z nauk\u0105<\/li>\n<li>Kompaktowe i przeno\u015bne opakowanie z torb\u0105 do przenoszenia<\/li>\n<li>Gra wieloosobowa dla nieograniczonej zabawy<\/li>\n<li>Odpowiednia dla dzieci w wieku od 3 lat, idealna dla ca\u0142ej rodziny<\/li>\n<\/ul><\/div>\n","protected":false},"excerpt":{"rendered":"<p>Wzmacnia relacje podczas zabawy|Tworzy relaksuj\u0105c\u0105 atmosfer\u0119, idealn\u0105 na wieczory gier|\u0141atwa do nauki i zabawy, nawet dla dzieci|Bezpieczne i trwa\u0142e materia\u0142y|\u0141\u0105czy zabaw\u0119 i nauk\u0119|Do zabrania w dowolne miejsce|Odpowiedni wiek: od 3 lat|Zestaw zawiera: 20 kamienie magnetyczne, lin\u0119, torb\u0119 do przechowywania, instrukcj\u0119<\/p>\n","protected":false},"featured_media":94418,"template":"","meta":[],"product_cat":[17],"product_tag":[1625],"acf":[],"_links":{"self":[{"href":"https:\/\/smania.store\/pl\/wp-json\/wp\/v2\/product\/80763"}],"collection":[{"href":"https:\/\/smania.store\/pl\/wp-json\/wp\/v2\/product"}],"about":[{"href":"https:\/\/smania.store\/pl\/wp-json\/wp\/v2\/types\/product"}],"wp:featuredmedia":[{"embeddable":true,"href":"https:\/\/smania.store\/pl\/wp-json\/wp\/v2\/media\/94418"}],"wp:attachment":[{"href":"https:\/\/smania.store\/pl\/wp-json\/wp\/v2\/media?parent=80763"}],"wp:term":[{"taxonomy":"product_cat","embeddable":true,"href":"https:\/\/smania.store\/pl\/wp-json\/wp\/v2\/product_cat?post=80763"},{"taxonomy":"product_tag","embeddable":true,"href":"https:\/\/smania.store\/pl\/wp-json\/wp\/v2\/product_tag?post=80763"}],"curies":[{"name":"wp","href":"https:\/\/api.w.org\/{rel}","templated":true}]}}