{"id":64412,"date":"2024-12-03T09:02:06","date_gmt":"2024-12-03T08:02:06","guid":{"rendered":"https:\/\/smania.store\/pl\/produkt\/wodoodporna-tasma-butylowa-herculebind\/"},"modified":"2026-03-17T19:34:53","modified_gmt":"2026-03-17T18:34:53","slug":"wodoodporna-tasma-butylowa-herculebind","status":"publish","type":"product","link":"https:\/\/smania.store\/pl\/produkt\/wodoodporna-tasma-butylowa-herculebind\/","title":{"rendered":"Wodoodporna ta\u015bma butylowa HerculeBind\u2122"},"content":{"rendered":"<div class=\"smania_landing_description_title\">Nowo\u015b\u0107 i super wytrzyma\u0142o\u015b\u0107! Dla prawdziwych mistrz\u00f3w domowych napraw!<\/div>\n<div class=\"smania_landing_description_txt\">Napraw i uszczelnij ka\u017cdy przeciek!<\/div>\n<div class=\"smania_landing_description_subtitle\">\u017begnajcie przecieki i p\u0119kni\u0119cia! Ta\u015bma samoprzylepna HerculeBind\u2122 to najlepsze, szybkie i skuteczne rozwi\u0105zanie do wszelkich napraw. \u0141atwo si\u0119 mocuje i natychmiast uszczelnia ka\u017cd\u0105 powierzchni\u0119, mokr\u0105 lub such\u0105, zimn\u0105 lub ciep\u0142\u0105. Wybierz bezpiecze\u0144stwo i trwa\u0142o\u015b\u0107 w ka\u017cdej sytuacji awaryjnej!<\/div>\n<div class=\"smania_landing_description_list\">\n<ul>\n<li>Super mocny chwyt na ka\u017cdej powierzchni<\/li>\n<li>Odporno\u015b\u0107 na wod\u0119 i ekstremalne warunki<\/li>\n<li>Natychmiastowe i trwa\u0142e uszczelnienie<\/li>\n<li>Nadaje si\u0119 r\u00f3wnie\u017c do mokrych powierzchni<\/li>\n<li>\u0141atwy w u\u017cyciu, szybka aplikacja<\/li>\n<li>Idealny rozmiar: 300 cm x 10 cm x 1,2 mm<\/li>\n<\/ul><\/div>\n","protected":false},"excerpt":{"rendered":"<p>Natychmiast naprawia ka\u017cdy wyciek|Idealny do rur i dach\u00f3w|Nadaje si\u0119 r\u00f3wnie\u017c do mokrych powierzchni|Idealna do ka\u017cdego kszta\u0142tu i powierzchni|Uszczelnia przed wod\u0105, wilgoci\u0105, par\u0105, \u017cr\u0105cymi chemikaliami i innymi wyciekami|Natychmiastowe i bezpieczne uszczelnienie|Nadaje si\u0119 do r\u00f3\u017cnych napraw domowych|Niewiarygodnie trwa\u0142e: odporne na wysokie ci\u015bnienie, wod\u0119 i ekstremalne temperatury|Materia\u0142: aluminium i guma|Rozmiar: 300 cm x 10 cm x 1,2 mm<\/p>\n","protected":false},"featured_media":64401,"template":"","meta":[],"product_cat":[16,222],"product_tag":[1630],"acf":[],"_links":{"self":[{"href":"https:\/\/smania.store\/pl\/wp-json\/wp\/v2\/product\/64412"}],"collection":[{"href":"https:\/\/smania.store\/pl\/wp-json\/wp\/v2\/product"}],"about":[{"href":"https:\/\/smania.store\/pl\/wp-json\/wp\/v2\/types\/product"}],"wp:featuredmedia":[{"embeddable":true,"href":"https:\/\/smania.store\/pl\/wp-json\/wp\/v2\/media\/64401"}],"wp:attachment":[{"href":"https:\/\/smania.store\/pl\/wp-json\/wp\/v2\/media?parent=64412"}],"wp:term":[{"taxonomy":"product_cat","embeddable":true,"href":"https:\/\/smania.store\/pl\/wp-json\/wp\/v2\/product_cat?post=64412"},{"taxonomy":"product_tag","embeddable":true,"href":"https:\/\/smania.store\/pl\/wp-json\/wp\/v2\/product_tag?post=64412"}],"curies":[{"name":"wp","href":"https:\/\/api.w.org\/{rel}","templated":true}]}}