{"id":60937,"date":"2024-11-14T12:16:45","date_gmt":"2024-11-14T11:16:45","guid":{"rendered":"https:\/\/smania.store\/pl\/produkt\/chromowana-farba-w-sprayu-chromius\/"},"modified":"2026-04-11T12:15:45","modified_gmt":"2026-04-11T10:15:45","slug":"chromowana-farba-w-sprayu-chromius","status":"publish","type":"product","link":"https:\/\/smania.store\/pl\/produkt\/chromowana-farba-w-sprayu-chromius\/","title":{"rendered":"Chromowana farba w sprayu CHROMIUS\u2122"},"content":{"rendered":"<div class=\"smania_landing_description_title\">NOWO\u015a\u0106: metaliczny po\u0142ysk dla wszystkich powierzchni<\/div>\n<div class=\"smania_landing_description_txt\">O\u017cyw ka\u017cd\u0105 powierzchni\u0119 za jednym poci\u0105gni\u0119ciem!<\/div>\n<div class=\"smania_landing_description_subtitle\">Odkryj CHROMIUS\u2122, rewolucyjn\u0105 farb\u0119 stworzon\u0105 do przekszta\u0142cania i ochrony ka\u017cdej powierzchni. Dzi\u0119ki nieodpartemu metalicznemu wyko\u0144czeniu, ta wysokiej jako\u015bci farba wyprodukowana w Wielkiej Brytanii jest odporna na korozj\u0119 i wysokie temperatury, zapewniaj\u0105c nieskazitelny, d\u0142ugotrwa\u0142y wygl\u0105d. Idealny dla tych, kt\u00f3rzy chc\u0105 uzyska\u0107 profesjonalny efekt bez wysi\u0142ku. Nie przegap szansy na nadanie swoim powierzchniom odrobiny elegancji!<\/div>\n<div class=\"smania_landing_description_list\">\n<ul>\n<li>Najwy\u017csza odporno\u015b\u0107 na korozj\u0119<\/li>\n<li>B\u0142yszcz\u0105ce i wyrafinowane wyko\u0144czenie<\/li>\n<li>Szybka i \u0142atwa aplikacja<\/li>\n<li>Idealna do metalu, drewna, szk\u0142a i nie tylko<\/li>\n<li>Wytrzymuje temperatur\u0119 do 90\u00b0C bez blakni\u0119cia<\/li>\n<li>Wyj\u0105tkowa wszechstronno\u015b\u0107 do zastosowa\u0144 wewn\u0119trznych i zewn\u0119trznych<\/li>\n<\/ul><\/div>\n","protected":false},"excerpt":{"rendered":"<p>Odmienia stare meble|Dodaje stylu do domu|Gwarantowana jako\u015b\u0107|Idealny do kreatywnego majsterkowania|D\u0142ugotrwa\u0142a ochrona|Gwarantowany metaliczny efekt|Idealny do projekt\u00f3w artystycznych|Nigdy wi\u0119cej matowych powierzchni|Pojemno\u015b\u0107: 450 ml<\/p>\n","protected":false},"featured_media":79970,"template":"","meta":[],"product_cat":[16,18,2739],"product_tag":[1500,2755],"acf":[],"_links":{"self":[{"href":"https:\/\/smania.store\/pl\/wp-json\/wp\/v2\/product\/60937"}],"collection":[{"href":"https:\/\/smania.store\/pl\/wp-json\/wp\/v2\/product"}],"about":[{"href":"https:\/\/smania.store\/pl\/wp-json\/wp\/v2\/types\/product"}],"wp:featuredmedia":[{"embeddable":true,"href":"https:\/\/smania.store\/pl\/wp-json\/wp\/v2\/media\/79970"}],"wp:attachment":[{"href":"https:\/\/smania.store\/pl\/wp-json\/wp\/v2\/media?parent=60937"}],"wp:term":[{"taxonomy":"product_cat","embeddable":true,"href":"https:\/\/smania.store\/pl\/wp-json\/wp\/v2\/product_cat?post=60937"},{"taxonomy":"product_tag","embeddable":true,"href":"https:\/\/smania.store\/pl\/wp-json\/wp\/v2\/product_tag?post=60937"}],"curies":[{"name":"wp","href":"https:\/\/api.w.org\/{rel}","templated":true}]}}