{"id":60926,"date":"2024-11-14T12:15:14","date_gmt":"2024-11-14T11:15:14","guid":{"rendered":"https:\/\/smania.store\/pl\/produkt\/spray-do-usuwania-farby-z-metalu-paintstripper\/"},"modified":"2026-04-17T10:14:43","modified_gmt":"2026-04-17T08:14:43","slug":"spray-do-usuwania-farby-z-metalu-paintstripper","status":"publish","type":"product","link":"https:\/\/smania.store\/pl\/produkt\/spray-do-usuwania-farby-z-metalu-paintstripper\/","title":{"rendered":"Spray do usuwania farby z metalu PAINTSTRIPPER\u2122"},"content":{"rendered":"<div class=\"smania_landing_description_title\">NOWO\u015a\u0106: \u015arodek do usuwania farb i lakier\u00f3w<\/div>\n<div class=\"smania_landing_description_txt\">Odmie\u0144 powierzchnie w kilka sekund!<\/div>\n<div class=\"smania_landing_description_subtitle\">Masz do\u015b\u0107 starych, pomalowanych powierzchni, kt\u00f3re rujnuj\u0105 Twoj\u0105 przestrze\u0144? Dzi\u0119ki PAINTSTRIPPER\u2122 mo\u017cesz przekszta\u0142ci\u0107 metal, drewno i ceg\u0142\u0119 w zaledwie kilka poci\u0105gni\u0119\u0107. Po\u017cegnaj si\u0119 z chaosem zwi\u0105zanym z tradycyjnym usuwaniem farby dzi\u0119ki naszej odpornej na kapanie \u017celowej formule. Uzyskaj nieskazitelne, bezwysi\u0142kowe rezultaty dzi\u0119ki naszemu wydajnemu aerozolowi przemys\u0142owemu. Nie czekaj, zrewolucjonizuj swoje przestrzenie ju\u017c dzi\u015b!<\/div>\n<div class=\"smania_landing_description_list\">\n<ul>\n<li>Wysoka wytrzyma\u0142o\u015b\u0107 przemys\u0142owa dla szybkich rezultat\u00f3w<\/li>\n<li>Odpowiedni do metali, dzia\u0142a r\u00f3wnie\u017c na drewnie i cegle<\/li>\n<li>Nierozlewaj\u0105ca si\u0119 formu\u0142a \u017celu<\/li>\n<li>\u0141atwa aplikacja za pomoc\u0105 aerozolu<\/li>\n<li>Usuwa farb\u0119, lakier i kleje<\/li>\n<li>Kompatybilny r\u00f3wnie\u017c z powierzchniami pionowymi<\/li>\n<\/ul><\/div>\n","protected":false},"excerpt":{"rendered":"<p>Usuwa farb\u0119 w zaledwie kilka godzin|Idealny do uporczywej farby|Idealny do metalu, dzia\u0142a r\u00f3wnie\u017c na betonie, p\u0142ytkach i drewnie|Bezproblemowe rezultaty|Szybki i skuteczny efekt|Zmienia wygl\u0105d pomieszcze\u0144|Daje czyste wyko\u0144czenie|Wszechstronny na wielu powierzchniach|Pojemno\u015b\u0107: 450 ml<\/p>\n","protected":false},"featured_media":65038,"template":"","meta":[],"product_cat":[16,2739],"product_tag":[2755,2754,2740],"acf":[],"_links":{"self":[{"href":"https:\/\/smania.store\/pl\/wp-json\/wp\/v2\/product\/60926"}],"collection":[{"href":"https:\/\/smania.store\/pl\/wp-json\/wp\/v2\/product"}],"about":[{"href":"https:\/\/smania.store\/pl\/wp-json\/wp\/v2\/types\/product"}],"wp:featuredmedia":[{"embeddable":true,"href":"https:\/\/smania.store\/pl\/wp-json\/wp\/v2\/media\/65038"}],"wp:attachment":[{"href":"https:\/\/smania.store\/pl\/wp-json\/wp\/v2\/media?parent=60926"}],"wp:term":[{"taxonomy":"product_cat","embeddable":true,"href":"https:\/\/smania.store\/pl\/wp-json\/wp\/v2\/product_cat?post=60926"},{"taxonomy":"product_tag","embeddable":true,"href":"https:\/\/smania.store\/pl\/wp-json\/wp\/v2\/product_tag?post=60926"}],"curies":[{"name":"wp","href":"https:\/\/api.w.org\/{rel}","templated":true}]}}