{"id":59713,"date":"2024-11-07T11:57:03","date_gmt":"2024-11-07T10:57:03","guid":{"rendered":"https:\/\/smania.store\/pl\/produkt\/wydajny-uniwersalny-proszek-czyszczacy-powderwipe\/"},"modified":"2026-03-16T18:07:52","modified_gmt":"2026-03-16T17:07:52","slug":"wydajny-uniwersalny-proszek-czyszczacy-powderwipe","status":"publish","type":"product","link":"https:\/\/smania.store\/pl\/produkt\/wydajny-uniwersalny-proszek-czyszczacy-powderwipe\/","title":{"rendered":"Wydajny, uniwersalny proszek czyszcz\u0105cy PowderWipe"},"content":{"rendered":"<div class=\"smania_landing_description_title\">Nowo\u015b\u0107! Uniwersalny proszek do czyszczenia PowderWipe<\/div>\n<div class=\"smania_landing_description_txt\">Dzi\u0119ki PowderWipe Tw\u00f3j piekarnik, krany, naczynia i kuchenka zn\u00f3w b\u0119d\u0105 l\u015bni\u0107!<\/div>\n<div class=\"smania_landing_description_subtitle\">Masz do\u015b\u0107 uporczywych plam, t\u0142uszczu i przypalonego brudu? Proszek do czyszczenia PowderWipe skutecznie usuwa lepkie plamy i przywraca \u015bwie\u017cy, l\u015bni\u0105cy wygl\u0105d naczyniom i innym powierzchniom &#8211; bez wysi\u0142ku!<\/div>\n<div class=\"smania_landing_description_list\">\n<ul>\n<li>Skutecznie usuwa trudne plamy &#8211; koniec z nieko\u0144cz\u0105cym si\u0119 szorowaniem<\/li>\n<li>Odpowiedni do wszystkich rodzaj\u00f3w powierzchni: naczy\u0144, blat\u00f3w, kuchenki i nie tylko!<\/li>\n<li>Delikatna i bezpieczna formu\u0142a, wolna od szkodliwych chemikali\u00f3w<\/li>\n<li>Oszcz\u0119dno\u015b\u0107 czasu &#8211; dzia\u0142a szybko i skutecznie<\/li>\n<\/ul><\/div>\n","protected":false},"excerpt":{"rendered":"<p>\u0141atwo usuwa wieloletni t\u0142uszcz z piekarnika|Przed\u0142u\u017ca \u017cywotno\u015b\u0107 naczy\u0144 kuchennych|Bezpieczny w u\u017cyciu na r\u00f3\u017cnych powierzchniach bez \u017cadnych uszkodze\u0144|Zapakowany w wodoodporne opakowanie|Starannie opracowana, nietoksyczna, niedra\u017cni\u0105ca i niekorozyjna formu\u0142a|\u0141atwy w u\u017cyciu: we\u017a \u0142y\u017ceczk\u0119 proszku, dodaj wod\u0119, pozostaw na 10 minut, wytrzyj do czysta i sp\u0142ucz wod\u0105|Pojemno\u015b\u0107: 200 g<\/p>\n","protected":false},"featured_media":87183,"template":"","meta":[],"product_cat":[16,223,2739],"product_tag":[2740],"acf":[],"_links":{"self":[{"href":"https:\/\/smania.store\/pl\/wp-json\/wp\/v2\/product\/59713"}],"collection":[{"href":"https:\/\/smania.store\/pl\/wp-json\/wp\/v2\/product"}],"about":[{"href":"https:\/\/smania.store\/pl\/wp-json\/wp\/v2\/types\/product"}],"wp:featuredmedia":[{"embeddable":true,"href":"https:\/\/smania.store\/pl\/wp-json\/wp\/v2\/media\/87183"}],"wp:attachment":[{"href":"https:\/\/smania.store\/pl\/wp-json\/wp\/v2\/media?parent=59713"}],"wp:term":[{"taxonomy":"product_cat","embeddable":true,"href":"https:\/\/smania.store\/pl\/wp-json\/wp\/v2\/product_cat?post=59713"},{"taxonomy":"product_tag","embeddable":true,"href":"https:\/\/smania.store\/pl\/wp-json\/wp\/v2\/product_tag?post=59713"}],"curies":[{"name":"wp","href":"https:\/\/api.w.org\/{rel}","templated":true}]}}