{"id":59416,"date":"2024-11-05T08:25:03","date_gmt":"2024-11-05T07:25:03","guid":{"rendered":"https:\/\/smania.store\/pl\/produkt\/spray-przeciwmgielny-i-przeciw-roszeniu-fogless-pro\/"},"modified":"2026-01-01T11:44:08","modified_gmt":"2026-01-01T10:44:08","slug":"spray-przeciwmgielny-i-przeciw-roszeniu-fogless-pro","status":"publish","type":"product","link":"https:\/\/smania.store\/pl\/produkt\/spray-przeciwmgielny-i-przeciw-roszeniu-fogless-pro\/","title":{"rendered":"Spray przeciwmgielny i przeciw roszeniu FOGLESS PRO"},"content":{"rendered":"<div class=\"smania_landing_description_title\">FOGLESS PRO &#8211; d\u0142ugotrwa\u0142a czysto\u015b\u0107 i wyra\u017ane widzenie<\/div>\n<div class=\"smania_landing_description_txt\">Zapomnij o zaparowanych okularach, zaparowanych szybach i zaparowanych szybach samochodowych podczas jazdy<\/div>\n<div class=\"smania_landing_description_subtitle\">Zachowaj krystaliczn\u0105 czysto\u015b\u0107 szyb i g\u0142adkich powierzchni zawsze, gdy tego potrzebujesz! Zaawansowana formu\u0142a FOGLESS PRO zapewnia d\u0142ugotrwa\u0142\u0105 ochron\u0119 przed zaparowaniem i kondensacj\u0105, dzi\u0119ki czemu zawsze b\u0119dziesz widzie\u0107 wyra\u017anie &#8211; bez rozpraszaj\u0105cych kropli i zaparowania.<\/div>\n<div class=\"smania_landing_description_list\">\n<ul>\n<li>Odpowiedni do \u0142azienek, samochod\u00f3w, okular\u00f3w, okien <\/li>\n<li>Skuteczna formu\u0142a zapobiegaj\u0105ca gromadzeniu si\u0119 wilgoci i rosy <\/li>\n<li>Jedna aplikacja wystarcza na d\u0142u\u017cej i zapewnia lepsze widzenie<\/li>\n<li>Ciesz si\u0119 lepszym widzeniem i nieskaziteln\u0105 przejrzysto\u015bci\u0105 &#8211; w ka\u017cdej sytuacji<\/li>\n<\/ul><\/div>\n","protected":false},"excerpt":{"rendered":"<p>Zapewnia d\u0142ugotrwa\u0142\u0105 przejrzysto\u015b\u0107 i wyra\u017ane widzenie|Silna formu\u0142a tworzy niewidzialn\u0105 barier\u0119 na powierzchni, zapobiegaj\u0105c kondensacji i gromadzeniu si\u0119 kropel.|Ca\u0142kowicie bezpieczny w u\u017cyciu, nie pozostawia \u015blad\u00f3w i nie uszkadza powierzchni|Pojemno\u015b\u0107: 300 ml|Nadaje si\u0119 do wszystkich rodzaj\u00f3w szk\u0142a: szyby samochodowe, okna, okulary, szk\u0142o \u0142azienkowe\/lustra, lornetki itp.|Spos\u00f3b u\u017cycia: oczy\u015bci\u0107 powierzchni\u0119, nanie\u015b\u0107 produkt z odleg\u0142o\u015bci 30 cm, r\u00f3wnomiernie rozprowadzi\u0107, pozostawi\u0107 do wyschni\u0119cia na 30 minut &#8211; i gotowe!<\/p>\n","protected":false},"featured_media":64944,"template":"","meta":[],"product_cat":[16,18,2739],"product_tag":[1500,1527,2741,2740],"acf":[],"_links":{"self":[{"href":"https:\/\/smania.store\/pl\/wp-json\/wp\/v2\/product\/59416"}],"collection":[{"href":"https:\/\/smania.store\/pl\/wp-json\/wp\/v2\/product"}],"about":[{"href":"https:\/\/smania.store\/pl\/wp-json\/wp\/v2\/types\/product"}],"wp:featuredmedia":[{"embeddable":true,"href":"https:\/\/smania.store\/pl\/wp-json\/wp\/v2\/media\/64944"}],"wp:attachment":[{"href":"https:\/\/smania.store\/pl\/wp-json\/wp\/v2\/media?parent=59416"}],"wp:term":[{"taxonomy":"product_cat","embeddable":true,"href":"https:\/\/smania.store\/pl\/wp-json\/wp\/v2\/product_cat?post=59416"},{"taxonomy":"product_tag","embeddable":true,"href":"https:\/\/smania.store\/pl\/wp-json\/wp\/v2\/product_tag?post=59416"}],"curies":[{"name":"wp","href":"https:\/\/api.w.org\/{rel}","templated":true}]}}