{"id":56345,"date":"2024-09-04T13:09:09","date_gmt":"2024-09-04T11:09:09","guid":{"rendered":"https:\/\/smania.store\/pl\/produkt\/srodek-do-usuwania-rdzy-remove-rust\/"},"modified":"2026-03-12T15:06:51","modified_gmt":"2026-03-12T14:06:51","slug":"srodek-do-usuwania-rdzy-remove-rust","status":"publish","type":"product","link":"https:\/\/smania.store\/pl\/produkt\/srodek-do-usuwania-rdzy-remove-rust\/","title":{"rendered":"\u015arodek do usuwania rdzy Remove Rust"},"content":{"rendered":"<div class=\"smania_landing_description_title\">NOWO\u015a\u0106! Remove Rust \u2013 Przywr\u00f3\u0107 \u017cycie swoim metalowym przedmiotom<\/div>\n<div class=\"smania_landing_description_txt\">Skuteczne usuwanie rdzy bez wysi\u0142ku<\/div>\n<div class=\"smania_landing_description_subtitle\">Czy masz metalowe przedmioty, kt\u00f3re straci\u0142y swoj\u0105 warto\u015b\u0107 i pi\u0119kno z powodu rdzy? Ten wyj\u0105tkowo skuteczny \u015brodek do usuwania rdzy przywr\u00f3ci metalowe powierzchnie do ich pierwotnego stanu, bez konieczno\u015bci kosztownego i czasoch\u0142onnego szlifowania lub piaskowania.<\/div>\n<div class=\"smania_landing_description_list\">\n<ul>\n<li>\u0141atwe usuwanie rdzy: Dzi\u0119ki Remove Rust szybko i skutecznie usuniesz rdz\u0119 z metalowych powierzchni, nie uszkadzaj\u0105c materia\u0142u<\/li>\n<li>Odbudowa i ochrona: Przywr\u00f3\u0107 swoim metalowym przedmiotom ich pierwotny wygl\u0105d i zapewnij im d\u0142ugotrwa\u0142\u0105 ochron\u0119 przed przysz\u0142\u0105 korozj\u0105<\/li>\n<li>Wszechstronne zastosowanie: Doskona\u0142e do stosowania na samochodach, ogrodzeniach, narz\u0119dziach i innych metalowych przedmiotach<\/li>\n<li>Bezpieczny i \u0142atwy w u\u017cyciu: Nietoksyczna formu\u0142a bez szkodliwych opar\u00f3w umo\u017cliwia bezpieczne stosowanie zar\u00f3wno w pomieszczeniach, jak i na zewn\u0105trz<\/li>\n<\/ul><\/div>\n","protected":false},"excerpt":{"rendered":"<p>Szybkie dzia\u0142anie: Skutecznie usuwa rdz\u0119 i brud bez konieczno\u015bci intensywnego szorowania|D\u0142ugotrwa\u0142a ochrona: Tworzy barier\u0119 ochronn\u0105, kt\u00f3ra zapobiega dalszej korozji|\u0141atwe u\u017cycie: Wystarczy na\u0142o\u017cy\u0107, poczeka\u0107, a\u017c zadzia\u0142a, i przetrze\u0107|Przyjazny dla \u015brodowiska: Nietoksyczna formu\u0142a bez szkodliwych opar\u00f3w i niebezpiecznych chemikali\u00f3w|Pojemno\u015b\u0107: 200 ml, wystarczaj\u0105cy na wiele zastosowa\u0144|Wszechstronne zastosowanie: Nadaje si\u0119 do wszystkich metalowych powierzchni, od podwozi samochod\u00f3w po narz\u0119dzia|Szybkie schni\u0119cie: Powierzchnia schnie w 20 minut, gotowa do na\u0142o\u017cenia nowej pow\u0142oki|Nietoksyczna formu\u0142a: Bezpieczny do u\u017cycia w domu i na zewn\u0105trz, bez szkodliwych emisji<\/p>\n","protected":false},"featured_media":64996,"template":"","meta":[],"product_cat":[16,18,2739],"product_tag":[2484,1500,2740],"acf":[],"_links":{"self":[{"href":"https:\/\/smania.store\/pl\/wp-json\/wp\/v2\/product\/56345"}],"collection":[{"href":"https:\/\/smania.store\/pl\/wp-json\/wp\/v2\/product"}],"about":[{"href":"https:\/\/smania.store\/pl\/wp-json\/wp\/v2\/types\/product"}],"wp:featuredmedia":[{"embeddable":true,"href":"https:\/\/smania.store\/pl\/wp-json\/wp\/v2\/media\/64996"}],"wp:attachment":[{"href":"https:\/\/smania.store\/pl\/wp-json\/wp\/v2\/media?parent=56345"}],"wp:term":[{"taxonomy":"product_cat","embeddable":true,"href":"https:\/\/smania.store\/pl\/wp-json\/wp\/v2\/product_cat?post=56345"},{"taxonomy":"product_tag","embeddable":true,"href":"https:\/\/smania.store\/pl\/wp-json\/wp\/v2\/product_tag?post=56345"}],"curies":[{"name":"wp","href":"https:\/\/api.w.org\/{rel}","templated":true}]}}