{"id":56271,"date":"2024-09-04T12:47:45","date_gmt":"2024-09-04T10:47:45","guid":{"rendered":"https:\/\/smania.store\/pl\/produkt\/wosk-pszczeli-do-drewna-bee-wax\/"},"modified":"2026-04-16T16:32:27","modified_gmt":"2026-04-16T14:32:27","slug":"wosk-pszczeli-do-drewna-bee-wax","status":"publish","type":"product","link":"https:\/\/smania.store\/pl\/produkt\/wosk-pszczeli-do-drewna-bee-wax\/","title":{"rendered":"Wosk pszczeli do drewna Bee Wax"},"content":{"rendered":"<div class=\"smania_landing_description_title\">NOWO\u015a\u0106! Bee Wax \u2013 Przywr\u00f3\u0107 blask swojemu drewnianemu meblowi<\/div>\n<div class=\"smania_landing_description_txt\">Przywr\u00f3\u0107 \u017cycie swoim drewnianym meblom!<\/div>\n<div class=\"smania_landing_description_subtitle\">Masz do\u015b\u0107 nudnego i zu\u017cytego wygl\u0105du swoich starych drewnianych mebli? Bee Wax to wspania\u0142y \u015brodek do polerowania, kt\u00f3ry przywr\u00f3ci blask i naturalne pi\u0119kno twoim meblom. Nie musisz pozbywa\u0107 si\u0119 starych mebli \u2013 dzi\u0119ki temu woskowi b\u0119d\u0105 wygl\u0105da\u0107 jak nowe. Pojemno\u015b\u0107 150 ml wystarcza na pokrycie do 8 m\u00b2 powierzchni drewnianych, co sprawia, \u017ce jest idealny do odnowienia twoich ulubionych przedmiot\u00f3w.<\/div>\n<div class=\"smania_landing_description_list\">\n<ul>\n<li>Przywraca blask: O\u017cywia drewniane powierzchnie i przywraca im naturalny po\u0142ysk, sprawiaj\u0105c, \u017ce meble wygl\u0105daj\u0105 jak nowe<\/li>\n<li>\u0141atwy w u\u017cyciu: Szybka i prosta aplikacja, kt\u00f3ra nada twoim meblom d\u0142ugotrwa\u0142y blask i ochron\u0119<\/li>\n<li>Ochrona przed zarysowaniami: Chroni drewno przed uszkodzeniami i zapobiega zarysowaniom<\/li>\n<li>Ochrona wodoodporna: Tworzy wodoodporn\u0105 barier\u0119, kt\u00f3ra chroni meble przed wilgoci\u0105<\/li>\n<li>Nietoksyczny i bezpieczny: Zawiera wosk pszczeli, kt\u00f3ry jest bezpieczny w u\u017cyciu, nietoksyczny i delikatny dla sk\u00f3ry<\/li>\n<\/ul><\/div>\n","protected":false},"excerpt":{"rendered":"<p>Odnawianie drewna: Przywraca drewniane meble do ich naturalnego stanu, z blaskiem i ochron\u0105|D\u0142ugotrwa\u0142a ochrona: Zapobiega uszkodzeniom i chroni powierzchnie drewniane przed wilgoci\u0105 i zarysowaniami|Wszechstronne zastosowanie: Idealny do drewnianych pod\u0142\u00f3g, sto\u0142\u00f3w, krzese\u0142, drzwi i innych drewnianych mebli|Bezpieczny w u\u017cyciu: Nietoksyczna formu\u0142a z woskiem pszczelim, odpowiednia dla dom\u00f3w z dzie\u0107mi i zwierz\u0119tami|Pojemno\u015b\u0107: 150 ml, wystarcza na pokrycie do 8 m\u00b2 powierzchni drewnianych|Formu\u0142a z woskiem pszczelim: Naturalny sk\u0142ad, kt\u00f3ry od\u017cywia i chroni drewno|\u0141atwy w u\u017cyciu: Wystarczy na\u0142o\u017cy\u0107 mi\u0119kk\u0105 \u015bciereczk\u0105 i cieszy\u0107 si\u0119 odnowionym blaskiem|Nietoksyczny: Wosk jest bezpieczny do u\u017cytku wewn\u0119trznego, bez szkodliwych chemikali\u00f3w<\/p>\n","protected":false},"featured_media":65199,"template":"","meta":[],"product_cat":[16,2739],"product_tag":[2484],"acf":[],"_links":{"self":[{"href":"https:\/\/smania.store\/pl\/wp-json\/wp\/v2\/product\/56271"}],"collection":[{"href":"https:\/\/smania.store\/pl\/wp-json\/wp\/v2\/product"}],"about":[{"href":"https:\/\/smania.store\/pl\/wp-json\/wp\/v2\/types\/product"}],"wp:featuredmedia":[{"embeddable":true,"href":"https:\/\/smania.store\/pl\/wp-json\/wp\/v2\/media\/65199"}],"wp:attachment":[{"href":"https:\/\/smania.store\/pl\/wp-json\/wp\/v2\/media?parent=56271"}],"wp:term":[{"taxonomy":"product_cat","embeddable":true,"href":"https:\/\/smania.store\/pl\/wp-json\/wp\/v2\/product_cat?post=56271"},{"taxonomy":"product_tag","embeddable":true,"href":"https:\/\/smania.store\/pl\/wp-json\/wp\/v2\/product_tag?post=56271"}],"curies":[{"name":"wp","href":"https:\/\/api.w.org\/{rel}","templated":true}]}}