{"id":56260,"date":"2024-09-04T12:47:02","date_gmt":"2024-09-04T10:47:02","guid":{"rendered":"https:\/\/smania.store\/pl\/produkt\/pasta-do-naprawy-ceramiki-ultra-paste\/"},"modified":"2026-05-10T19:10:00","modified_gmt":"2026-05-10T17:10:00","slug":"pasta-do-naprawy-ceramiki-ultra-paste","status":"publish","type":"product","link":"https:\/\/smania.store\/pl\/produkt\/pasta-do-naprawy-ceramiki-ultra-paste\/","title":{"rendered":"Pasta do naprawy ceramiki Ultra Paste"},"content":{"rendered":"<div class=\"smania_landing_description_title\">NOWO\u015a\u0106! Ultra Paste \u2013 Proste rozwi\u0105zanie do naprawy ceramiki<\/div>\n<div class=\"smania_landing_description_txt\">Napraw uszkodzon\u0105 ceramik\u0119 w mgnieniu oka!<\/div>\n<div class=\"smania_landing_description_subtitle\">Masz do\u015b\u0107 \u017cycia z p\u0119kni\u0119ciami i uszkodzeniami na swoich ulubionych ceramicznych przedmiotach? Z Ultra Paste tw\u00f3j problem zostanie rozwi\u0105zany szybciej, ni\u017c my\u015blisz. Ta niezwykle skuteczna pasta jest zaprojektowana do naprawy wyszczerbionych p\u0142ytek, z\u0142amanych kraw\u0119dzi i p\u0119kni\u0119tej ceramiki, zapewniaj\u0105c doskona\u0142y rezultat ju\u017c po jednej aplikacji.<\/div>\n<div class=\"smania_landing_description_list\">\n<ul>\n<li>Szybka i \u0142atwa naprawa: Przywr\u00f3\u0107 uszkodzon\u0105 ceramik\u0119 w zaledwie kilka minut dzi\u0119ki jednej prostej aplikacji<\/li>\n<li>Idealne dopasowanie: Pasta idealnie komponuje si\u0119 z kolorem i faktur\u0105 twojej ceramiki, sprawiaj\u0105c, \u017ce naprawy staj\u0105 si\u0119 niewidoczne<\/li>\n<li>Uniwersalne zastosowanie: Idealna do wszystkich rodzaj\u00f3w powierzchni ceramicznych \u2013 od p\u0142ytek po fili\u017canki i wazony<\/li>\n<li>Oszcz\u0119dza czas i pieni\u0105dze: Uniknij kosztownych wymian i d\u0142ugotrwa\u0142ych napraw dzi\u0119ki prostej i skutecznej Ultra Paste<\/li>\n<li>Trwa\u0142e rozwi\u0105zanie: Po wyschni\u0119ciu naprawa jest solidna i odporna na codzienne u\u017cytkowanie<\/li>\n<\/ul><\/div>\n","protected":false},"excerpt":{"rendered":"<p>Idealne wype\u0142nienie: Pasta skutecznie wype\u0142nia wszystkie p\u0119kni\u0119cia, wyszczerbione kraw\u0119dzie i otwory|Szybkie schni\u0119cie: Naprawy s\u0105 trwa\u0142e ju\u017c po 10 minutach|Wodoodporno\u015b\u0107: Po naprawie powierzchnia b\u0119dzie odporna na wod\u0119 i inne p\u0142yny|Niewidoczne naprawy: Pasta idealnie komponuje si\u0119 z twoj\u0105 ceramik\u0105, nie pozostawiaj\u0105c widocznych \u015blad\u00f3w|Obj\u0119to\u015b\u0107: 100 g, wystarczaj\u0105ca na wiele napraw|Wysokiej jako\u015bci formu\u0142a: Zaprojektowana z my\u015bl\u0105 o trwa\u0142o\u015bci i wytrzyma\u0142o\u015bci|\u0141atwa w u\u017cyciu: Wystarczy wymiesza\u0107, na\u0142o\u017cy\u0107 i wyg\u0142adzi\u0107|Uniwersalna: Odpowiednia do p\u0142ytek, porcelany, przedmiot\u00f3w szklanych i wielu innych|UWAGA: produkt nadaje si\u0119 tylko do bia\u0142ej ceramiki<\/p>\n","protected":false},"featured_media":80099,"template":"","meta":[],"product_cat":[16,2739],"product_tag":[2484,1527,2754],"acf":[],"_links":{"self":[{"href":"https:\/\/smania.store\/pl\/wp-json\/wp\/v2\/product\/56260"}],"collection":[{"href":"https:\/\/smania.store\/pl\/wp-json\/wp\/v2\/product"}],"about":[{"href":"https:\/\/smania.store\/pl\/wp-json\/wp\/v2\/types\/product"}],"wp:featuredmedia":[{"embeddable":true,"href":"https:\/\/smania.store\/pl\/wp-json\/wp\/v2\/media\/80099"}],"wp:attachment":[{"href":"https:\/\/smania.store\/pl\/wp-json\/wp\/v2\/media?parent=56260"}],"wp:term":[{"taxonomy":"product_cat","embeddable":true,"href":"https:\/\/smania.store\/pl\/wp-json\/wp\/v2\/product_cat?post=56260"},{"taxonomy":"product_tag","embeddable":true,"href":"https:\/\/smania.store\/pl\/wp-json\/wp\/v2\/product_tag?post=56260"}],"curies":[{"name":"wp","href":"https:\/\/api.w.org\/{rel}","templated":true}]}}