{"id":56229,"date":"2024-09-04T12:45:49","date_gmt":"2024-09-04T10:45:49","guid":{"rendered":"https:\/\/smania.store\/pl\/produkt\/wodoodporny-uszczelniacz-leak-stop-clear-xl\/"},"modified":"2026-05-01T07:10:44","modified_gmt":"2026-05-01T05:10:44","slug":"wodoodporny-uszczelniacz-leak-stop-clear-xl","status":"publish","type":"product","link":"https:\/\/smania.store\/pl\/produkt\/wodoodporny-uszczelniacz-leak-stop-clear-xl\/","title":{"rendered":"Wodoodporny uszczelniacz Leak Stop Clear XL"},"content":{"rendered":"<div class=\"smania_landing_description_title\">NOWO\u015a\u0106! Doskona\u0142a wodoodporna ochrona dla wszystkich powierzchni<\/div>\n<div class=\"smania_landing_description_txt\">Naprawa p\u0119kni\u0119\u0107 w jednym prostym kroku<\/div>\n<div class=\"smania_landing_description_subtitle\">Ten innowacyjny, przezroczysty uszczelniacz umo\u017cliwia szybk\u0105 napraw\u0119 p\u0119kni\u0119\u0107 i dziur oraz ochron\u0119 przed wilgoci\u0105 i rdz\u0105 na r\u00f3\u017cnych krytycznych powierzchniach. Nie pozw\u00f3l, aby wilgo\u0107 lub korozja uszkodzi\u0142y Tw\u00f3j dobytek &#8211; zapewnij trwa\u0142\u0105 ochron\u0119.<\/div>\n<div class=\"smania_landing_description_list\">\n<ul>\n<li>Zapewnia d\u0142ugotrwa\u0142\u0105 ochron\u0119 przed wilgoci\u0105<\/li>\n<li>Szybko wysycha i pozostaje elastyczny<\/li>\n<li>Niewidoczny na wi\u0119kszo\u015bci powierzchni<\/li>\n<li>Mo\u017ce by\u0107 stosowany na r\u00f3\u017cnych materia\u0142ach<\/li>\n<li>Nadaje si\u0119 do stosowania jako cienka pow\u0142oka i do wype\u0142niania mniejszych p\u0119kni\u0119\u0107<\/li>\n<\/ul><\/div>\n","protected":false},"excerpt":{"rendered":"<p>D\u0142ugotrwa\u0142a ochrona przed wilgoci\u0105 i rdz\u0105|Niewidoczna aplikacja zapewnia estetyczny wygl\u0105d|Szybkoschn\u0105ca i elastyczna formu\u0142a|Przydatny na powierzchniach wewn\u0119trznych i zewn\u0119trznych|P\u00f3\u0142przezroczysty kolor dla niewidocznej aplikacji|Mo\u017ce by\u0107 stosowany na r\u00f3\u017cnych materia\u0142ach, takich jak metal, beton, plastik itp.|Elastyczna aplikacja &#8211; mo\u017ce by\u0107 nak\u0142adana p\u0119dzlem, wa\u0142kiem lub bezpo\u015brednio|Odporny na ekstremalne warunki pogodowe i promienie UV|Pojemno\u015b\u0107: 300 ml, wystarcza na powierzchni\u0119 do 5 m\u00b2|UWAGA: produkt wydaje si\u0119 bia\u0142y nawet po na\u0142o\u017ceniu, ale staje si\u0119 przezroczysty po wyschni\u0119ciu<\/p>\n","protected":false},"featured_media":89573,"template":"","meta":[],"product_cat":[16,2739],"product_tag":[1503,2754],"acf":[],"_links":{"self":[{"href":"https:\/\/smania.store\/pl\/wp-json\/wp\/v2\/product\/56229"}],"collection":[{"href":"https:\/\/smania.store\/pl\/wp-json\/wp\/v2\/product"}],"about":[{"href":"https:\/\/smania.store\/pl\/wp-json\/wp\/v2\/types\/product"}],"wp:featuredmedia":[{"embeddable":true,"href":"https:\/\/smania.store\/pl\/wp-json\/wp\/v2\/media\/89573"}],"wp:attachment":[{"href":"https:\/\/smania.store\/pl\/wp-json\/wp\/v2\/media?parent=56229"}],"wp:term":[{"taxonomy":"product_cat","embeddable":true,"href":"https:\/\/smania.store\/pl\/wp-json\/wp\/v2\/product_cat?post=56229"},{"taxonomy":"product_tag","embeddable":true,"href":"https:\/\/smania.store\/pl\/wp-json\/wp\/v2\/product_tag?post=56229"}],"curies":[{"name":"wp","href":"https:\/\/api.w.org\/{rel}","templated":true}]}}