{"id":56176,"date":"2024-09-04T12:38:46","date_gmt":"2024-09-04T10:38:46","guid":{"rendered":"https:\/\/smania.store\/pl\/produkt\/srodek-do-czyszczenia-podlog-floor-max\/"},"modified":"2026-04-16T16:32:27","modified_gmt":"2026-04-16T14:32:27","slug":"srodek-do-czyszczenia-podlog-floor-max","status":"publish","type":"product","link":"https:\/\/smania.store\/pl\/produkt\/srodek-do-czyszczenia-podlog-floor-max\/","title":{"rendered":"Emulsja do pod\u0142\u00f3g Floor Max"},"content":{"rendered":"<div class=\"smania_landing_description_title\">NOWO\u015a\u0106! Floor Max &#8211; Perfekcyjna czysto\u015b\u0107 dla wszystkich powierzchni pod\u0142ogowych<\/div>\n<div class=\"smania_landing_description_txt\">D\u0142ugotrwa\u0142a czysto\u015b\u0107 i ochrona dla wszystkich powierzchni pod\u0142ogowych<\/div>\n<div class=\"smania_landing_description_subtitle\">Chcesz, aby twoje pod\u0142ogi l\u015bni\u0142y pe\u0142nym blaskiem, niezale\u017cnie od rodzaju powierzchni? Floor Max to niezwykle skuteczny \u015brodek czyszcz\u0105cy, zaprojektowany do g\u0142\u0119bokiego czyszczenia i odnowy wszystkich typ\u00f3w powierzchni pod\u0142ogowych. Usuwa uporczywe plamy, brud i t\u0142uszcz, jednocze\u015bnie utrzymuj\u0105c pod\u0142ogi l\u015bni\u0105ce i \u015bwie\u017ce. Floor Max to idealny wyb\u00f3r zar\u00f3wno dla dom\u00f3w, jak i przestrzeni komercyjnych, zapewniaj\u0105cy d\u0142ugotrwa\u0142\u0105 czysto\u015b\u0107 i ochron\u0119.<\/div>\n<div class=\"smania_landing_description_list\">\n<ul>\n<li>Wszechstronne zastosowanie: Nadaje si\u0119 do wi\u0119kszo\u015bci rodzaj\u00f3w pod\u0142\u00f3g, takich jak uszczelnione pod\u0142ogi drewniane, winylowe, syntetyczne, kamienne i korkowe<\/li>\n<li>Wyj\u0105tkowa moc czyszczenia: Szybko usuwa plamy i brud, nie uszkadzaj\u0105c powierzchni<\/li>\n<li>\u0141atwy w u\u017cyciu: Wystarczy na\u0142o\u017cy\u0107 i przetrze\u0107 \u2013 twoje pod\u0142ogi b\u0119d\u0105 wygl\u0105da\u0107 jak nowe<\/li>\n<li>\u015awie\u017cy zapach: Pozostawia przyjemny i d\u0142ugotrwa\u0142y \u015bwie\u017cy zapach<\/li>\n<li>D\u0142ugotrwa\u0142a ochrona: Tworzy warstw\u0119 ochronn\u0105, kt\u00f3ra pomaga zapobiega\u0107 ponownemu osadzaniu si\u0119 brudu<\/li>\n<\/ul><\/div>\n","protected":false},"excerpt":{"rendered":"<p>G\u0142\u0119bokie czyszczenie: Skutecznie usuwa brud i plamy z powierzchni pod\u0142ogowych|D\u0142ugotrwa\u0142a \u015bwie\u017co\u015b\u0107: Pozostawia d\u0142ugotrwa\u0142y \u015bwie\u017cy zapach i blask|Idealny do wszystkich typ\u00f3w powierzchni pod\u0142ogowych, w tym delikatnych materia\u0142\u00f3w|Szybki i \u0142atwy w u\u017cyciu, bez potrzeby p\u0142ukania|Pojemno\u015b\u0107: 500 ml, wystarczaj\u0105ca na wiele zastosowa\u0144|Ekologiczny: Formu\u0142a bez szkodliwych chemikali\u00f3w|Nadaje si\u0119 do wi\u0119kszo\u015bci rodzaj\u00f3w pod\u0142\u00f3g, takich jak uszczelnione pod\u0142ogi drewniane, winylowe, syntetyczne, kamienne i korkowe|Szybkie schni\u0119cie: Powierzchnie szybko schn\u0105 po czyszczeniu i s\u0105 bezpieczne w u\u017cytkowaniu<\/p>\n","protected":false},"featured_media":89614,"template":"","meta":[],"product_cat":[16,2739],"product_tag":[2484,2740],"acf":[],"_links":{"self":[{"href":"https:\/\/smania.store\/pl\/wp-json\/wp\/v2\/product\/56176"}],"collection":[{"href":"https:\/\/smania.store\/pl\/wp-json\/wp\/v2\/product"}],"about":[{"href":"https:\/\/smania.store\/pl\/wp-json\/wp\/v2\/types\/product"}],"wp:featuredmedia":[{"embeddable":true,"href":"https:\/\/smania.store\/pl\/wp-json\/wp\/v2\/media\/89614"}],"wp:attachment":[{"href":"https:\/\/smania.store\/pl\/wp-json\/wp\/v2\/media?parent=56176"}],"wp:term":[{"taxonomy":"product_cat","embeddable":true,"href":"https:\/\/smania.store\/pl\/wp-json\/wp\/v2\/product_cat?post=56176"},{"taxonomy":"product_tag","embeddable":true,"href":"https:\/\/smania.store\/pl\/wp-json\/wp\/v2\/product_tag?post=56176"}],"curies":[{"name":"wp","href":"https:\/\/api.w.org\/{rel}","templated":true}]}}