{"id":56143,"date":"2024-09-04T12:22:18","date_gmt":"2024-09-04T10:22:18","guid":{"rendered":"https:\/\/smania.store\/pl\/produkt\/srodek-do-czyszczenia-nawierzchni-viva-vex\/"},"modified":"2026-04-15T17:31:13","modified_gmt":"2026-04-15T15:31:13","slug":"srodek-do-czyszczenia-nawierzchni-viva-vex","status":"publish","type":"product","link":"https:\/\/smania.store\/pl\/produkt\/srodek-do-czyszczenia-nawierzchni-viva-vex\/","title":{"rendered":"\u015arodek do czyszczenia nawierzchni Viva Vex"},"content":{"rendered":"<div class=\"smania_landing_description_title\">NOWO\u015a\u0106! Viva Vex &#8211; \u0142atwe czyszczenie, doskona\u0142e rezultaty<\/div>\n<div class=\"smania_landing_description_txt\">Idealne narz\u0119dzie do nieskazitelnie czystego podw\u00f3rka<\/div>\n<div class=\"smania_landing_description_subtitle\">Czy chcesz, aby Twoje patio, \u015bcie\u017cki ogrodowe lub podjazd zn\u00f3w l\u015bni\u0142y jak nowe? Dzi\u0119ki Viva Vex szybko i skutecznie usuniesz wszystkie uporczywe plamy, \u015blady t\u0142uszczu, glony, ple\u015b\u0144 i osady mineralne. Ta niezwykle silna formu\u0142a zosta\u0142a specjalnie zaprojektowana do czyszczenia r\u00f3\u017cnych powierzchni, a jednocze\u015bnie jest wystarczaj\u0105co delikatna, aby nie uszkodzi\u0107 cennej kostki brukowej.<\/div>\n<div class=\"smania_landing_description_list\">\n<ul>\n<li>\u0141atwe usuwanie plam: po\u017cegnaj si\u0119 z uporczywymi plamami, osadami t\u0142uszczu i glonami przy minimalnym wysi\u0142ku<\/li>\n<li>Wszechstronno\u015b\u0107: Odpowiedni do granitu, marmuru, piaskowca, ceramiki i nie tylko<\/li>\n<li>Doskona\u0142e rezultaty: Viva Vex zapewnia, \u017ce patio lub podw\u00f3rko b\u0119dzie wygl\u0105da\u0107 jak nowe, niezale\u017cnie od wieku kostki brukowej<\/li>\n<li>Bezpieczny w u\u017cyciu: Chocia\u017c jest silny w walce z brudem, jest bezpieczny dla powierzchni, je\u015bli jest u\u017cywany prawid\u0142owo<\/li>\n<li>Oszcz\u0119dno\u015b\u0107 czasu i wysi\u0142ku: Szybkie i \u0142atwe czyszczenie, bez konieczno\u015bci pracoch\u0142onnego szorowania<\/li>\n<\/ul><\/div>\n","protected":false},"excerpt":{"rendered":"<p>Wyj\u0105tkowa moc czyszczenia: Szybko usuwa nawet najtrudniejsze plamy i osady|Odpowiedni do r\u00f3\u017cnych materia\u0142\u00f3w: U\u017cywaj go na granicie, marmurze, piaskowcu i innych kamieniach naturalnych|\u0141atwy w u\u017cyciu: Wystarczy na\u0142o\u017cy\u0107, odczeka\u0107 i sp\u0142uka\u0107, aby uzyska\u0107 pi\u0119kne rezultaty|Delikatny dla powierzchni: Silny wobec brudu, ale delikatny dla kostki brukowej|Pojemno\u015b\u0107: 500 ml, wystarczaj\u0105ca do wi\u0119kszych powierzchni|Szybkie dzia\u0142anie: Skuteczne czyszczenie bez d\u0142ugiego czasu oczekiwania|Wszechstronno\u015b\u0107: Idealny do taras\u00f3w, podjazd\u00f3w, \u015bcie\u017cek ogrodowych i wszystkich zewn\u0119trznych powierzchni kamiennych|Przyjazny dla \u015brodowiska: Formu\u0142a bez szkodliwych chemikali\u00f3w, przyjazna dla \u015brodowiska i otoczenia<\/p>\n","protected":false},"featured_media":89639,"template":"","meta":[],"product_cat":[16,2739],"product_tag":[1503,2740],"acf":[],"_links":{"self":[{"href":"https:\/\/smania.store\/pl\/wp-json\/wp\/v2\/product\/56143"}],"collection":[{"href":"https:\/\/smania.store\/pl\/wp-json\/wp\/v2\/product"}],"about":[{"href":"https:\/\/smania.store\/pl\/wp-json\/wp\/v2\/types\/product"}],"wp:featuredmedia":[{"embeddable":true,"href":"https:\/\/smania.store\/pl\/wp-json\/wp\/v2\/media\/89639"}],"wp:attachment":[{"href":"https:\/\/smania.store\/pl\/wp-json\/wp\/v2\/media?parent=56143"}],"wp:term":[{"taxonomy":"product_cat","embeddable":true,"href":"https:\/\/smania.store\/pl\/wp-json\/wp\/v2\/product_cat?post=56143"},{"taxonomy":"product_tag","embeddable":true,"href":"https:\/\/smania.store\/pl\/wp-json\/wp\/v2\/product_tag?post=56143"}],"curies":[{"name":"wp","href":"https:\/\/api.w.org\/{rel}","templated":true}]}}