{"id":29926,"date":"2022-05-11T12:51:52","date_gmt":"2022-05-11T10:51:52","guid":{"rendered":"https:\/\/smania.store\/pl\/produkt\/automatyczny-kierunkowskaz-rowerowy-leftright\/"},"modified":"2024-06-17T09:04:54","modified_gmt":"2024-06-17T07:04:54","slug":"automatyczny-kierunkowskaz-rowerowy-leftright","status":"publish","type":"product","link":"https:\/\/smania.store\/pl\/produkt\/automatyczny-kierunkowskaz-rowerowy-leftright\/","title":{"rendered":"Automatyczny kierunkowskaz rowerowy LeftRight"},"content":{"rendered":"<div class=\"smania_landing_description_title\">Nowo\u015b\u0107 w naszym sklepie! Automatyczny kierunkowskaz rowerowy LeftRight<\/div>\n<div class=\"smania_landing_description_txt\">Bezpiecze\u0144stwo na drodze jest zawsze najwa\u017cniejsze!<\/div>\n<div class=\"smania_landing_description_subtitle\">Aby wzmocni\u0107 bezpiecze\u0144stwo i zwi\u0119kszy\u0107 Twoje poczucie pewno\u015bci na drodze wybierz automatyczny kierunkowskaz rowerowy LeftRight i jed\u017a bezpiecznie! Jest on nie tylko \u0142atwy w u\u017cyciu, ale r\u00f3wnie\u017c niezwykle praktyczny!<\/div>\n<div class=\"smania_landing_description_list\">\n<ul>\n<li>Zapewnia wyra\u017ane ostrze\u017cenie wizualne, kt\u00f3re wskazuje kierunek Twojej jazdy<\/li>\n<li>Wyposa\u017cony w \u015bwiat\u0142o laserowe, kt\u00f3re pomaga kierowcom zachowa\u0107 bezpieczn\u0105 odleg\u0142o\u015b\u0107<\/li>\n<li>Kompaktowy rozmiar pozwala na przymocowanie urz\u0105dzenia do ka\u017cdego roweru<\/li>\n<li>Mo\u017ce by\u0107 r\u00f3wnie\u017c u\u017cywany jako \u015bwiat\u0142o tylne <\/li>\n<li>\u0141atwy monta\u017c dzi\u0119ki elastycznemu i trwa\u0142emu paskowi silikonowemu<\/li>\n<\/ul><\/div>\n","protected":false},"excerpt":{"rendered":"<p>Poprawia rozpoznawalno\u015b\u0107 rowerzysty|Praktyczny i bardzo bezpieczny|Pasuje do ka\u017cdego roweru i jest \u0142atwy w monta\u017cu|Kompaktowy i przeno\u015bny|Automatyczny czujnik|Moc 80 lumen\u00f3w z 64 diod LED|\u0141adowanie przez kabel USB (w zestawie)|\u0141adowalna bateria 1200 mAh|Wodoodporny i wytrzyma\u0142y|Materia\u0142: ABS i silikon<\/p>\n","protected":false},"featured_media":29917,"template":"","meta":[],"product_cat":[2346,2419,2225,21,2462],"product_tag":[2015],"acf":[],"_links":{"self":[{"href":"https:\/\/smania.store\/pl\/wp-json\/wp\/v2\/product\/29926"}],"collection":[{"href":"https:\/\/smania.store\/pl\/wp-json\/wp\/v2\/product"}],"about":[{"href":"https:\/\/smania.store\/pl\/wp-json\/wp\/v2\/types\/product"}],"wp:featuredmedia":[{"embeddable":true,"href":"https:\/\/smania.store\/pl\/wp-json\/wp\/v2\/media\/29917"}],"wp:attachment":[{"href":"https:\/\/smania.store\/pl\/wp-json\/wp\/v2\/media?parent=29926"}],"wp:term":[{"taxonomy":"product_cat","embeddable":true,"href":"https:\/\/smania.store\/pl\/wp-json\/wp\/v2\/product_cat?post=29926"},{"taxonomy":"product_tag","embeddable":true,"href":"https:\/\/smania.store\/pl\/wp-json\/wp\/v2\/product_tag?post=29926"}],"curies":[{"name":"wp","href":"https:\/\/api.w.org\/{rel}","templated":true}]}}