{"id":26441,"date":"2021-10-20T09:22:11","date_gmt":"2021-10-20T07:22:11","guid":{"rendered":"https:\/\/smania.store\/pl\/produkt\/bandana-drey\/"},"modified":"2026-01-03T11:23:11","modified_gmt":"2026-01-03T10:23:11","slug":"bandana-drey","status":"publish","type":"product","link":"https:\/\/smania.store\/pl\/produkt\/bandana-drey\/","title":{"rendered":"Bandana Drey"},"content":{"rendered":"<div class=\"smania_landing_description_title\">NOWO\u015a\u0106! Bandana Drey<\/div>\n<div class=\"smania_landing_description_txt\">Odwa\u017cna bandana, kt\u00f3ra odzwierciedli Tw\u00f3j styl!<\/div>\n<div class=\"smania_landing_description_subtitle\">Niezale\u017cnie od tego, czy biegasz, je\u017adzisz na rowerze lub nartach, albo po prostu spacerujesz po mie\u015bcie, maska Drey jest w\u0142a\u015bnie tym, czego potrzebujesz, aby zapewni\u0107 sobie komfort podczas zimnych dni. Utrzymuje ciep\u0142o i chroni twarz przed wiatrem, zimnem i s\u0142o\u0144cem, jednocze\u015bnie pozwalaj\u0105c Ci wyrazi\u0107 swoje prawdziwe ja.<\/div>\n<div class=\"smania_landing_description_list\">\n<ul>\n<li>Zdumiewaj\u0105ce, dynamiczne i atrakcyjne nadruki<\/li>\n<li>Rozci\u0105gliwy i oddychaj\u0105cy materia\u0142<\/li>\n<li>Jeden rozmiar dla wszystkich <\/li>\n<li>Awangardowy wygl\u0105d miejskiego buntownika<\/li>\n<li>Opakowanie zawiera 2 sztuki<\/li>\n<\/ul><\/div>\n","protected":false},"excerpt":{"rendered":"<p>Niewiarygodnie cienki materia\u0142|Szybko wch\u0142ania pot|Nie utrudnia oddychania|Doskona\u0142y prezent|Materia\u0142: poliester|Niewiarygodnie rozci\u0105gliwy|\u0141atwe pranie|Dost\u0119pna w 6 atrakcyjnych wzorach nadruk\u00f3w<\/p>\n","protected":false},"featured_media":34783,"template":"","meta":[],"product_cat":[2419,2479,2378,2165,2225,21,2617],"product_tag":[1651,2480],"acf":[],"_links":{"self":[{"href":"https:\/\/smania.store\/pl\/wp-json\/wp\/v2\/product\/26441"}],"collection":[{"href":"https:\/\/smania.store\/pl\/wp-json\/wp\/v2\/product"}],"about":[{"href":"https:\/\/smania.store\/pl\/wp-json\/wp\/v2\/types\/product"}],"wp:featuredmedia":[{"embeddable":true,"href":"https:\/\/smania.store\/pl\/wp-json\/wp\/v2\/media\/34783"}],"wp:attachment":[{"href":"https:\/\/smania.store\/pl\/wp-json\/wp\/v2\/media?parent=26441"}],"wp:term":[{"taxonomy":"product_cat","embeddable":true,"href":"https:\/\/smania.store\/pl\/wp-json\/wp\/v2\/product_cat?post=26441"},{"taxonomy":"product_tag","embeddable":true,"href":"https:\/\/smania.store\/pl\/wp-json\/wp\/v2\/product_tag?post=26441"}],"curies":[{"name":"wp","href":"https:\/\/api.w.org\/{rel}","templated":true}]}}