{"id":24070,"date":"2021-10-06T10:48:15","date_gmt":"2021-10-06T08:48:15","guid":{"rendered":"https:\/\/smania.store\/pl\/produkt\/mini-karbownica-do-wlosow-hairwonder\/"},"modified":"2024-03-16T00:19:19","modified_gmt":"2024-03-15T23:19:19","slug":"mini-karbownica-do-wlosow-hairwonder","status":"publish","type":"product","link":"https:\/\/smania.store\/pl\/produkt\/mini-karbownica-do-wlosow-hairwonder\/","title":{"rendered":"Mini karbownica do w\u0142os\u00f3w HairWonder"},"content":{"rendered":"<div class=\"smania_landing_description_title\">NOWO\u015a\u0106! Mini karbownica do w\u0142os\u00f3w HairWonder<\/div>\n<div class=\"smania_landing_description_txt\">Stw\u00f3rz niesamowite fryzury!<\/div>\n<div class=\"smania_landing_description_subtitle\">Karbownica do w\u0142os\u00f3w HairWonder zmieni monotonny wygl\u0105d Twoich w\u0142os\u00f3w w odwa\u017cny i pe\u0142en \u017cycia. Je\u015bli zabraknie Ci pomys\u0142\u00f3w na stylizacj\u0119 w\u0142os\u00f3w, pozw\u00f3l temu niesamowitemu urz\u0105dzeniu wykona\u0107 swoj\u0105 prac\u0119, a uzyskasz wspania\u0142y wygl\u0105d, jak z salonu fryzjerskiego.<\/div>\n<div class=\"smania_landing_description_list\">\n<ul>\n<li>Ceramiczne p\u0142ytki mog\u0105 by\u0107 stosowane do wszystkich rodzaj\u00f3w i tekstur w\u0142os\u00f3w<\/li>\n<li>\u0141atwa w u\u017cyciu, z prze\u0142\u0105cznikiem ON-OFF<\/li>\n<li>P\u0142ytki o szeroko\u015bci 16 mm s\u0105 odpowiednie dla wszystkich d\u0142ugo\u015bci w\u0142os\u00f3w<\/li>\n<li>Ultracienka, antypo\u015blizgowa i \u0142atwa do trzymania konstrukcja<\/li>\n<li>Zaokr\u0105glone kraw\u0119dzie do podkr\u0119cania ko\u0144c\u00f3wek na zewn\u0105trz i wewn\u0105trz<\/li>\n<\/ul><\/div>\n","protected":false},"excerpt":{"rendered":"<p>Stw\u00f3rz r\u00f3\u017cne niesamowite fryzury|Szybka stylizacja i d\u0142ugotrwa\u0142y efekt|Ceramiczne p\u0142ytki umo\u017cliwiaj\u0105 p\u0142ynny ruch bez \u0142amania i uszkadzania w\u0142os\u00f3w|Temperatura robocza: 140\u2013220 \u00b0C|Materia\u0142: tworzywo sztuczne, ceramika|Moc znamionowa: 15\u201325 W|Wymiary: 17 \u00d7 1,8 \u00d7 2,6 cm<\/p>\n","protected":false},"featured_media":32946,"template":"","meta":[],"product_cat":[19],"product_tag":[1616,1632],"acf":[],"_links":{"self":[{"href":"https:\/\/smania.store\/pl\/wp-json\/wp\/v2\/product\/24070"}],"collection":[{"href":"https:\/\/smania.store\/pl\/wp-json\/wp\/v2\/product"}],"about":[{"href":"https:\/\/smania.store\/pl\/wp-json\/wp\/v2\/types\/product"}],"wp:featuredmedia":[{"embeddable":true,"href":"https:\/\/smania.store\/pl\/wp-json\/wp\/v2\/media\/32946"}],"wp:attachment":[{"href":"https:\/\/smania.store\/pl\/wp-json\/wp\/v2\/media?parent=24070"}],"wp:term":[{"taxonomy":"product_cat","embeddable":true,"href":"https:\/\/smania.store\/pl\/wp-json\/wp\/v2\/product_cat?post=24070"},{"taxonomy":"product_tag","embeddable":true,"href":"https:\/\/smania.store\/pl\/wp-json\/wp\/v2\/product_tag?post=24070"}],"curies":[{"name":"wp","href":"https:\/\/api.w.org\/{rel}","templated":true}]}}