{"id":22468,"date":"2021-10-06T08:05:42","date_gmt":"2021-10-06T06:05:42","guid":{"rendered":"https:\/\/smania.store\/pl\/produkt\/miekkie-siedzisko-dla-niemowlaka\/"},"modified":"2024-04-30T12:04:13","modified_gmt":"2024-04-30T10:04:13","slug":"miekkie-siedzisko-dla-niemowlaka","status":"publish","type":"product","link":"https:\/\/smania.store\/pl\/produkt\/miekkie-siedzisko-dla-niemowlaka\/","title":{"rendered":"Mi\u0119kkie siedzisko dla niemowlaka Jellybean"},"content":{"rendered":"<div class=\"smania_landing_description_title\">Praktyczne! Mi\u0119kkie siedzisko dla niemowlaka Jellybean<\/div>\n<div class=\"smania_landing_description_txt\">Nowe przygody z fotelikami Jellybean!<\/div>\n<div class=\"smania_landing_description_subtitle\">Siedziska Jellybean oferuj\u0105 niezr\u00f3wnany komfort, stabilno\u015b\u0107 i korzy\u015bci rozwojowe dla maluch\u00f3w, kt\u00f3re dopiero zaczynaj\u0105 samodzielnie siedzie\u0107. Wspieraj ich rozw\u00f3j dzi\u0119ki naszym niewiarygodnie mi\u0119kkim fotelikom i osi\u0105gnij nowy kamie\u0144 milowy w komforcie!<\/div>\n<div class=\"smania_landing_description_list\">\n<ul>\n<li>Wspomaga rozw\u00f3j mi\u0119\u015bni i kr\u0119gos\u0142upa<\/li>\n<li>Zach\u0119ca do prawid\u0142owej postawy i u\u0142o\u017cenia<\/li>\n<li>Ergonomiczna pozycja siedz\u0105ca<\/li>\n<li>Bezpieczne miejsce do samodzielnej zabawy<\/li>\n<li>Urocza wzornictwa do wyboru<\/li>\n<\/ul><\/div>\n","protected":false},"excerpt":{"rendered":"<p>Oferuje wsparcie kr\u0119gos\u0142upa |Zach\u0119ca do prawid\u0142owej pozycji siedz\u0105cej|\u0141atwe do mycia w pralce|Lekka i przeno\u015bna konstrukcja|Materia\u0142: PP i bawe\u0142na|Podk\u0142adka antypo\u015blizgowa|Wymiary: 45 \u00d7 40 \u00d7 20 cm|Odpowiednie dla niemowl\u0105t w wieku 6 miesi\u0119cy i powy\u017cej<\/p>\n","protected":false},"featured_media":44327,"template":"","meta":[],"product_cat":[17],"product_tag":[1491],"acf":[],"_links":{"self":[{"href":"https:\/\/smania.store\/pl\/wp-json\/wp\/v2\/product\/22468"}],"collection":[{"href":"https:\/\/smania.store\/pl\/wp-json\/wp\/v2\/product"}],"about":[{"href":"https:\/\/smania.store\/pl\/wp-json\/wp\/v2\/types\/product"}],"wp:featuredmedia":[{"embeddable":true,"href":"https:\/\/smania.store\/pl\/wp-json\/wp\/v2\/media\/44327"}],"wp:attachment":[{"href":"https:\/\/smania.store\/pl\/wp-json\/wp\/v2\/media?parent=22468"}],"wp:term":[{"taxonomy":"product_cat","embeddable":true,"href":"https:\/\/smania.store\/pl\/wp-json\/wp\/v2\/product_cat?post=22468"},{"taxonomy":"product_tag","embeddable":true,"href":"https:\/\/smania.store\/pl\/wp-json\/wp\/v2\/product_tag?post=22468"}],"curies":[{"name":"wp","href":"https:\/\/api.w.org\/{rel}","templated":true}]}}