{"id":31622,"date":"2026-05-08T10:56:16","date_gmt":"2026-05-08T08:56:16","guid":{"rendered":"https:\/\/smania.store\/lv\/preces\/leak-stopper-udensizturigs-hermetikis-1-kg\/"},"modified":"2026-05-08T10:56:16","modified_gmt":"2026-05-08T08:56:16","slug":"leak-stopper-udensizturigs-hermetikis-1-kg","status":"publish","type":"product","link":"https:\/\/smania.store\/lv\/preces\/leak-stopper-udensizturigs-hermetikis-1-kg\/","title":{"rendered":"LEAK STOPPER \u016adensiztur\u012bgs herm\u0113ti\u0137is (1 kg)"},"content":{"rendered":"<div class=\"smania_landing_description_title\">JAUNS! Ide\u0101la \u016bdensnecaurlaid\u012bga aizsardz\u012bba vis\u0101m virsm\u0101m<\/div>\n<div class=\"smania_landing_description_txt\">Aizz\u012bmogojiet un salabojiet jebkuru virsmu bez piep\u016bles.<\/div>\n<div class=\"smania_landing_description_subtitle\">\u0160is inovat\u012bvais caursp\u012bd\u012bgais herm\u0113ti\u0137is nodro\u0161ina ilgtsp\u0113j\u012bgu \u016bdensiztur\u012bgu aizsardz\u012bbu pret nopl\u016bd\u0113m, mitrumu un r\u016bsu. Pateicoties t\u0101 uzlabotajai, augstas viskozit\u0101tes formulai ar sp\u0113c\u012bgu pielip\u0161anu, tas garant\u0113 neredzamu, elast\u012bgu un iztur\u012bgu virsmu \u2013 ide\u0101li piem\u0113rotu gan iek\u0161telp\u0101m, gan \u0101rtelp\u0101m.<\/div>\n<div class=\"smania_landing_description_list\">\n<ul>\n<li>Nodro\u0161ina ilgsto\u0161u aizsardz\u012bbu pret mitrumu <\/li>\n<li>\u0100tri \u017e\u016bsto\u0161a un elast\u012bga formula <\/li>\n<li>Ide\u0101la met\u0101lam, betonam, fl\u012bz\u0113m, plastik\u0101ta, koksnei un cit\u0101m virsm\u0101m <\/li>\n<li>UV, siltuma un aukstuma iztur\u012bga \u2013 lieliski piem\u0113rota iek\u0161telp\u0101m un \u0101r\u0113jiem apst\u0101k\u013ciem <\/li>\n<li>1 kg sedz 10\u201313 m\u00b2, 2 kg 20\u201326 m\u00b2, 3 kg 30\u201339 m\u00b2 (atkar\u012bb\u0101 no virsmas un biezuma)<\/li>\n<\/ul><\/div>\n","protected":false},"excerpt":{"rendered":"<p>Uzlabota \u016bdensnecaurlaid\u012bga formula piln\u012bgai herm\u0113tiskumam |Neredzama apdare t\u012bram, est\u0113tiskam izskatam |\u0100tri \u017e\u016bsto\u0161a un elast\u012bga, vieglai uzkl\u0101\u0161anai |Ide\u0101li piem\u0113rota jumtiem, vannas istab\u0101m, balkoniem un teras\u0113m |Piem\u0113rota gan iek\u0161darbiem, gan \u0101ra lieto\u0161anai|Piem\u0113rots: Betons, met\u0101ls, keramikas fl\u012bzes, marmors, koks, plastmasa |Sast\u0101vs: Modific\u0113ta akrila sk\u0101be |Uzglab\u0101\u0161anas apst\u0101k\u013ci: Uzglab\u0101t v\u0113s\u0101 un saus\u0101 viet\u0101 |P\u0101rkl\u0101jums: 1 kg p\u0101rkl\u0101j 10\u201313 m\u00b2, 2 kg 20\u201326 m\u00b2, 3 kg 30\u201339 m\u00b2 (atkar\u012bb\u0101 no virsmas un biezuma) |PIEZ\u012aME: produkts p\u0113c uzkl\u0101\u0161anas izskat\u0101s balts, ta\u010du p\u0113c no\u017e\u016b\u0161anas k\u013c\u016bst caursp\u012bd\u012bgs<\/p>\n","protected":false},"featured_media":31619,"template":"","meta":[],"product_cat":[1594,2138],"product_tag":[],"acf":[],"_links":{"self":[{"href":"https:\/\/smania.store\/lv\/wp-json\/wp\/v2\/product\/31622"}],"collection":[{"href":"https:\/\/smania.store\/lv\/wp-json\/wp\/v2\/product"}],"about":[{"href":"https:\/\/smania.store\/lv\/wp-json\/wp\/v2\/types\/product"}],"wp:featuredmedia":[{"embeddable":true,"href":"https:\/\/smania.store\/lv\/wp-json\/wp\/v2\/media\/31619"}],"wp:attachment":[{"href":"https:\/\/smania.store\/lv\/wp-json\/wp\/v2\/media?parent=31622"}],"wp:term":[{"taxonomy":"product_cat","embeddable":true,"href":"https:\/\/smania.store\/lv\/wp-json\/wp\/v2\/product_cat?post=31622"},{"taxonomy":"product_tag","embeddable":true,"href":"https:\/\/smania.store\/lv\/wp-json\/wp\/v2\/product_tag?post=31622"}],"curies":[{"name":"wp","href":"https:\/\/api.w.org\/{rel}","templated":true}]}}