{"id":31585,"date":"2026-05-08T08:49:33","date_gmt":"2026-05-08T06:49:33","guid":{"rendered":"https:\/\/smania.store\/lv\/preces\/augu-meslojums-floravita\/"},"modified":"2026-05-08T08:49:33","modified_gmt":"2026-05-08T06:49:33","slug":"augu-meslojums-floravita","status":"publish","type":"product","link":"https:\/\/smania.store\/lv\/preces\/augu-meslojums-floravita\/","title":{"rendered":"Augu m\u0113slojums Floravita"},"content":{"rendered":"<div class=\"smania_landing_description_title\">JAUNUMS! Floravita &#8211; atdz\u012bviniet savus augus<\/div>\n<div class=\"smania_landing_description_txt\">Revolucion\u0101rs m\u0113slojums sp\u0113c\u012bg\u0101kiem un vesel\u012bg\u0101kiem augiem<\/div>\n<div class=\"smania_landing_description_subtitle\">Vai v\u0113laties, lai j\u016bsu augi augtu \u0101tr\u0101k, b\u016btu vesel\u012bg\u0101ki un zied\u0113tu k\u0101 nekad agr\u0101k? Floravita ir inovat\u012bvs m\u0113slojums, ko izstr\u0101d\u0101ju\u0161i lab\u0101kie eksperti, lai nodro\u0161in\u0101tu j\u016bsu augiem izcilu kop\u0161anu un veicin\u0101tu \u0101tr\u0101ku aug\u0161anu.<\/div>\n<div class=\"smania_landing_description_list\">\n<ul>\n<li>Pa\u0101trin\u0101ta izaugsme: Floravita \u013cauj augiem augt l\u012bdz pat 2 reiz\u0113m \u0101tr\u0101k nek\u0101 ar citiem tirg\u016b pieejamiem m\u0113slo\u0161anas l\u012bdzek\u013ciem<\/li>\n<li>Uzlabota uzs\u016bk\u0161an\u0101s: Veicina sak\u0146u lab\u0101ku \u016bdens un bar\u012bbas vielu uzs\u016bk\u0161anos, palielinot aug\u0161anas efektivit\u0101ti<\/li>\n<li>Aizsardz\u012bba pret kait\u0113k\u013ciem: Veido dabisku barjeru, kas atbaida kait\u0113k\u013cus, \u013caujot augiem netrauc\u0113ti augt<\/li>\n<li>Viegli lietojams: Vienk\u0101r\u0161i sajauciet ieteikto devu ar \u016bdeni un uzkl\u0101jiet ap augiem &#8211; nav probl\u0113mu<\/li>\n<li>Videi nekait\u012bgs: Nesatur kait\u012bgas \u0137imik\u0101lijas vai sint\u0113tiskas piedevas, kas var\u0113tu kait\u0113t videi<\/li>\n<\/ul><\/div>\n","protected":false},"excerpt":{"rendered":"<p>\u0100tra un vesel\u012bga aug\u0161ana: J\u016bsu augi augs \u0101tr\u0101k, sp\u0113c\u012bg\u0101ki un iztur\u012bg\u0101ki|Ilgsto\u0161a aizsardz\u012bba: Efekt\u012bvi atbaida kait\u0113k\u013cus un pasarg\u0101 j\u016bsu augus no kait\u0113k\u013ciem|Piem\u0113rots visiem augiem: Lietder\u012bgs gan istabas, gan \u0101ra augiem un pu\u0137\u0113m|Videi draudz\u012bgs: Formula nesatur kait\u012bgas \u0137imik\u0101lijas, kas ir dro\u0161a videi un j\u016bsu m\u0101jai|Tilpums: 200 ml koncentr\u0101ta daudzk\u0101rt\u0113jai lieto\u0161anai|Vienk\u0101r\u0161a lieto\u0161ana: Sajauciet ar \u016bdeni un uzkl\u0101jiet uz augsnes ap augiem|Piem\u0113rots istabas un \u0101ra augiem: Ide\u0101li piem\u0113rots jebkuram d\u0101rzkop\u012bbas projektam|Izcila kop\u0161ana: Formula, kas nodro\u0161ina, ka j\u016bsu augi sp\u012bd vis\u0101 sav\u0101 kr\u0101\u0161\u0146um\u0101<\/p>\n","protected":false},"featured_media":31575,"template":"","meta":[],"product_cat":[1594],"product_tag":[],"acf":[],"_links":{"self":[{"href":"https:\/\/smania.store\/lv\/wp-json\/wp\/v2\/product\/31585"}],"collection":[{"href":"https:\/\/smania.store\/lv\/wp-json\/wp\/v2\/product"}],"about":[{"href":"https:\/\/smania.store\/lv\/wp-json\/wp\/v2\/types\/product"}],"wp:featuredmedia":[{"embeddable":true,"href":"https:\/\/smania.store\/lv\/wp-json\/wp\/v2\/media\/31575"}],"wp:attachment":[{"href":"https:\/\/smania.store\/lv\/wp-json\/wp\/v2\/media?parent=31585"}],"wp:term":[{"taxonomy":"product_cat","embeddable":true,"href":"https:\/\/smania.store\/lv\/wp-json\/wp\/v2\/product_cat?post=31585"},{"taxonomy":"product_tag","embeddable":true,"href":"https:\/\/smania.store\/lv\/wp-json\/wp\/v2\/product_tag?post=31585"}],"curies":[{"name":"wp","href":"https:\/\/api.w.org\/{rel}","templated":true}]}}