{"id":31553,"date":"2026-05-08T08:23:34","date_gmt":"2026-05-08T06:23:34","guid":{"rendered":"https:\/\/smania.store\/lv\/preces\/rust-cleaner-rusas-nonemsanas-aerosols\/"},"modified":"2026-05-12T06:23:23","modified_gmt":"2026-05-12T04:23:23","slug":"rust-cleaner-rusas-nonemsanas-aerosols","status":"publish","type":"product","link":"https:\/\/smania.store\/lv\/preces\/rust-cleaner-rusas-nonemsanas-aerosols\/","title":{"rendered":"Rust Cleaner R\u016bsas no\u0146em\u0161anas aerosols"},"content":{"rendered":"<div class=\"smania_landing_description_title\">Piln\u012bgi jauns r\u016bsas no\u0146em\u0161anas l\u012bmenis!<\/div>\n<div class=\"smania_landing_description_txt\">No\u0146em notur\u012bgu r\u016bsu da\u017eu min\u016b\u0161u laik\u0101!<\/div>\n<div class=\"smania_landing_description_subtitle\">Izsmidziniet, noskrub\u0113jiet un pabeidziet! Rust Cleaner ir viegli atjaunot sar\u016bs\u0113ju\u0161as virsmas. Tas \u0101tri iz\u0161\u0137\u012bdina notur\u012bgu r\u016bsu, atjauno t\u012bru, gludu virsmu, veido aizsargpl\u0113vi, vienlaikus likvid\u0113jot r\u016bsas traipus, un nov\u0113r\u0161 met\u0101la atk\u0101rtotu r\u016bs\u0113\u0161anu, nodro\u0161inot ilg\u0101ku j\u016bsu priek\u0161metu kalpo\u0161anas laiku.<\/div>\n<div class=\"smania_landing_description_list\">\n<ul>\n<li>5X r\u016bsas no\u0146em\u0161anas sp\u0113ks: \u0161\u012b \u012bpa\u0161i iztur\u012bg\u0101 \u0161\u0137idruma formula piln\u012bb\u0101 iz\u0161\u0137\u012bdina r\u016bsas traipus bez t\u012br\u012b\u0161anas<\/li>\n<li>Acumirkl\u012b iz\u0161\u0137\u012bdina sp\u0113c\u012bgu r\u016bsu: 3 min\u016b\u0161u laik\u0101 viegli no\u0146em sp\u0113c\u012bgu r\u016bsu no vis\u0101m met\u0101la un hroma virsm\u0101m!<\/li>\n<li>Ilgnotur\u012bga 3 gadu aizsardz\u012bba: Nov\u0113r\u0161 r\u016bsu un grunt\u0113 met\u0101lu, lai nov\u0113rstu r\u016bsas 3 gadus<\/li>\n<li>Viegli izsmidzin\u0101t, nav skalo\u0161anas: Vienk\u0101r\u0161i izsmidziniet un uzkl\u0101jiet uz sar\u016bs\u0113ju\u0161\u0101s virsmas, nav nepiecie\u0161ams piesk\u0101riens vai aizsardz\u012bbas l\u012bdzek\u013ci!<\/li>\n<li>Daudzfunkcion\u0101ls: lieliski piem\u0113rots vannas istab\u0101m, tualet\u0113m, virtuves piederumiem un automa\u0161\u012bnu met\u0101la virsm\u0101m<\/li>\n<\/ul><\/div>\n","protected":false},"excerpt":{"rendered":"<p>Viegli un uzreiz no\u0146em r\u016bsu, atjaunojot sp\u012bdumu|Aizsarg\u0101 virsmu no oksid\u0113\u0161an\u0101s, nodro\u0161inot ilgnotur\u012bgu iedarb\u012bbu|Dro\u0161a lieto\u0161ana uz gandr\u012bz vis\u0101m virsm\u0101m|Tilpums: 400 ml|Der\u012bguma termi\u0146\u0161: 3 gadi|Uzglab\u0101\u0161ana: Uzglab\u0101t v\u0113s\u0101, \u0113nain\u0101 viet\u0101<\/p>\n","protected":false},"featured_media":31554,"template":"","meta":[],"product_cat":[1596,1594,2138],"product_tag":[],"acf":[],"_links":{"self":[{"href":"https:\/\/smania.store\/lv\/wp-json\/wp\/v2\/product\/31553"}],"collection":[{"href":"https:\/\/smania.store\/lv\/wp-json\/wp\/v2\/product"}],"about":[{"href":"https:\/\/smania.store\/lv\/wp-json\/wp\/v2\/types\/product"}],"wp:featuredmedia":[{"embeddable":true,"href":"https:\/\/smania.store\/lv\/wp-json\/wp\/v2\/media\/31554"}],"wp:attachment":[{"href":"https:\/\/smania.store\/lv\/wp-json\/wp\/v2\/media?parent=31553"}],"wp:term":[{"taxonomy":"product_cat","embeddable":true,"href":"https:\/\/smania.store\/lv\/wp-json\/wp\/v2\/product_cat?post=31553"},{"taxonomy":"product_tag","embeddable":true,"href":"https:\/\/smania.store\/lv\/wp-json\/wp\/v2\/product_tag?post=31553"}],"curies":[{"name":"wp","href":"https:\/\/api.w.org\/{rel}","templated":true}]}}