{"id":31230,"date":"2025-09-03T09:28:39","date_gmt":"2025-09-03T07:28:39","guid":{"rendered":"https:\/\/smania.store\/lv\/preces\/drivewaypro-asfalta-atjaunotajs-1-l-2-m%c2%b2\/"},"modified":"2025-09-17T12:00:12","modified_gmt":"2025-09-17T10:00:12","slug":"drivewaypro-asfalta-atjaunotajs-1-l-2-m%c2%b2","status":"publish","type":"product","link":"https:\/\/smania.store\/lv\/preces\/drivewaypro-asfalta-atjaunotajs-1-l-2-m%c2%b2\/","title":{"rendered":"DrivewayPRO\u2122 asfalta atjaunot\u0101js &#8211; 1 L \/ 4-6 m\u00b2"},"content":{"rendered":"<div class=\"smania_landing_description_title\">JAUNUMS: DrivewayPRO\u2122 asfalta atjaunot\u0101js<\/div>\n<div class=\"smania_landing_description_txt\">Atjaunojiet savu piebraucamo ce\u013cu vien\u0101 mirkl\u012b<\/div>\n<div class=\"smania_landing_description_subtitle\">Vai j\u016bsu piebraucamais ce\u013c\u0161 izskat\u0101s nolietojies? DrivewayPRO\u2122 ir vislab\u0101kais risin\u0101jums asfalta un betona virsmu atjauno\u0161anai un aizsardz\u012bbai. Ar savu notur\u012bbu pret nelabv\u0113l\u012bgiem laikapst\u0101k\u013ciem, temperat\u016bras izmai\u0146\u0101m, plais\u0101\u0161anu un UV starojuma boj\u0101jumiem DrivewayPRO\u2122 ne tikai uzlabo J\u016bsu brauktuves izskatu, bet ar\u012b nodro\u0161ina ilglaic\u012bgu hidroizol\u0101ciju un aizsardz\u012bbu.<\/div>\n<div class=\"smania_landing_description_list\">\n<ul>\n<li>Bl\u012bv\u0113 un nostiprina virsmu<\/li>\n<li>Iztur\u012bgs pret lietus, karstuma un sala iedarb\u012bbu<\/li>\n<li>Atjauno piebraucamos ce\u013cus &#8211; asfalta un betona s\u0101kotn\u0113jo izskatu<\/li>\n<li>UV aizsardz\u012bba &#8211; nov\u0113r\u0161 izbal\u0113\u0161anu un boj\u0101jumus<\/li>\n<li>\u016adensnecaurlaid\u012bgs &#8211; nov\u0113r\u0161 mitruma iek\u013c\u016b\u0161anu<\/li>\n<li>Pagarina kalpo\u0161anas laiku &#8211; saglab\u0101 un nostiprina virsmu<\/li>\n<\/ul><\/div>\n","protected":false},"excerpt":{"rendered":"<p>Augsta veiktsp\u0113ja &#8211; Speci\u0101li izstr\u0101d\u0101ts asfalta ce\u013ciem|Iztur\u012bgs &#8211; iztur\u012bgs melns sl\u0101nis ar zemu sp\u012bduma l\u012bmeni|AIZSARDZ\u012aBA &#8211; Aizsarg\u0101 pret laikapst\u0101k\u013cu iedarb\u012bbu, nopl\u016bd\u0113m un nez\u0101\u013cu aug\u0161anu|Viegli lietojams &#8211; vienk\u0101r\u0161a uzkl\u0101\u0161ana, kas nodro\u0161ina rezult\u0101tus bez probl\u0113m\u0101m|\u0100TR\u012aGI \u017d\u016aST &#8211; gatavs lieto\u0161anai tikai 4 stundu laik\u0101|Kr\u0101sa &#8211; melna|\u0160\u0137idruma tilpums &#8211; 1 L|Segums &#8211; L\u012bdz 6 m\u00b2|Iz\u017e\u016b\u0161anas laiks &#8211; 4 stundas lieto\u0161anai|Lieto\u0161ana &#8211; Ar otu, rull\u012bti vai aerosolu<\/p>\n","protected":false},"featured_media":31311,"template":"","meta":[],"product_cat":[2138],"product_tag":[2140,2141],"acf":[],"_links":{"self":[{"href":"https:\/\/smania.store\/lv\/wp-json\/wp\/v2\/product\/31230"}],"collection":[{"href":"https:\/\/smania.store\/lv\/wp-json\/wp\/v2\/product"}],"about":[{"href":"https:\/\/smania.store\/lv\/wp-json\/wp\/v2\/types\/product"}],"wp:featuredmedia":[{"embeddable":true,"href":"https:\/\/smania.store\/lv\/wp-json\/wp\/v2\/media\/31311"}],"wp:attachment":[{"href":"https:\/\/smania.store\/lv\/wp-json\/wp\/v2\/media?parent=31230"}],"wp:term":[{"taxonomy":"product_cat","embeddable":true,"href":"https:\/\/smania.store\/lv\/wp-json\/wp\/v2\/product_cat?post=31230"},{"taxonomy":"product_tag","embeddable":true,"href":"https:\/\/smania.store\/lv\/wp-json\/wp\/v2\/product_tag?post=31230"}],"curies":[{"name":"wp","href":"https:\/\/api.w.org\/{rel}","templated":true}]}}