{"id":31060,"date":"2025-08-19T07:46:53","date_gmt":"2025-08-19T05:46:53","guid":{"rendered":"https:\/\/smania.store\/lv\/preces\/flyaway-musas-atbaidoss-galda-ventilators-2-iepakojumi\/"},"modified":"2025-08-19T07:46:53","modified_gmt":"2025-08-19T05:46:53","slug":"flyaway-musas-atbaidoss-galda-ventilators-2-iepakojumi","status":"publish","type":"product","link":"https:\/\/smania.store\/lv\/preces\/flyaway-musas-atbaidoss-galda-ventilators-2-iepakojumi\/","title":{"rendered":"FlyAway\u2122 mu\u0161as atbaido\u0161s galda ventilators &#8211; 2 iepakojumi"},"content":{"rendered":"<div class=\"smania_landing_description_title\"> JAUNUMS: Izdz\u0113siet mu\u0161as bez piep\u016bles <\/div>\n<div class=\"smania_landing_description_txt\"> Izdz\u0113siet mu\u0161as bez piep\u016bles: Atbr\u012bvojiet no mu\u0161\u0101m da\u017eu sekun\u017eu laik\u0101! <\/div>\n<div class=\"smania_landing_description_subtitle\"> Atkl\u0101jiet FlyAway\u2122 &#8211; revolucion\u0101ru r\u012bku, kas bez piep\u016bles aizbied\u0113 kait\u012bg\u0101s mu\u0161as, nodro\u0161inot, ka j\u016bsu \u0113dienrei\u017eu baud\u012b\u0161ana ir absol\u016bti netrauc\u0113ta. <\/div>\n<div class=\"smania_landing_description_list\">\n<ul>\n<li>Dro\u0161s, b\u0113rniem draudz\u012bgs dizains<\/li>\n<li>M\u012bksti, nekait\u012bgi asme\u0146i<\/li>\n<li>Bez \u0137\u012bmisk\u0101m viel\u0101m, kas atbaida kukai\u0146us<\/li>\n<li>Ide\u0101li piem\u0113rots lieto\u0161anai iek\u0161telp\u0101s un \u0101rpus telp\u0101m<\/li>\n<li>Atstarojo\u0161\u0101 tehnolo\u0123ija atbaida kait\u0113k\u013cus<\/li>\n<li>Viegls, p\u0101rn\u0113s\u0101jams risin\u0101jums<\/li>\n<\/ul><\/div>\n","protected":false},"excerpt":{"rendered":"<p>Bez \u0137imik\u0101lij\u0101m, t\u012bra kvalit\u0101te|Viegli lietot un izbaud\u012bt|Elegants un stil\u012bgs dizains|Ide\u0101li piem\u0113rots piknikiem un b\u0101rbekj\u016b|Baterija nav iek\u013cauta komplekt\u0101|Kr\u0101sa: melna|Izstr\u0101d\u0101juma izm\u0113rs: 9 x 9 x 25 cm|Izstr\u0101d\u0101juma svars: 270 g<\/p>\n","protected":false},"featured_media":31048,"template":"","meta":[],"product_cat":[1594],"product_tag":[1950],"acf":[],"_links":{"self":[{"href":"https:\/\/smania.store\/lv\/wp-json\/wp\/v2\/product\/31060"}],"collection":[{"href":"https:\/\/smania.store\/lv\/wp-json\/wp\/v2\/product"}],"about":[{"href":"https:\/\/smania.store\/lv\/wp-json\/wp\/v2\/types\/product"}],"wp:featuredmedia":[{"embeddable":true,"href":"https:\/\/smania.store\/lv\/wp-json\/wp\/v2\/media\/31048"}],"wp:attachment":[{"href":"https:\/\/smania.store\/lv\/wp-json\/wp\/v2\/media?parent=31060"}],"wp:term":[{"taxonomy":"product_cat","embeddable":true,"href":"https:\/\/smania.store\/lv\/wp-json\/wp\/v2\/product_cat?post=31060"},{"taxonomy":"product_tag","embeddable":true,"href":"https:\/\/smania.store\/lv\/wp-json\/wp\/v2\/product_tag?post=31060"}],"curies":[{"name":"wp","href":"https:\/\/api.w.org\/{rel}","templated":true}]}}