{"id":30924,"date":"2025-08-01T15:04:35","date_gmt":"2025-08-01T13:04:35","guid":{"rendered":"https:\/\/smania.store\/lv\/preces\/solidmax-kvarco-tiritajs\/"},"modified":"2025-10-26T04:56:21","modified_gmt":"2025-10-26T03:56:21","slug":"solidmax-kvarco-tiritajs","status":"publish","type":"product","link":"https:\/\/smania.store\/lv\/preces\/solidmax-kvarco-tiritajs\/","title":{"rendered":"SolidMax &#8211; Kvarco t\u012br\u012bt\u0101js"},"content":{"rendered":"<div class=\"smania_landing_description_title\">JAUNUMS! Sp\u012bt\u012bga m\u0113roga ienaidnieks!<\/div>\n<div class=\"smania_landing_description_txt\">Neticama t\u012br\u012bba 3 so\u013cos<\/div>\n<div class=\"smania_landing_description_subtitle\">Vai esat noguris no stund\u0101m ilgas t\u012br\u012b\u0161anas? SolidMax padara t\u012br\u012b\u0161anu par prieku! \u0160\u012b inovat\u012bv\u0101 formula viegli \u0161\u0137\u012bdina ka\u013c\u0137akmeni, kalciju un citus ciet\u0101 \u016bdens traipus un pat veido aizsargsl\u0101ni, lai nov\u0113rstu nogulsnes n\u0101kotn\u0113! Vienk\u0101r\u0161i uzkl\u0101jiet, \u013caujiet l\u012bdzeklim iedarboties un noslaukiet traipus bez liekas piep\u016bles. Padariet t\u012br\u012b\u0161anu vieglu un pat\u012bkamu ar SolidMax!<\/div>\n<div class=\"smania_landing_description_list\">\n<ul>\n<li>Viegli iz\u0161\u0137\u012bdina ka\u013c\u0137akmeni<\/li>\n<li>No\u0146em kalcija un ciet\u0101 \u016bdens traipus<\/li>\n<li>Aizsargsl\u0101nis pret turpm\u0101kiem nogulsn\u0113jumiem<\/li>\n<li>Viegli lietojams, nav nepiecie\u0161ama t\u012br\u012b\u0161ana<\/li>\n<li>\u0100tri un efekt\u012bvi rezult\u0101ti<\/li>\n<li>T\u012bra vannas, kr\u0101nus, izlietnes un bid\u0113<\/li>\n<\/ul><\/div>\n","protected":false},"excerpt":{"rendered":"<p>T\u016bl\u012bt\u0113js efekts da\u017eu min\u016b\u0161u laik\u0101|Saudz\u012bgs pret virsm\u0101m|Ilgnotur\u012bga t\u012br\u012bba|Viegla lieto\u0161ana|Profesion\u0101la t\u012br\u012b\u0161ana m\u0101j\u0101s|Nek\u0101du vair\u0101k notur\u012bgu traipu|Liel\u0101ka aizsardz\u012bba, maz\u0101k darba|Tiek gal\u0101 ar vissmag\u0101kajiem \u016bdens akme\u0146iem<\/p>\n","protected":false},"featured_media":30913,"template":"","meta":[],"product_cat":[2138],"product_tag":[2139],"acf":[],"_links":{"self":[{"href":"https:\/\/smania.store\/lv\/wp-json\/wp\/v2\/product\/30924"}],"collection":[{"href":"https:\/\/smania.store\/lv\/wp-json\/wp\/v2\/product"}],"about":[{"href":"https:\/\/smania.store\/lv\/wp-json\/wp\/v2\/types\/product"}],"wp:featuredmedia":[{"embeddable":true,"href":"https:\/\/smania.store\/lv\/wp-json\/wp\/v2\/media\/30913"}],"wp:attachment":[{"href":"https:\/\/smania.store\/lv\/wp-json\/wp\/v2\/media?parent=30924"}],"wp:term":[{"taxonomy":"product_cat","embeddable":true,"href":"https:\/\/smania.store\/lv\/wp-json\/wp\/v2\/product_cat?post=30924"},{"taxonomy":"product_tag","embeddable":true,"href":"https:\/\/smania.store\/lv\/wp-json\/wp\/v2\/product_tag?post=30924"}],"curies":[{"name":"wp","href":"https:\/\/api.w.org\/{rel}","templated":true}]}}