{"id":30789,"date":"2025-07-08T11:36:05","date_gmt":"2025-07-08T09:36:05","guid":{"rendered":"https:\/\/smania.store\/lv\/preces\/campmate-saliekams-aluminija-kempinga-galds-ar-4-kresliem\/"},"modified":"2025-07-19T21:50:14","modified_gmt":"2025-07-19T19:50:14","slug":"campmate-saliekams-aluminija-kempinga-galds-ar-4-kresliem","status":"publish","type":"product","link":"https:\/\/smania.store\/lv\/preces\/campmate-saliekams-aluminija-kempinga-galds-ar-4-kresliem\/","title":{"rendered":"CampMate\u2122 saliekams alum\u012bnija kempinga galds ar 4 kr\u0113sliem"},"content":{"rendered":"<div class=\"smania_landing_description_title\">JAUNS, \u012bpa\u0161i iztur\u012bgs saliekamais kr\u0113sls<\/div>\n<div class=\"smania_landing_description_txt\">Nometne jebkur\u0101 viet\u0101 un laik\u0101!<\/div>\n<div class=\"smania_landing_description_subtitle\">Ar CampMate\u2122 j\u016bs varat izveidot savu piedz\u012bvojumu, atrodoties atva\u013cin\u0101jum\u0101!<\/div>\n<div class=\"smania_landing_description_list\">\n<ul>\n<li>Ide\u0101li piem\u0113rots kempingam, piknikam, d\u0101rzam vai m\u0101jai<\/li>\n<li>Salok\u0101ms dizains, vienviet\u012bga konstrukcija, lai kur j\u016bs atrastos<\/li>\n<li>Kompakts dizains ar lielu ietilp\u012bbu<\/li>\n<li>Ide\u0101li piem\u0113rots 4 person\u0101m<\/li>\n<\/ul><\/div>\n","protected":false},"excerpt":{"rendered":"<p>Lai laka nostiprin\u0101tos, ir nepiecie\u0161amas da\u017eas sekundes|Izgatavots no iztur\u012bga alum\u012bnija sakaus\u0113juma|Salok\u0101ms dizains \u0113rtai p\u0101rn\u0113s\u0101\u0161anai|\u016adensiztur\u012bgs lieto\u0161anai visa gada garum\u0101|Piem\u0113rots lieto\u0161anai gan iek\u0161telp\u0101s, gan \u0101rpus t\u0101m|Materi\u0101ls: alum\u012bnijs|Novietot\u0101 galda izm\u0113ri: 120 x 60 cm|Regul\u0113jams galda augstums: 55 cm, 62 cm, 70 cm|Saloc\u012bta izm\u0113ri: 60 x 60 x 8 cm|Galda kravnes\u012bba: 50 kg|Kr\u0113sla kravnes\u012bba: 100 kg|Izstr\u0101d\u0101juma svars: 6,7 kg<\/p>\n","protected":false},"featured_media":30777,"template":"","meta":[],"product_cat":[1594,1600],"product_tag":[],"acf":[],"_links":{"self":[{"href":"https:\/\/smania.store\/lv\/wp-json\/wp\/v2\/product\/30789"}],"collection":[{"href":"https:\/\/smania.store\/lv\/wp-json\/wp\/v2\/product"}],"about":[{"href":"https:\/\/smania.store\/lv\/wp-json\/wp\/v2\/types\/product"}],"wp:featuredmedia":[{"embeddable":true,"href":"https:\/\/smania.store\/lv\/wp-json\/wp\/v2\/media\/30777"}],"wp:attachment":[{"href":"https:\/\/smania.store\/lv\/wp-json\/wp\/v2\/media?parent=30789"}],"wp:term":[{"taxonomy":"product_cat","embeddable":true,"href":"https:\/\/smania.store\/lv\/wp-json\/wp\/v2\/product_cat?post=30789"},{"taxonomy":"product_tag","embeddable":true,"href":"https:\/\/smania.store\/lv\/wp-json\/wp\/v2\/product_tag?post=30789"}],"curies":[{"name":"wp","href":"https:\/\/api.w.org\/{rel}","templated":true}]}}