{"id":30480,"date":"2025-05-05T12:16:36","date_gmt":"2025-05-05T10:16:36","guid":{"rendered":"https:\/\/smania.store\/lv\/preces\/magicrackpro-3-limenu-pagarinams-stativs-mikrovilnu-krasnij\/"},"modified":"2025-05-05T12:16:36","modified_gmt":"2025-05-05T10:16:36","slug":"magicrackpro-3-limenu-pagarinams-stativs-mikrovilnu-krasnij","status":"publish","type":"product","link":"https:\/\/smania.store\/lv\/preces\/magicrackpro-3-limenu-pagarinams-stativs-mikrovilnu-krasnij\/","title":{"rendered":"MagicRackPro\u2122 3 l\u012bme\u0146u pagarin\u0101ms stat\u012bvs mikrovi\u013c\u0146u kr\u0101snij"},"content":{"rendered":"<div class=\"smania_landing_description_title\">JAUNUMS: Palielina vietu virtuv\u0113<\/div>\n<div class=\"smania_landing_description_txt\">Tonas papildu vietas uz virtuves letes!<\/div>\n<div class=\"smania_landing_description_subtitle\">P\u0101rveidojiet savu virtuves telpu, izmantojot MagicRackPro\u2122 3 l\u012bme\u0146u pagarin\u0101mo stat\u012bvu mikrovi\u013c\u0146u kr\u0101snij. \u0160is praktiskais 3 l\u012bme\u0146u plaukts ir izgatavots no iztur\u012bga oglek\u013ca t\u0113rauda un nodro\u0161ina izcilu stabilit\u0101ti un iztur\u012bbu. T\u0101 papla\u0161in\u0101mais dizains lieliski atbilst j\u016bsu vajadz\u012bb\u0101m, padarot j\u016bsu virtuvi sakopt\u0101ku un funkcion\u0101l\u0101ku.<\/div>\n<div class=\"smania_landing_description_list\">\n<ul>\n<li>Palieliniet vietu virtuves darba virsmai<\/li>\n<li>Papla\u0161in\u0101ms dizains, kas piem\u0113rots jebkurai virsmai<\/li>\n<li>Ide\u0101li piem\u0113rots mikrovi\u013c\u0146u kr\u0101sn\u012bm un cit\u0101m virtuves ier\u012bc\u0113m<\/li>\n<li>Iztur\u012bgs met\u0101ls stabilit\u0101tei un ilgam kalpo\u0161anas laikam<\/li>\n<li>Ide\u0101li piem\u0113rots virtuv\u0113, biroj\u0101 vai jebkur\u0101 cit\u0101 vid\u0113<\/li>\n<li>Ietver 6 \u0101\u0137us virtuves piederumiem<\/li>\n<\/ul><\/div>\n","protected":false},"excerpt":{"rendered":"<p>Iztur\u012bgs un iztur\u012bgs materi\u0101ls|Dubult\u0101 uzglab\u0101\u0161anas vieta|Daudzpus\u012bgs pielietojums da\u017e\u0101diem lietojumiem|Ieb\u016bv\u0113ts gar\u0161vielu plaukts un folija|Dizains piem\u0113rots jebkurai virtuvei|Kr\u0101sa: pel\u0113ka|Svars: 6,2 kg|Materi\u0101ls: Materi\u0101ls: iztur\u012bgs met\u0101ls|Garums: Papla\u0161in\u0101ms no 40 l\u012bdz 64 cm|Kop\u0113jie izm\u0113ri: 79 x 36,5 x 40-64 cm|Cieta un stabila konstrukcija|Ietver 6 \u0101\u0137us virtuves piederumiem<\/p>\n","protected":false},"featured_media":30468,"template":"","meta":[],"product_cat":[1594,1602],"product_tag":[1677],"acf":[],"_links":{"self":[{"href":"https:\/\/smania.store\/lv\/wp-json\/wp\/v2\/product\/30480"}],"collection":[{"href":"https:\/\/smania.store\/lv\/wp-json\/wp\/v2\/product"}],"about":[{"href":"https:\/\/smania.store\/lv\/wp-json\/wp\/v2\/types\/product"}],"wp:featuredmedia":[{"embeddable":true,"href":"https:\/\/smania.store\/lv\/wp-json\/wp\/v2\/media\/30468"}],"wp:attachment":[{"href":"https:\/\/smania.store\/lv\/wp-json\/wp\/v2\/media?parent=30480"}],"wp:term":[{"taxonomy":"product_cat","embeddable":true,"href":"https:\/\/smania.store\/lv\/wp-json\/wp\/v2\/product_cat?post=30480"},{"taxonomy":"product_tag","embeddable":true,"href":"https:\/\/smania.store\/lv\/wp-json\/wp\/v2\/product_tag?post=30480"}],"curies":[{"name":"wp","href":"https:\/\/api.w.org\/{rel}","templated":true}]}}