{"id":30438,"date":"2025-04-15T08:43:46","date_gmt":"2025-04-15T06:43:46","guid":{"rendered":"https:\/\/smania.store\/lv\/preces\/fitnesa-delis-pilatesprofit\/"},"modified":"2025-09-22T14:23:26","modified_gmt":"2025-09-22T12:23:26","slug":"fitnesa-delis-pilatesprofit","status":"publish","type":"product","link":"https:\/\/smania.store\/lv\/preces\/fitnesa-delis-pilatesprofit\/","title":{"rendered":"Fitnesa d\u0113lis PilatesProFit\u2122"},"content":{"rendered":"<div class=\"smania_landing_description_title\">JAUNUMS: Kop\u0113jais \u0137erme\u0146a treni\u0146u risin\u0101jums<\/div>\n<div class=\"smania_landing_description_txt\">Ieg\u016bstiet savu sap\u0146u \u0137ermeni m\u0101j\u0101s!<\/div>\n<div class=\"smania_landing_description_subtitle\">Vai sap\u0146ojat par m\u0101jas sporta z\u0101li? PilatesProFit\u2122 fitnesa d\u0113lis ir atbilde uz j\u016bsu v\u0113lm\u0113m! \u0160is kompaktais trena\u017eieris apvieno pilates vingro\u0161anu un kop\u0113jo \u0137erme\u0146a vingro\u0161anu, padarot katru fitnesa nodarb\u012bbu at\u0161\u0137ir\u012bgu, aizraujo\u0161u un saisto\u0161u. Ar regul\u0113jam\u0101m pretest\u012bbas lent\u0113m un viedo taimeri j\u016bsu sap\u0146u treni\u0146\u0161 k\u013c\u016bs par realit\u0101ti! Ieg\u0101d\u0101jieties to tagad un atkl\u0101jiet, k\u0101 j\u016bs varat revolucion\u0101ri main\u012bt savu m\u0101jas fitnesa rut\u012bnu.<\/div>\n<div class=\"smania_landing_description_list\">\n<ul>\n<li>Apvieno daudzus vingrin\u0101jumus, lai nodro\u0161in\u0101tu piln\u012bgu \u0137erme\u0146a treni\u0146u<\/li>\n<li>Regul\u0113jamas pretest\u012bbas lentes jebkuram fitnesa l\u012bmenim<\/li>\n<li>M\u0113r\u0137tiec\u012bga plecu, roku, k\u0101ju un kr\u016b\u0161u stiprin\u0101\u0161ana<\/li>\n<li>Ieb\u016bv\u0113ts atpaka\u013cskait\u012b\u0161anas taimeris prec\u012bzai kontrolei<\/li>\n<li>Salok\u0101ms dizains un kompakts izm\u0113rs \u0113rtai uzglab\u0101\u0161anai<\/li>\n<\/ul><\/div>\n","protected":false},"excerpt":{"rendered":"<p>Efekt\u012bva pilna \u0137erme\u0146a treni\u0146a m\u0101j\u0101s|Piel\u0101gojama treni\u0146a intensit\u0101te|Stiprina un toniz\u0113 musku\u013cus|Ide\u0101li piem\u0113rots ies\u0101c\u0113jiem un pieredz\u0113ju\u0161iem vingrot\u0101jiem|Viegli lietot un izveidot da\u017e\u0101dus vingrin\u0101jumus|Kompakts un salok\u0101ms: ide\u0101li piem\u0113rots pat neliel\u0101m telp\u0101m|Nesl\u012bdo\u0161as apak\u0161\u0113j\u0101s pl\u0101ksn\u012btes un 180\u00b0 rot\u0113jo\u0161i rokturi|\u0112rts putuplasts uz rokturiem un biez\u0101ki ce\u013cgalu spilventi\u0146i|Materi\u0101ls: augstas kvalit\u0101tes plastmasa (ABS)|Izm\u0113ri: izm\u0113ri: 106 x 41 cm|Maksim\u0101l\u0101 kravnes\u012bba: 140 kg|D\u0113\u013ca svars: 9,7 kg<\/p>\n","protected":false},"featured_media":30426,"template":"","meta":[],"product_cat":[1594,1598,1600],"product_tag":[1669,2143],"acf":[],"_links":{"self":[{"href":"https:\/\/smania.store\/lv\/wp-json\/wp\/v2\/product\/30438"}],"collection":[{"href":"https:\/\/smania.store\/lv\/wp-json\/wp\/v2\/product"}],"about":[{"href":"https:\/\/smania.store\/lv\/wp-json\/wp\/v2\/types\/product"}],"wp:featuredmedia":[{"embeddable":true,"href":"https:\/\/smania.store\/lv\/wp-json\/wp\/v2\/media\/30426"}],"wp:attachment":[{"href":"https:\/\/smania.store\/lv\/wp-json\/wp\/v2\/media?parent=30438"}],"wp:term":[{"taxonomy":"product_cat","embeddable":true,"href":"https:\/\/smania.store\/lv\/wp-json\/wp\/v2\/product_cat?post=30438"},{"taxonomy":"product_tag","embeddable":true,"href":"https:\/\/smania.store\/lv\/wp-json\/wp\/v2\/product_tag?post=30438"}],"curies":[{"name":"wp","href":"https:\/\/api.w.org\/{rel}","templated":true}]}}