{"id":30394,"date":"2025-04-10T13:17:47","date_gmt":"2025-04-10T11:17:47","guid":{"rendered":"https:\/\/smania.store\/lv\/preces\/viva-vex-ietvju-tiritajs\/"},"modified":"2026-04-11T14:29:47","modified_gmt":"2026-04-11T12:29:47","slug":"viva-vex-ietvju-tiritajs","status":"publish","type":"product","link":"https:\/\/smania.store\/lv\/preces\/viva-vex-ietvju-tiritajs\/","title":{"rendered":"Viva Vex ietvju t\u012br\u012bt\u0101js"},"content":{"rendered":"<div class=\"smania_landing_description_title\">JAUNUMS! Viva Vex &#8211; viegla t\u012br\u012b\u0161ana, izcili rezult\u0101ti<\/div>\n<div class=\"smania_landing_description_txt\">Ide\u0101ls r\u012bks nevainojami t\u012bram pagalmam<\/div>\n<div class=\"smania_landing_description_subtitle\">Vai v\u0113laties, lai j\u016bsu terase, d\u0101rza celi\u0146i vai piebraucamais ce\u013c\u0161 atkal sp\u012bd\u0113tu k\u0101 jauns? Ar Viva Vex j\u016bs \u0101tri un efekt\u012bvi no\u0146emsiet visus notur\u012bgos traipus, tauku, a\u013c\u0123u, pel\u0113juma un miner\u0101lu nos\u0113dumus. \u0160\u012b \u0101rk\u0101rt\u012bgi sp\u0113c\u012bg\u0101 formula ir \u012bpa\u0161i izstr\u0101d\u0101ta da\u017e\u0101du virsmu t\u012br\u012b\u0161anai, vienlaikus t\u0101 ir pietiekami saudz\u012bga, lai nesaboj\u0101tu j\u016bsu d\u0101rgo bru\u0123akmeni.<\/div>\n<div class=\"smania_landing_description_list\">\n<ul>\n<li>Viegla traipu no\u0146em\u0161ana: ar minim\u0101lu piep\u016bli varat atvad\u012bties no notur\u012bgiem traipiem, tauku nos\u0113dumiem un a\u013c\u0123\u0113m<\/li>\n<li>Univers\u0101ls: piem\u0113rots gran\u012bta, marmora, smil\u0161akmens, keramikas un citu materi\u0101lu t\u012br\u012b\u0161anai<\/li>\n<li>Lieliski rezult\u0101ti: Viva Vex nodro\u0161ina, ka j\u016bsu terase vai pagalms izskat\u012bsies k\u0101 jauns, neatkar\u012bgi no bru\u0123akmens vecuma<\/li>\n<li>Dro\u0161a lieto\u0161ana: Lai gan tas ir sp\u0113c\u012bgs pret net\u012brumiem, tas ir dro\u0161s j\u016bsu virsm\u0101m, ja tiek lietots pareizi<\/li>\n<li>Ietaupa laiku un p\u016bles: \u0100tra un vienk\u0101r\u0161a t\u012br\u012b\u0161ana, bez darbietilp\u012bgas t\u012br\u012b\u0161anas<\/li>\n<\/ul><\/div>\n","protected":false},"excerpt":{"rendered":"<p>Izcila t\u012br\u012b\u0161anas jauda: \u0100tri likvid\u0113 pat vissmag\u0101kos traipus un nos\u0113dumus|Piem\u0113rots da\u017e\u0101diem materi\u0101liem: Lietojiet to uz gran\u012bta, marmora, smil\u0161akmens un citiem dab\u012bgiem akme\u0146iem|Viegli lietojams: Vienk\u0101r\u0161i uzkl\u0101jiet, pagaidiet un noskalojiet, lai ieg\u016btu skaistus rezult\u0101tus|Saudz\u012bgs pret virsm\u0101m: Sp\u0113c\u012bgs pret net\u012brumiem, bet saudz\u012bgs pret bru\u0123akme\u0146iem|Tilpums: 500 ml, pietiekams liel\u0101k\u0101m virsm\u0101m|\u0100tra iedarb\u012bba: Efekt\u012bva t\u012br\u012b\u0161ana bez ilgas gaid\u012b\u0161anas|Univers\u0101ls pielietojums: ide\u0101li piem\u0113rots pagalmiem, piebraucamajiem ce\u013ciem, d\u0101rza celi\u0146iem un vis\u0101m \u0101ra akmens virsm\u0101m|Videi draudz\u012bgs: Izstr\u0101d\u0101ts bez kait\u012bg\u0101m \u0137imik\u0101lij\u0101m, saudz\u012bgs videi un j\u016bsu apk\u0101rtnei<\/p>\n","protected":false},"featured_media":30376,"template":"","meta":[],"product_cat":[1594,2138],"product_tag":[1687,2139],"acf":[],"_links":{"self":[{"href":"https:\/\/smania.store\/lv\/wp-json\/wp\/v2\/product\/30394"}],"collection":[{"href":"https:\/\/smania.store\/lv\/wp-json\/wp\/v2\/product"}],"about":[{"href":"https:\/\/smania.store\/lv\/wp-json\/wp\/v2\/types\/product"}],"wp:featuredmedia":[{"embeddable":true,"href":"https:\/\/smania.store\/lv\/wp-json\/wp\/v2\/media\/30376"}],"wp:attachment":[{"href":"https:\/\/smania.store\/lv\/wp-json\/wp\/v2\/media?parent=30394"}],"wp:term":[{"taxonomy":"product_cat","embeddable":true,"href":"https:\/\/smania.store\/lv\/wp-json\/wp\/v2\/product_cat?post=30394"},{"taxonomy":"product_tag","embeddable":true,"href":"https:\/\/smania.store\/lv\/wp-json\/wp\/v2\/product_tag?post=30394"}],"curies":[{"name":"wp","href":"https:\/\/api.w.org\/{rel}","templated":true}]}}