{"id":30374,"date":"2025-04-10T13:15:56","date_gmt":"2025-04-10T11:15:56","guid":{"rendered":"https:\/\/smania.store\/lv\/preces\/notekudenu-un-izlietnu-tirisanas-lidzeklis-easyclean\/"},"modified":"2026-04-15T20:29:09","modified_gmt":"2026-04-15T18:29:09","slug":"notekudenu-un-izlietnu-tirisanas-lidzeklis-easyclean","status":"publish","type":"product","link":"https:\/\/smania.store\/lv\/preces\/notekudenu-un-izlietnu-tirisanas-lidzeklis-easyclean\/","title":{"rendered":"Notek\u016bde\u0146u un izliet\u0146u t\u012br\u012b\u0161anas l\u012bdzeklis EasyClean"},"content":{"rendered":"<div class=\"smania_landing_description_title\">JAUNUMS! EasyClean &#8211; ide\u0101ls risin\u0101jums kanaliz\u0101cijas aizs\u0113r\u0113jumu nov\u0113r\u0161anai<\/div>\n<div class=\"smania_landing_description_txt\">\u0100tri un efekt\u012bvi atbr\u012bvojiet savu santehnikas sist\u0113mu.<\/div>\n<div class=\"smania_landing_description_subtitle\">Vai jums ir probl\u0113mas ar aizs\u0113r\u0113ju\u0161u kanaliz\u0101ciju, kas rada galvass\u0101pes? EasyClean ir jaud\u012bgs t\u012br\u012b\u0161anas l\u012bdzeklis, kas \u0101tri un viegli atrisin\u0101s j\u016bsu kanaliz\u0101cijas probl\u0113mas. \u0160\u012b t\u012br\u012b\u0161anas l\u012bdzek\u013ca \u012bpa\u0161\u0101 formula efekt\u012bvi \u0161\u0137\u012bdina organisk\u0101s vielas, piem\u0113ram, taukus, matus, pap\u012bru, ziepju atliekas un e\u013c\u013cas, kas bie\u017ei vien izraisa aizsprostojumus. Neatkar\u012bgi no t\u0101, vai tas ir virtuves notekas, tualete vai izlietne, EasyClean nodro\u0161in\u0101s j\u016bsu santehnikas sist\u0113mas nevainojamu darb\u012bbu.<\/div>\n<div class=\"smania_landing_description_list\">\n<ul>\n<li>Efekt\u012bvi nov\u0113r\u0161 aizsprostojumus: Iz\u0161\u0137\u012bdina organisk\u0101s vielas un \u0101tri atjauno pl\u016bsmu j\u016bsu kanaliz\u0101cij\u0101<\/li>\n<li>Dro\u0161s j\u016bsu caurul\u0113m: Neboj\u0101 caurules vai septisk\u0101s tvertnes<\/li>\n<li>Viegli lietojams: Vienk\u0101r\u0161i ielejiet, pagaidiet da\u017eas min\u016btes un noskalojiet ar \u016bdeni &#8211; \u0101tri un bez piep\u016bles<\/li>\n<li>Videi draudz\u012bgs: Formula, kas nekait\u0113 videi un nepies\u0101r\u0146o grunts\u016bde\u0146us<\/li>\n<li>Ietaupa laiku un naudu: Izvairieties no d\u0101rgiem un laikietilp\u012bgiem santehni\u0137a pakalpojumiem<\/li>\n<\/ul><\/div>\n","protected":false},"excerpt":{"rendered":"<p>\u0100tri un efekt\u012bvi: Da\u017eu min\u016b\u0161u laik\u0101 iz\u0161\u0137\u012bdina taukus, matus, pap\u012bru un citus aizsprostojumus|Dro\u0161a lieto\u0161ana: Neboj\u0101 caurules, kanaliz\u0101ciju vai septisk\u0101s sist\u0113mas|\u0112rts iepakojums: Kompakts 100 g iepakojums, ko var viegli uzglab\u0101t|Ilgsto\u0161a efektivit\u0101te: Regul\u0101ra lieto\u0161ana uztur j\u016bsu santehnikas sist\u0113mu teicam\u0101 st\u0101vokl\u012b|Sast\u0101vs: Nekoroz\u0113jo\u0161i materi\u0101li, kas ir dro\u0161i visu veidu caurul\u0113m|Lieto\u0161ana: Piem\u0113rots virtuves notek\u0101m, izlietn\u0113m, vann\u0101m, tualet\u0113m un cit\u0101m galvenaj\u0101m notek\u0101m|\u0100tra darb\u012bba: Efekt\u012bvi iz\u0161\u0137\u012bdina aizsprostojumus tikai da\u017eu min\u016b\u0161u laik\u0101|Videi draudz\u012bgs: Formula, kas nekait\u0113 videi un saglab\u0101 dabas resursus t\u012brus<\/p>\n","protected":false},"featured_media":30365,"template":"","meta":[],"product_cat":[1594,2138,1602],"product_tag":[1950,2139,1650],"acf":[],"_links":{"self":[{"href":"https:\/\/smania.store\/lv\/wp-json\/wp\/v2\/product\/30374"}],"collection":[{"href":"https:\/\/smania.store\/lv\/wp-json\/wp\/v2\/product"}],"about":[{"href":"https:\/\/smania.store\/lv\/wp-json\/wp\/v2\/types\/product"}],"wp:featuredmedia":[{"embeddable":true,"href":"https:\/\/smania.store\/lv\/wp-json\/wp\/v2\/media\/30365"}],"wp:attachment":[{"href":"https:\/\/smania.store\/lv\/wp-json\/wp\/v2\/media?parent=30374"}],"wp:term":[{"taxonomy":"product_cat","embeddable":true,"href":"https:\/\/smania.store\/lv\/wp-json\/wp\/v2\/product_cat?post=30374"},{"taxonomy":"product_tag","embeddable":true,"href":"https:\/\/smania.store\/lv\/wp-json\/wp\/v2\/product_tag?post=30374"}],"curies":[{"name":"wp","href":"https:\/\/api.w.org\/{rel}","templated":true}]}}