{"id":30363,"date":"2025-04-10T13:14:39","date_gmt":"2025-04-10T11:14:39","guid":{"rendered":"https:\/\/smania.store\/lv\/preces\/gridas-emulsija-floor-max\/"},"modified":"2025-08-01T16:26:12","modified_gmt":"2025-08-01T14:26:12","slug":"gridas-emulsija-floor-max","status":"publish","type":"product","link":"https:\/\/smania.store\/lv\/preces\/gridas-emulsija-floor-max\/","title":{"rendered":"Gr\u012bdas emulsija Floor Max"},"content":{"rendered":"<div class=\"smania_landing_description_title\">JAUNUMS! Floor Max &#8211; perfekta t\u012br\u012bba j\u016bsu gr\u012bdai<\/div>\n<div class=\"smania_landing_description_txt\">Ilgnotur\u012bga t\u012br\u012bba un aizsardz\u012bba vis\u0101m gr\u012bdas virsm\u0101m<\/div>\n<div class=\"smania_landing_description_subtitle\">Vai v\u0113laties, lai j\u016bsu gr\u012bdas sp\u012bd\u0113tu vislab\u0101kaj\u0101 gaism\u0101 neatkar\u012bgi no virsmas veida? Floor Max ir \u0101rk\u0101rt\u012bgi efekt\u012bvs t\u012br\u012b\u0161anas l\u012bdzeklis, kas paredz\u0113ts visu veidu gr\u012bdas virsmu dzi\u013cai t\u012br\u012b\u0161anai un atjauno\u0161anai. Tas no\u0146em notur\u012bgus traipus, net\u012brumus un taukus, vienlaikus saglab\u0101jot j\u016bsu gr\u012bdas sp\u012bd\u012bgas un svaigas. Floor Max ir ide\u0101la izv\u0113le m\u0101jok\u013ciem un komerctelp\u0101m, nodro\u0161inot ilgsto\u0161u t\u012br\u012bbu un aizsardz\u012bbu.<\/div>\n<div class=\"smania_landing_description_list\">\n<ul>\n<li>Daudzpus\u012bga izmanto\u0161ana: Piem\u0113rots liel\u0101kajai da\u013cai gr\u012bdas tipu, piem\u0113ram, koksnes, vinila, sint\u0113tiskaj\u0101m, akmens un kor\u0137a gr\u012bd\u0101m<\/li>\n<li>Izcila t\u012br\u012b\u0161anas jauda: \u0100tri no\u0146em traipus un net\u012brumus, neboj\u0101jot virsmu<\/li>\n<li>Viegli lietojams: Vienk\u0101r\u0161i uzkl\u0101jiet un noslaukiet &#8211; j\u016bsu gr\u012bdas izskat\u012bsies k\u0101 jaunas<\/li>\n<li>Svaigs arom\u0101ts: Atst\u0101j pat\u012bkamu un ilgnotur\u012bgu svaigu arom\u0101tu<\/li>\n<li>Ilgnotur\u012bga aizsardz\u012bba: Izveido aizsargsl\u0101ni, kas pal\u012bdz nov\u0113rst net\u012brumu atk\u0101rtotu uzkr\u0101\u0161anos<\/li>\n<\/ul><\/div>\n","protected":false},"excerpt":{"rendered":"<p>Dzi\u013c\u0101 t\u012br\u012b\u0161ana: Efekt\u012bvi no\u0146em net\u012brumus un traipus no gr\u012bdas virsm\u0101m|Ilgsto\u0161s svaigums: Ilgsto\u0161s svaigs arom\u0101ts un sp\u012bdums|Ide\u0101li piem\u0113rots visu veidu gr\u012bdas virsm\u0101m, tostarp maigiem materi\u0101liem|\u0100tra un vienk\u0101r\u0161a lieto\u0161ana, nav nepiecie\u0161ams skalo\u0161ana|Tilpums: 500 ml, pietiekami daudzk\u0101rt\u0113jai lieto\u0161anai|Videi draudz\u012bgs: Formula nesatur kait\u012bgas \u0137imik\u0101lijas|Piem\u0113rots liel\u0101kajai da\u013cai gr\u012bdas tipu, piem\u0113ram, koksnes, vinila, sint\u0113tiskaj\u0101m, akmens un kor\u0137a gr\u012bd\u0101m|\u0100tri \u017e\u016bst: Virsmas p\u0113c t\u012br\u012b\u0161anas \u0101tri no\u017e\u016bst un ir dro\u0161as lieto\u0161anai<\/p>\n","protected":false},"featured_media":30352,"template":"","meta":[],"product_cat":[1594,2138],"product_tag":[1950,2139],"acf":[],"_links":{"self":[{"href":"https:\/\/smania.store\/lv\/wp-json\/wp\/v2\/product\/30363"}],"collection":[{"href":"https:\/\/smania.store\/lv\/wp-json\/wp\/v2\/product"}],"about":[{"href":"https:\/\/smania.store\/lv\/wp-json\/wp\/v2\/types\/product"}],"wp:featuredmedia":[{"embeddable":true,"href":"https:\/\/smania.store\/lv\/wp-json\/wp\/v2\/media\/30352"}],"wp:attachment":[{"href":"https:\/\/smania.store\/lv\/wp-json\/wp\/v2\/media?parent=30363"}],"wp:term":[{"taxonomy":"product_cat","embeddable":true,"href":"https:\/\/smania.store\/lv\/wp-json\/wp\/v2\/product_cat?post=30363"},{"taxonomy":"product_tag","embeddable":true,"href":"https:\/\/smania.store\/lv\/wp-json\/wp\/v2\/product_tag?post=30363"}],"curies":[{"name":"wp","href":"https:\/\/api.w.org\/{rel}","templated":true}]}}