{"id":30314,"date":"2025-04-10T13:06:41","date_gmt":"2025-04-10T11:06:41","guid":{"rendered":"https:\/\/smania.store\/lv\/preces\/keramikas-remonta-pasta-ultra-paste\/"},"modified":"2026-02-01T11:24:46","modified_gmt":"2026-02-01T10:24:46","slug":"keramikas-remonta-pasta-ultra-paste","status":"publish","type":"product","link":"https:\/\/smania.store\/lv\/preces\/keramikas-remonta-pasta-ultra-paste\/","title":{"rendered":"Keramikas remonta pasta Ultra Paste"},"content":{"rendered":"<div class=\"smania_landing_description_title\">JAUNUMS! Ultra Paste &#8211; vienk\u0101r\u0161s risin\u0101jums keramikas remontam<\/div>\n<div class=\"smania_landing_description_txt\">\u0100tri salabojiet boj\u0101to keramiku!<\/div>\n<div class=\"smania_landing_description_subtitle\">Vai esat noguris dz\u012bvot ar plais\u0101m un boj\u0101jumiem uz j\u016bsu iecien\u012bt\u0101kajiem keramikas priek\u0161metiem? Ar Ultra Paste j\u016bsu probl\u0113ma tiks atrisin\u0101ta \u0101tr\u0101k, nek\u0101 j\u016bs dom\u0101jat. \u0160\u012b \u013coti efekt\u012bv\u0101 pasta ir paredz\u0113ta, lai salabotu \u0161\u0137embas, salauztas malas un keramikas plaisas, nodro\u0161inot perfektu rezult\u0101tu ar vienu vien\u012bgu uzkl\u0101\u0161anas reizi.<\/div>\n<div class=\"smania_landing_description_list\">\n<ul>\n<li>\u0100trs un vienk\u0101r\u0161s remonts: Atjaunojiet boj\u0101to keramiku tikai da\u017eu min\u016b\u0161u laik\u0101 ar vienu vienk\u0101r\u0161u uzkl\u0101\u0161anu<\/li>\n<li>Perfekta sader\u012bba: Pasta nevainojami sapl\u016bst ar keramikas kr\u0101su un fakt\u016bru, padarot remontu neredzamu<\/li>\n<li>Univers\u0101la lieto\u0161ana: Ide\u0101li piem\u0113rots visu veidu keramikas virsm\u0101m &#8211; no fl\u012bz\u0113m l\u012bdz kr\u016bz\u0113m un v\u0101z\u0113m<\/li>\n<li>Ietaupa laiku un naudu: Izvairieties no d\u0101rgas nomai\u0146as un ilgsto\u0161iem remontdarbiem ar vienk\u0101r\u0161u un efekt\u012bvu Ultra Paste<\/li>\n<li>Iztur\u012bgs risin\u0101jums: P\u0113c iz\u017e\u016b\u0161anas remonts ir iztur\u012bgs un notur\u012bgs pret ikdienas lieto\u0161anu<\/li>\n<\/ul><\/div>\n","protected":false},"excerpt":{"rendered":"<p>Lielisks pild\u012bjums: Pasta efekt\u012bvi aizpilda visas plaisas, \u0161\u0137embas un caurumus|\u0100tra \u017e\u016b\u0161ana: Remonts ir ciets tikai 10 min\u016b\u0161u laik\u0101|\u016adensiztur\u012bgs: P\u0113c remonta virsma b\u016bs notur\u012bga pret \u016bdeni un citiem \u0161\u0137idrumiem|Neredzams remonts: Pasta perfekti sapl\u016bst ar keramiku, neatst\u0101jot redzamas p\u0113das|Tilpums: 100 g, pietiekams vair\u0101kiem remontdarbiem|Augstas kvalit\u0101tes formula: Izstr\u0101d\u0101ta iztur\u012bbai un stipr\u012bbai|Viegli lietojams: Vienk\u0101r\u0161i samaisiet, uzkl\u0101jiet un izl\u012bdziniet|Univers\u0101ls: Piem\u0113rots fl\u012bz\u0113m, porcel\u0101nam, stikla priek\u0161metiem un citiem materi\u0101liem|PIEZ\u012aME: izstr\u0101d\u0101jums ir piem\u0113rots tikai baltajai keramikai<\/p>\n","protected":false},"featured_media":30292,"template":"","meta":[],"product_cat":[1594,2138],"product_tag":[2140,1950,1650],"acf":[],"_links":{"self":[{"href":"https:\/\/smania.store\/lv\/wp-json\/wp\/v2\/product\/30314"}],"collection":[{"href":"https:\/\/smania.store\/lv\/wp-json\/wp\/v2\/product"}],"about":[{"href":"https:\/\/smania.store\/lv\/wp-json\/wp\/v2\/types\/product"}],"wp:featuredmedia":[{"embeddable":true,"href":"https:\/\/smania.store\/lv\/wp-json\/wp\/v2\/media\/30292"}],"wp:attachment":[{"href":"https:\/\/smania.store\/lv\/wp-json\/wp\/v2\/media?parent=30314"}],"wp:term":[{"taxonomy":"product_cat","embeddable":true,"href":"https:\/\/smania.store\/lv\/wp-json\/wp\/v2\/product_cat?post=30314"},{"taxonomy":"product_tag","embeddable":true,"href":"https:\/\/smania.store\/lv\/wp-json\/wp\/v2\/product_tag?post=30314"}],"curies":[{"name":"wp","href":"https:\/\/api.w.org\/{rel}","templated":true}]}}