{"id":30290,"date":"2025-04-10T13:04:50","date_gmt":"2025-04-10T11:04:50","guid":{"rendered":"https:\/\/smania.store\/lv\/preces\/bisu-vasks-kokam-bee-wax\/"},"modified":"2025-10-10T09:26:18","modified_gmt":"2025-10-10T07:26:18","slug":"bisu-vasks-kokam-bee-wax","status":"publish","type":"product","link":"https:\/\/smania.store\/lv\/preces\/bisu-vasks-kokam-bee-wax\/","title":{"rendered":"Bi\u0161u vasks kokam Bee Wax"},"content":{"rendered":"<div class=\"smania_landing_description_title\">JAUNUMS! Bee Wax &#8211; Atjaunojiet koka m\u0113be\u013cu sp\u012bdumu<\/div>\n<div class=\"smania_landing_description_txt\">Atdz\u012bviniet savas koka m\u0113beles!<\/div>\n<div class=\"smania_landing_description_subtitle\">Vai esat noguris no veco koka m\u0113be\u013cu bl\u0101va un nolietota izskata? Bi\u0161u vasks ir lielisks pul\u0113\u0161anas l\u012bdzeklis, kas atjaunos j\u016bsu m\u0113be\u013cu sp\u012bdumu un dabisko skaistumu. Nav nepiecie\u0161ams atbr\u012bvoties no vecaj\u0101m m\u0113bel\u0113m &#8211; ar \u0161o vasku t\u0101s izskat\u012bsies k\u0101 jaunas. Ar 150 ml tilpumu pietiek l\u012bdz 8 m\u00b2 koka virsmu, t\u0101p\u0113c tas ir lieliski piem\u0113rots j\u016bsu iecien\u012bt\u0101ko priek\u0161metu atdz\u012bvin\u0101\u0161anai.<\/div>\n<div class=\"smania_landing_description_list\">\n<ul>\n<li>Atjauno sp\u012bdumu: atdz\u012bvina koka virsmas un atjauno to dabisko sp\u012bdumu, padarot m\u0113beles k\u0101 jaunas<\/li>\n<li>Viegla lieto\u0161ana: \u0101tra un vienk\u0101r\u0161a uzkl\u0101\u0161ana, kas pie\u0161\u0137ir m\u0113bel\u0113m ilgsto\u0161u sp\u012bdumu un aizsardz\u012bbu<\/li>\n<li>Aizsardz\u012bba pret skr\u0101p\u0113jumiem: aizsarg\u0101 koksni no boj\u0101jumiem un nov\u0113r\u0161 skr\u0101p\u0113jumus<\/li>\n<li>\u016adensnecaurlaid\u012bga aizsardz\u012bba: izveido \u016bdensnecaurlaid\u012bgu barjeru, kas pasarg\u0101 m\u0113beles no mitruma<\/li>\n<li>Netoksisks un dro\u0161s: satur bi\u0161u vasku, kas ir dro\u0161s lieto\u0161anai, netoksisks un saudz\u012bgs pret \u0101du<\/li>\n<\/ul><\/div>\n","protected":false},"excerpt":{"rendered":"<p>Koka restaur\u0101cija: Atjauno koka m\u0113be\u013cu dabisko st\u0101vokli, pie\u0161\u0137irot t\u0101m sp\u012bdumu un aizsardz\u012bbu|Ilgnotur\u012bga aizsardz\u012bba: Nov\u0113r\u0161 boj\u0101jumus un aizsarg\u0101 koka virsmas no mitruma un skr\u0101p\u0113jumiem|Daudzpus\u012bgs pielietojums: Ide\u0101li piem\u0113rots koka gr\u012bd\u0101m, galdiem, kr\u0113sliem, durv\u012bm un cit\u0101m koka m\u0113bel\u0113m|Dro\u0161a lieto\u0161ana: Netoksiska formula ar bi\u0161u vasku, piem\u0113rota m\u0101jok\u013ciem ar b\u0113rniem un m\u0101jdz\u012bvniekiem|Tilpums: 150 ml, pietiek l\u012bdz 8 m\u00b2 koka virsmu|Bi\u0161u vaska formula: dab\u012bgs sast\u0101vs, kas baro un aizsarg\u0101 koksni|Viegli lietot: vienk\u0101r\u0161i uzkl\u0101jiet ar m\u012bkstu dr\u0101ni\u0146u un izbaudiet atjaunoto sp\u012bdumu|Netoksisks: vasks ir dro\u0161s lieto\u0161anai iek\u0161telp\u0101s, bez kait\u012bg\u0101m \u0137\u012bmisk\u0101m viel\u0101m<\/p>\n","protected":false},"featured_media":30280,"template":"","meta":[],"product_cat":[1594,2138],"product_tag":[1950],"acf":[],"_links":{"self":[{"href":"https:\/\/smania.store\/lv\/wp-json\/wp\/v2\/product\/30290"}],"collection":[{"href":"https:\/\/smania.store\/lv\/wp-json\/wp\/v2\/product"}],"about":[{"href":"https:\/\/smania.store\/lv\/wp-json\/wp\/v2\/types\/product"}],"wp:featuredmedia":[{"embeddable":true,"href":"https:\/\/smania.store\/lv\/wp-json\/wp\/v2\/media\/30280"}],"wp:attachment":[{"href":"https:\/\/smania.store\/lv\/wp-json\/wp\/v2\/media?parent=30290"}],"wp:term":[{"taxonomy":"product_cat","embeddable":true,"href":"https:\/\/smania.store\/lv\/wp-json\/wp\/v2\/product_cat?post=30290"},{"taxonomy":"product_tag","embeddable":true,"href":"https:\/\/smania.store\/lv\/wp-json\/wp\/v2\/product_tag?post=30290"}],"curies":[{"name":"wp","href":"https:\/\/api.w.org\/{rel}","templated":true}]}}