{"id":30279,"date":"2025-04-10T13:03:12","date_gmt":"2025-04-10T11:03:12","guid":{"rendered":"https:\/\/smania.store\/lv\/preces\/pelejuma-noversanas-aerosols-mold-remover\/"},"modified":"2025-04-10T13:03:12","modified_gmt":"2025-04-10T11:03:12","slug":"pelejuma-noversanas-aerosols-mold-remover","status":"publish","type":"product","link":"https:\/\/smania.store\/lv\/preces\/pelejuma-noversanas-aerosols-mold-remover\/","title":{"rendered":"Pel\u0113juma nov\u0113r\u0161anas aerosols Mold Remover"},"content":{"rendered":"<div class=\"smania_landing_description_title\">JAUNUMS! Mold Remover &#8211; uzticama aizsardz\u012bba pret pel\u0113jumu<\/div>\n<div class=\"smania_landing_description_txt\">Aizsarg\u0101jiet savu m\u0101jokli no pel\u0113juma dro\u0161\u0101 un videi draudz\u012bg\u0101 veid\u0101.<\/div>\n<div class=\"smania_landing_description_subtitle\">Vai j\u016bsu m\u0101j\u0101s vai biroj\u0101 turpina augt sp\u012bt\u012bga pel\u0113juma s\u0113n\u012bte? Mold Remover ir lielisks risin\u0101jums, lai nov\u0113rstu pel\u0113juma aug\u0161anu. \u0160is \u012bpa\u0161i izstr\u0101d\u0101tais aerosols nesatur kait\u012bgas \u0137imik\u0101lijas, t\u0101p\u0113c tas ir dro\u0161a un videi draudz\u012bga izv\u0113le j\u016bsu m\u0101jai. Pateicoties pat\u012bkamam arom\u0101tam un vieglai lieto\u0161anai, Mold Remover nodro\u0161in\u0101s j\u016bsu telpas t\u012bras, vesel\u012bgas un br\u012bvas no pel\u0113juma.<\/div>\n<div class=\"smania_landing_description_list\">\n<ul>\n<li>Efekt\u012bva aizsardz\u012bba: Izsmidzin\u0101t\u0101js rada aizsargbarjeru, kas nov\u0113r\u0161 pel\u0113juma aug\u0161anu un izplat\u012b\u0161anos neatkar\u012bgi no virsmas veida<\/li>\n<li>Daudzpus\u012bga lieto\u0161ana: Piem\u0113rots sien\u0101m, griestiem, audumiem un da\u017e\u0101d\u0101m cit\u0101m virsm\u0101m, kas pak\u013cautas mitruma iedarb\u012bbai<\/li>\n<li>Dro\u0161a lieto\u0161ana: Nesatur kait\u012bgas \u0137imik\u0101lijas, dro\u0161i lietojams vis\u0101s telp\u0101s, tostarp gu\u013camistab\u0101s<\/li>\n<li>Videi draudz\u012bgs: Ekolo\u0123iska formula bez kait\u012bgas ietekmes uz vidi<\/li>\n<li>Ilgsto\u0161a iedarb\u012bba: Regul\u0101ra aerosola lieto\u0161ana nodro\u0161ina ilgtermi\u0146a aizsardz\u012bbu pret pel\u0113jumu, saglab\u0101jot j\u016bsu telpas svaigas un vesel\u012bgas<\/li>\n<\/ul><\/div>\n","protected":false},"excerpt":{"rendered":"<p>Iztur\u012bga aizsardz\u012bba: Izveido aizsargsl\u0101ni, kas nov\u0113r\u0161 pel\u0113juma veido\u0161anos un izplat\u012b\u0161anos|Viegli lietojams: Vienk\u0101r\u0161i not\u012briet skart\u0101s vietas, uzkl\u0101jiet aerosolu un \u013caujiet tam no\u017e\u016bt|Daudzpus\u012bga lieto\u0161ana: Lietojiet to uz da\u017e\u0101d\u0101m virsm\u0101m &#8211; no sien\u0101m un griestiem l\u012bdz audumiem|Pat\u012bkams arom\u0101ts: Izsmidzin\u0101t\u0101jam ir pat\u012bkams arom\u0101ts, kas padara t\u0101 lieto\u0161anu v\u0113l pat\u012bkam\u0101ku|Tilpums: 500 ml, pietiekami daudzk\u0101rt\u0113jai lieto\u0161anai uz liel\u0101k\u0101m virsm\u0101m|Netoksiska formula: Nesatur kait\u012bgas \u0137imik\u0101lijas, dro\u0161a lieto\u0161anai dz\u012bvojam\u0101s telp\u0101s|Ilgnotur\u012bga aizsardz\u012bba: Nov\u0113r\u0161 pel\u0113juma aug\u0161anu ilg\u0101ku laiku p\u0113c uzkl\u0101\u0161anas|Videi draudz\u012bgs: l\u012bdzeklis ir videi draudz\u012bgs un aizsarg\u0101 j\u016bsu m\u0101jokli no pel\u0113juma bez kait\u012bg\u0101m sast\u0101vda\u013c\u0101m<\/p>\n","protected":false},"featured_media":30271,"template":"","meta":[],"product_cat":[1594,2138],"product_tag":[2139,1650],"acf":[],"_links":{"self":[{"href":"https:\/\/smania.store\/lv\/wp-json\/wp\/v2\/product\/30279"}],"collection":[{"href":"https:\/\/smania.store\/lv\/wp-json\/wp\/v2\/product"}],"about":[{"href":"https:\/\/smania.store\/lv\/wp-json\/wp\/v2\/types\/product"}],"wp:featuredmedia":[{"embeddable":true,"href":"https:\/\/smania.store\/lv\/wp-json\/wp\/v2\/media\/30271"}],"wp:attachment":[{"href":"https:\/\/smania.store\/lv\/wp-json\/wp\/v2\/media?parent=30279"}],"wp:term":[{"taxonomy":"product_cat","embeddable":true,"href":"https:\/\/smania.store\/lv\/wp-json\/wp\/v2\/product_cat?post=30279"},{"taxonomy":"product_tag","embeddable":true,"href":"https:\/\/smania.store\/lv\/wp-json\/wp\/v2\/product_tag?post=30279"}],"curies":[{"name":"wp","href":"https:\/\/api.w.org\/{rel}","templated":true}]}}