{"id":30258,"date":"2025-04-10T13:02:30","date_gmt":"2025-04-10T11:02:30","guid":{"rendered":"https:\/\/smania.store\/lv\/preces\/stikla-tirisanas-lidzeklis-un-hidrofoba-aizsardziba-visiglass\/"},"modified":"2025-08-01T20:57:36","modified_gmt":"2025-08-01T18:57:36","slug":"stikla-tirisanas-lidzeklis-un-hidrofoba-aizsardziba-visiglass","status":"publish","type":"product","link":"https:\/\/smania.store\/lv\/preces\/stikla-tirisanas-lidzeklis-un-hidrofoba-aizsardziba-visiglass\/","title":{"rendered":"Stikla t\u012br\u012b\u0161anas l\u012bdzeklis un hidrofob\u0101 aizsardz\u012bba Visiglass"},"content":{"rendered":"<div class=\"smania_landing_description_title\">JAUNUMS! Visiglass &#8211; Perfekta dzidr\u012bba un aizsardz\u012bba j\u016bsu stiklam<\/div>\n<div class=\"smania_landing_description_txt\">Uzlabo redzam\u012bbu un dro\u0161\u012bbu uz ce\u013ca<\/div>\n<div class=\"smania_landing_description_subtitle\">Vai uz j\u016bsu logiem rodas taukaini traipi un kaitino\u0161i t\u012br\u012bt\u0101ju trok\u0161\u0146i? Visiglass ir inovat\u012bvs t\u012br\u012b\u0161anas l\u012bdzeklis, kas paredz\u0113ts stikla dzidruma uzlabo\u0161anai, efekt\u012bvi likvid\u0113jot e\u013c\u013cainus traipus un t\u012br\u012bt\u0101ju p\u0113das, vienlaikus izveidojot aizsargsl\u0101ni, kas atgr\u016b\u017e \u016bdeni, lietu un mitrumu. Izmantojot Visiglass, j\u016bs lab\u0101k redz\u0113siet, brauksiet dro\u0161\u0101k un saglab\u0101siet sava automobi\u013ca stiklu nevainojam\u0101 st\u0101vokl\u012b.<\/div>\n<div class=\"smania_landing_description_list\">\n<ul>\n<li>Izcila t\u012br\u012b\u0161anas sp\u0113ja: efekt\u012bvi no\u0146em e\u013c\u013cainus traipus, uzl\u012bmes un citus pies\u0101r\u0146ojumus no stikla<\/li>\n<li>Aizsargsl\u0101nis: Izveido hidrofobu virsmu, kas atgr\u016b\u017e \u016bdens pilienus un nov\u0113r\u0161 mitruma uzkr\u0101\u0161anos<\/li>\n<li>Viegli lietojams: Vienk\u0101r\u0161i uzkl\u0101jiet tie\u0161i uz stikla vai pievienojiet t\u012br\u012bt\u0101ju \u0161\u0137idrumam<\/li>\n<li>Ilgnotur\u012bga aizsardz\u012bba: Nov\u0113r\u0161 traipu atk\u0101rto\u0161anos un ilg\u0101k saglab\u0101 stiklu t\u012br\u0101ku<\/li>\n<li>Dro\u0161s stiklam: Neboj\u0101 stiklu, nodro\u0161inot nevainojamu t\u012br\u012b\u0161anu bez skr\u0101p\u0113jumiem<\/li>\n<\/ul><\/div>\n","protected":false},"excerpt":{"rendered":"<p>Uzlabota redzam\u012bba: Nodro\u0161ina skaidru skatu caur stiklu pat lietus laik\u0101|Ilgnotur\u012bga aizsardz\u012bba: Hidrofobais sl\u0101nis atgr\u016b\u017e \u016bdeni, samazinot bie\u017eas t\u012br\u012b\u0161anas nepiecie\u0161am\u012bbu|Daudzpus\u012bga izmanto\u0161ana: Piem\u0113rots vis\u0101m stikla virsm\u0101m, tostarp automa\u0161\u012bnu logiem|\u0100tri iedarbojas: T\u016bl\u012bt not\u012bra notur\u012bgus traipus un atjauno stikla sp\u012bdumu|Tilpums: 300 ml, pietiekami daudzk\u0101rt\u0113jai lieto\u0161anai|Viegli lietojams: Uzkl\u0101jiet tie\u0161i vai at\u0161\u0137aidiet t\u012br\u012bt\u0101ju \u0161\u0137idrum\u0101|Hidrofob\u0101 aizsardz\u012bba: Atgr\u016b\u017e \u016bdeni un mitrumu, saglab\u0101jot stiklu sausu un t\u012bru|Dro\u0161s stiklam: Nesatur kait\u012bgas \u0137\u012bmisk\u0101s vielas, kas var\u0113tu saboj\u0101t stikla virsmu<\/p>\n","protected":false},"featured_media":30250,"template":"","meta":[],"product_cat":[1596,2138],"product_tag":[1702,2142,2139],"acf":[],"_links":{"self":[{"href":"https:\/\/smania.store\/lv\/wp-json\/wp\/v2\/product\/30258"}],"collection":[{"href":"https:\/\/smania.store\/lv\/wp-json\/wp\/v2\/product"}],"about":[{"href":"https:\/\/smania.store\/lv\/wp-json\/wp\/v2\/types\/product"}],"wp:featuredmedia":[{"embeddable":true,"href":"https:\/\/smania.store\/lv\/wp-json\/wp\/v2\/media\/30250"}],"wp:attachment":[{"href":"https:\/\/smania.store\/lv\/wp-json\/wp\/v2\/media?parent=30258"}],"wp:term":[{"taxonomy":"product_cat","embeddable":true,"href":"https:\/\/smania.store\/lv\/wp-json\/wp\/v2\/product_cat?post=30258"},{"taxonomy":"product_tag","embeddable":true,"href":"https:\/\/smania.store\/lv\/wp-json\/wp\/v2\/product_tag?post=30258"}],"curies":[{"name":"wp","href":"https:\/\/api.w.org\/{rel}","templated":true}]}}