{"id":30236,"date":"2025-04-10T12:59:00","date_gmt":"2025-04-10T10:59:00","guid":{"rendered":"https:\/\/smania.store\/lv\/preces\/skrapejumu-nonemsanas-lidzeklis-nano-polish\/"},"modified":"2025-09-25T21:59:41","modified_gmt":"2025-09-25T19:59:41","slug":"skrapejumu-nonemsanas-lidzeklis-nano-polish","status":"publish","type":"product","link":"https:\/\/smania.store\/lv\/preces\/skrapejumu-nonemsanas-lidzeklis-nano-polish\/","title":{"rendered":"Skr\u0101p\u0113jumu no\u0146em\u0161anas l\u012bdzeklis Nano Polish"},"content":{"rendered":"<div class=\"smania_landing_description_title\">JAUNUMS! Nano Polish &#8211; Atjaunojiet savu automa\u0161\u012bnu k\u0101 jaunu<\/div>\n<div class=\"smania_landing_description_txt\">Viegli no\u0146emiet skr\u0101p\u0113jumus ar br\u012bnumainu formulu<\/div>\n<div class=\"smania_landing_description_subtitle\">Vai esat paman\u012bjis uz sava automobi\u013ca skr\u0101p\u0113jumus, kas boj\u0101 t\u0101 izskatu? Nano Polish ir \u0161eit, lai pal\u012bdz\u0113tu! \u0160is revolucion\u0101rais produkts \u013cauj jums pa\u0161iem likvid\u0113t skr\u0101p\u0113jumus un atjaunot automa\u0161\u012bnas sp\u012bdumu. Nav nepiecie\u0161ams d\u0101rgi apmekl\u0113t autoservisu &#8211; vienk\u0101r\u0161i uzkl\u0101jiet Nano Polish un v\u0113rojiet, k\u0101 skrambas paz\u016bd da\u017eu sekun\u017eu laik\u0101.<\/div>\n<div class=\"smania_landing_description_list\">\n<ul>\n<li>\u0100tra skr\u0101p\u0113jumu no\u0146em\u0161ana: Ar Nano Polish no\u0146emiet skr\u0101p\u0113jumus da\u017eu sekun\u017eu laik\u0101 un atjaunojiet automa\u0161\u012bnas sp\u012bdumu<\/li>\n<li>Viegli lietojams: Nav sare\u017e\u0123\u012btu proced\u016bru &#8211; vienk\u0101r\u0161i uzkl\u0101jiet un noslaukiet<\/li>\n<li>Ilgnotur\u012bga aizsardz\u012bba: P\u0113c skr\u0101p\u0113jumu no\u0146em\u0161anas tas aizsarg\u0101 j\u016bsu automobili no turpm\u0101kiem boj\u0101jumiem<\/li>\n<li>Ietaupa laiku un naudu: Aizmirstiet par d\u0101rgiem remontdarbiem &#8211; Nano Polish ir \u0101trs un finansi\u0101li izdev\u012bgs risin\u0101jums<\/li>\n<li>Dro\u0161s j\u016bsu automa\u0161\u012bnai: Nesatur kait\u012bgas \u0137imik\u0101lijas, kas var saboj\u0101t j\u016bsu transportl\u012bdzek\u013ca virsb\u016bvi<\/li>\n<\/ul><\/div>\n","protected":false},"excerpt":{"rendered":"<p>\u0100tra darb\u012bba: Skr\u0101p\u0113jumi tiek no\u0146emti da\u017eu sekun\u017eu laik\u0101, un j\u016bsu automa\u0161\u012bna atkal sp\u012bd k\u0101 jauna|\u0112rts un efekt\u012bvs: Ide\u0101ls risin\u0101jums, ja jums nav laika vai l\u012bdzek\u013cu braucienam uz autoservisu|Ilgnotur\u012bga aizsardz\u012bba: Ne tikai atjauno j\u016bsu automa\u0161\u012bnu, bet ar\u012b aizsarg\u0101 to no turpm\u0101kiem boj\u0101jumiem|Viegli lietojams: Paredz\u0113ts lieto\u0161anai m\u0101jas apst\u0101k\u013cos, un nav nepiecie\u0161ami \u012bpa\u0161i instrumenti|Tilpums: 30 ml, pietiekami daudzk\u0101rt\u0113jai lieto\u0161anai|Daudzpus\u012bba: Piem\u0113rots visiem automobi\u013cu virsmu veidiem|Videi draudz\u012bgs: Nesatur kod\u012bgas \u0137\u012bmisk\u0101s vielas, dro\u0161s lieto\u0161anai m\u0101j\u0101s|Augsta efektivit\u0101te: Garant\u0113ti rezult\u0101ti, kas j\u016bs nepievils<\/p>\n","protected":false},"featured_media":30226,"template":"","meta":[],"product_cat":[1596,2138],"product_tag":[1702,2142],"acf":[],"_links":{"self":[{"href":"https:\/\/smania.store\/lv\/wp-json\/wp\/v2\/product\/30236"}],"collection":[{"href":"https:\/\/smania.store\/lv\/wp-json\/wp\/v2\/product"}],"about":[{"href":"https:\/\/smania.store\/lv\/wp-json\/wp\/v2\/types\/product"}],"wp:featuredmedia":[{"embeddable":true,"href":"https:\/\/smania.store\/lv\/wp-json\/wp\/v2\/media\/30226"}],"wp:attachment":[{"href":"https:\/\/smania.store\/lv\/wp-json\/wp\/v2\/media?parent=30236"}],"wp:term":[{"taxonomy":"product_cat","embeddable":true,"href":"https:\/\/smania.store\/lv\/wp-json\/wp\/v2\/product_cat?post=30236"},{"taxonomy":"product_tag","embeddable":true,"href":"https:\/\/smania.store\/lv\/wp-json\/wp\/v2\/product_tag?post=30236"}],"curies":[{"name":"wp","href":"https:\/\/api.w.org\/{rel}","templated":true}]}}