{"id":30189,"date":"2025-04-10T12:45:16","date_gmt":"2025-04-10T10:45:16","guid":{"rendered":"https:\/\/smania.store\/lv\/preces\/putu-tirisanas-lidzeklis-foamclear\/"},"modified":"2026-04-08T10:17:18","modified_gmt":"2026-04-08T08:17:18","slug":"putu-tirisanas-lidzeklis-foamclear","status":"publish","type":"product","link":"https:\/\/smania.store\/lv\/preces\/putu-tirisanas-lidzeklis-foamclear\/","title":{"rendered":"Putu t\u012br\u012b\u0161anas l\u012bdzeklis FoamClear"},"content":{"rendered":"<div class=\"smania_landing_description_title\">JAUNUMS! Ma\u0123isks t\u012br\u012b\u0161anas l\u012bdzeklis j\u016bsu automa\u0161\u012bnai un m\u0101jai<\/div>\n<div class=\"smania_landing_description_txt\">Izsmidziniet, noslaukiet, un net\u012brumi ir prom!<\/div>\n<div class=\"smania_landing_description_subtitle\">Daudzfunkcion\u0101lais putojo\u0161ais t\u012br\u012b\u0161anas l\u012bdzeklis ir sp\u0113c\u012bgs univers\u0101ls risin\u0101jums automobi\u013cu interjeram, kas paredz\u0113ts efekt\u012bvai e\u013c\u013cas, net\u012brumu un notur\u012bgu traipu no\u0146em\u0161anai, kopjot virsmas un saglab\u0101jot t\u0101s svaigas un t\u012bras. Ar saudz\u012bgu formulu tas iek\u013c\u016bst dzi\u013ci, neboj\u0101jot materi\u0101lus vai rokas, un atst\u0101j atjaunotu virsmu saj\u016btu. Viegli lietojams, vienk\u0101r\u0161i izsmidziniet un noslaukiet, \u0161is t\u012br\u012b\u0161anas l\u012bdzeklis neprasa skalo\u0161anu un nodro\u0161ina UV aizsardz\u012bbu, lai nov\u0113rstu da\u017e\u0101du automa\u0161\u012bnu virsmu izbal\u0113\u0161anu un noveco\u0161anos.<\/div>\n<div class=\"smania_landing_description_list\">\n<ul>\n<li>Daudzfunkcion\u0101ls pielietojums: var izmantot vis\u0101s automa\u0161\u012bnas da\u013c\u0101s, lai efekt\u012bvi no\u0146emtu e\u013c\u013cu, net\u012brumus, notur\u012bgus traipus, koptu virsmu un saglab\u0101tu to t\u012bru un svaigu<\/li>\n<li>Sp\u0113c\u012bga formula: Sp\u0113c\u012bga caurlaid\u012bba, var efekt\u012bvi no\u0146emt taukus, notur\u012bgus traipus, r\u016bp\u012bg\u0101k un piln\u012bg\u0101k izt\u012br\u012bt automa\u0161\u012bnas salonu<\/li>\n<li>Dro\u0161a un \u0101tra: Ar maigu, bet efekt\u012bvu formulu var viegli no\u0146emt taukus un net\u012brumus, izmantojot bl\u012bvas putas, nesavainot rokas vai priek\u0161metus, dro\u0161i un \u0101tri<\/li>\n<li>Viegli lietojams: Vienk\u0101r\u0161i uzsmidziniet uz v\u0113lam\u0101s vietas, vajadz\u012bbas gad\u012bjum\u0101 not\u012briet ar s\u016bkli un no\u0146emiet putas ar dvieli<\/li>\n<li>Aizsargp\u0101rkl\u0101jums: Pal\u012bdz nov\u0113rst izbal\u0113\u0161anu, noveco\u0161anu, plais\u0101\u0161anu un nodro\u0161ina aizsardz\u012bbu pret UV stariem, var lietot uz vis\u0101m automa\u0161\u012bnas da\u013c\u0101m un uz jebkura materi\u0101la<\/li>\n<\/ul><\/div>\n","protected":false},"excerpt":{"rendered":"<p>Efekt\u012bvs t\u012br\u012b\u0161anas l\u012bdzeklis j\u016bsu automa\u0161\u012bnai un m\u0101jai ar \u0101tru rezult\u0101tu|Viegla t\u012br\u012b\u0161ana: Izsmidziniet un noslaukiet|Izstr\u0101d\u0101ts ar aug\u0161\u0113jo birst\u012bti, lai no\u0146emtu notur\u012bgus net\u012brumus un putek\u013cu nos\u0113dumus|Piem\u0113rots plastmasai, \u0101dai, vinilam, gumijai, polster\u0113jumam un pakl\u0101jiem|Tilpums: 650 ml|Der\u012bguma termi\u0146\u0161: 3 gadi<\/p>\n","protected":false},"featured_media":30177,"template":"","meta":[],"product_cat":[1596,1594,2138],"product_tag":[1702,2139],"acf":[],"_links":{"self":[{"href":"https:\/\/smania.store\/lv\/wp-json\/wp\/v2\/product\/30189"}],"collection":[{"href":"https:\/\/smania.store\/lv\/wp-json\/wp\/v2\/product"}],"about":[{"href":"https:\/\/smania.store\/lv\/wp-json\/wp\/v2\/types\/product"}],"wp:featuredmedia":[{"embeddable":true,"href":"https:\/\/smania.store\/lv\/wp-json\/wp\/v2\/media\/30177"}],"wp:attachment":[{"href":"https:\/\/smania.store\/lv\/wp-json\/wp\/v2\/media?parent=30189"}],"wp:term":[{"taxonomy":"product_cat","embeddable":true,"href":"https:\/\/smania.store\/lv\/wp-json\/wp\/v2\/product_cat?post=30189"},{"taxonomy":"product_tag","embeddable":true,"href":"https:\/\/smania.store\/lv\/wp-json\/wp\/v2\/product_tag?post=30189"}],"curies":[{"name":"wp","href":"https:\/\/api.w.org\/{rel}","templated":true}]}}