{"id":30175,"date":"2025-04-10T12:44:21","date_gmt":"2025-04-10T10:44:21","guid":{"rendered":"https:\/\/smania.store\/lv\/preces\/augsta-spiduma-remonta-un-apdares-risinajums-autogloss\/"},"modified":"2025-07-25T09:02:33","modified_gmt":"2025-07-25T07:02:33","slug":"augsta-spiduma-remonta-un-apdares-risinajums-autogloss","status":"publish","type":"product","link":"https:\/\/smania.store\/lv\/preces\/augsta-spiduma-remonta-un-apdares-risinajums-autogloss\/","title":{"rendered":"Augsta sp\u012bduma remonta un apdares risin\u0101jums AutoGloss"},"content":{"rendered":"<div class=\"smania_landing_description_title\">JAUNUMS! AutoGloss &#8211; augstas sp\u012bduma pak\u0101pes remonta un apdares risin\u0101jums<\/div>\n<div class=\"smania_landing_description_txt\">Inovat\u012bva 3-in-1 formula aizpilda skr\u0101p\u0113jumus un nepiln\u012bbas!<\/div>\n<div class=\"smania_landing_description_subtitle\">AutoGloss ir ide\u0101ls risin\u0101jums &#8220;3 vien\u0101&#8221; j\u016bsu transportl\u012bdzeklim! \u0160is augstas veiktsp\u0113jas, pa\u0161izl\u012bdzino\u0161ais aizsargp\u0101rkl\u0101jums ne tikai labo virsmas nepiln\u012bbas, bet ar\u012b nodro\u0161ina sp\u012bdumu un ilgsto\u0161u aizsardz\u012bbu!\ud83d\ude97\u2728<\/div>\n<div class=\"smania_landing_description_list\">\n<ul>\n<li>Viegli izl\u012bdzina un aizpilda virsmas nepiln\u012bbas<\/li>\n<li>Izce\u013c kr\u0101su dzi\u013cumu un bag\u0101t\u012bbu<\/li>\n<li>Nodro\u0161ina UV aizsardz\u012bbu un nov\u0113r\u0161 r\u016bsas veido\u0161anos<\/li>\n<li>\u0100trs un efekt\u012bvs risin\u0101jums, lai atjaunotu j\u016bsu automobi\u013ca nevainojamo izskatu<\/li>\n<li>Nav nepiecie\u0161ami profesion\u0101li pakalpojumi<\/li>\n<\/ul><\/div>\n","protected":false},"excerpt":{"rendered":"<p>Iztur\u012bgs p\u0101rkl\u0101jums, kas aizsarg\u0101 j\u016bsu automa\u0161\u012bnu no UV stariem un r\u016bsas|Atjauno j\u016bsu transportl\u012bdzek\u013ca kr\u0101sas sp\u012bdumu un bag\u0101t\u012bbu|Izl\u012bdzina un aizpilda virsmas skr\u0101p\u0113jumus un nel\u012bdzenumus|Ilgnotur\u012bgs efekts|Viegla lieto\u0161ana: uzkl\u0101jiet uz transportl\u012bdzek\u013ca virsmas ar s\u016bkli|Tilpums: 150 ml|Der\u012bguma termi\u0146\u0161: 3 gadi<\/p>\n","protected":false},"featured_media":30672,"template":"","meta":[],"product_cat":[1596,2138],"product_tag":[1702,2142,2139],"acf":[],"_links":{"self":[{"href":"https:\/\/smania.store\/lv\/wp-json\/wp\/v2\/product\/30175"}],"collection":[{"href":"https:\/\/smania.store\/lv\/wp-json\/wp\/v2\/product"}],"about":[{"href":"https:\/\/smania.store\/lv\/wp-json\/wp\/v2\/types\/product"}],"wp:featuredmedia":[{"embeddable":true,"href":"https:\/\/smania.store\/lv\/wp-json\/wp\/v2\/media\/30672"}],"wp:attachment":[{"href":"https:\/\/smania.store\/lv\/wp-json\/wp\/v2\/media?parent=30175"}],"wp:term":[{"taxonomy":"product_cat","embeddable":true,"href":"https:\/\/smania.store\/lv\/wp-json\/wp\/v2\/product_cat?post=30175"},{"taxonomy":"product_tag","embeddable":true,"href":"https:\/\/smania.store\/lv\/wp-json\/wp\/v2\/product_tag?post=30175"}],"curies":[{"name":"wp","href":"https:\/\/api.w.org\/{rel}","templated":true}]}}