{"id":30163,"date":"2025-04-10T12:43:03","date_gmt":"2025-04-10T10:43:03","guid":{"rendered":"https:\/\/smania.store\/lv\/preces\/elastigs-poliurinvielas-suvju-hermetikis-groutpro-1-kg\/"},"modified":"2025-07-23T18:41:31","modified_gmt":"2025-07-23T16:41:31","slug":"elastigs-poliurinvielas-suvju-hermetikis-groutpro-1-kg","status":"publish","type":"product","link":"https:\/\/smania.store\/lv\/preces\/elastigs-poliurinvielas-suvju-hermetikis-groutpro-1-kg\/","title":{"rendered":"Elast\u012bgs poliur\u012bnvielas \u0161uvju herm\u0113ti\u0137is GroutPro\u2122 (1 kg)"},"content":{"rendered":"<div class=\"smania_landing_description_title\">P\u0101rsteidzo\u0161s jaunin\u0101jums! Ide\u0101ls herm\u0113ti\u0137is sien\u0101m un \u0161uv\u0113m!<\/div>\n<div class=\"smania_landing_description_txt\">\u0112rti nobl\u012bv\u0113jiet plaisas ar iztur\u012bgu un elast\u012bgu herm\u0113ti\u0137i da\u017eu min\u016b\u0161u laik\u0101!<\/div>\n<div class=\"smania_landing_description_subtitle\">Aizmirstiet par nopl\u016bd\u0113m un plais\u0101m! Izmantojot m\u016bsu GroutPro\u2122 herm\u0113ti\u0137i, j\u016bs \u0101tri atrisin\u0101sit visas probl\u0113mas, kas saist\u012btas ar plais\u0101m sien\u0101m, savienojumiem un nopl\u016bd\u0113m. \u0160is revolucion\u0101rais poliur\u012bnvielas polim\u0113ru herm\u0113ti\u0137is nodro\u0161ina \u016bdensnecaurlaid\u012bgu aizsardz\u012bbu un uzticam\u012bbu gadiem ilgi. Negaidiet, padariet savu m\u0101ju dro\u0161u!<\/div>\n<div class=\"smania_landing_description_list\">\n<ul>\n<li>Izmanto plaisu un izple\u0161an\u0101s \u0161uvju bl\u012bv\u0113\u0161anai<\/li>\n<li>T\u016bl\u012bt\u0113ja un ilgsto\u0161a bl\u012bv\u0113\u0161ana<\/li>\n<li>\u016adensiztur\u012bgs un laikapst\u0101k\u013cu necaurlaid\u012bgs<\/li>\n<li>Viegli uzkl\u0101jams, nav nepiecie\u0161ams eksperts<\/li>\n<li>Piem\u0113rots lieto\u0161anai iek\u0161telp\u0101s un \u0101r\u0101<\/li>\n<li>\u013boti elast\u012bgs un iztur\u012bgs<\/li>\n<\/ul><\/div>\n","protected":false},"excerpt":{"rendered":"<p>Iztur\u012bgs pret ekstrem\u0101l\u0101m temperat\u016br\u0101m|Iztur\u012bgs pret spiedienu, nedeform\u0113jas un neplais\u0101|\u016adensiztur\u012bgs un iztur\u012bgs pret laikapst\u0101k\u013ciem|Dro\u0161s lieto\u0161anai uz vis\u0101m virsm\u0101m|Aizsardz\u012bba pret mitrumu un pel\u0113jumu|Pretnoveco\u0161an\u0101s un \u013coti elast\u012bga formula|Netoksisks, bez smar\u017eas un dro\u0161s gan cilv\u0113kiem, gan m\u0101jdz\u012bvniekiem|Augsta efektivit\u0101te un uzticam\u012bba ilgsto\u0161am remontam|Lieliski piem\u0113rots profesion\u0101lai lieto\u0161anai un m\u0101jas lieto\u0161anai|Ide\u0101li piem\u0113rots remontam un atjauno\u0161anai|\u0100tra iestat\u012b\u0161ana, nav sarau\u0161an\u0101s|Piem\u0113rots sausai lieto\u0161anai|Dro\u0161s un nekait\u012bgs|Saturs: 1 kg (pietiek ar 1 l\u012bdz 2 m2 atkar\u012bb\u0101 no sl\u0101\u0146a biezuma, plaisu platuma un dzi\u013cuma)<\/p>\n","protected":false},"featured_media":30151,"template":"","meta":[],"product_cat":[1594,2138],"product_tag":[2140,1687],"acf":[],"_links":{"self":[{"href":"https:\/\/smania.store\/lv\/wp-json\/wp\/v2\/product\/30163"}],"collection":[{"href":"https:\/\/smania.store\/lv\/wp-json\/wp\/v2\/product"}],"about":[{"href":"https:\/\/smania.store\/lv\/wp-json\/wp\/v2\/types\/product"}],"wp:featuredmedia":[{"embeddable":true,"href":"https:\/\/smania.store\/lv\/wp-json\/wp\/v2\/media\/30151"}],"wp:attachment":[{"href":"https:\/\/smania.store\/lv\/wp-json\/wp\/v2\/media?parent=30163"}],"wp:term":[{"taxonomy":"product_cat","embeddable":true,"href":"https:\/\/smania.store\/lv\/wp-json\/wp\/v2\/product_cat?post=30163"},{"taxonomy":"product_tag","embeddable":true,"href":"https:\/\/smania.store\/lv\/wp-json\/wp\/v2\/product_tag?post=30163"}],"curies":[{"name":"wp","href":"https:\/\/api.w.org\/{rel}","templated":true}]}}