{"id":30134,"date":"2025-04-10T12:35:36","date_gmt":"2025-04-10T10:35:36","guid":{"rendered":"https:\/\/smania.store\/lv\/preces\/hidrofobs-vejstikla-skidrums-visionguard\/"},"modified":"2025-04-10T12:35:36","modified_gmt":"2025-04-10T10:35:36","slug":"hidrofobs-vejstikla-skidrums-visionguard","status":"publish","type":"product","link":"https:\/\/smania.store\/lv\/preces\/hidrofobs-vejstikla-skidrums-visionguard\/","title":{"rendered":"Hidrofobs v\u0113jstikla \u0161\u0137idrums VisionGuard\u2122"},"content":{"rendered":"<div class=\"smania_landing_description_title\">JAUNUMS! Visaptvero\u0161a aizsardz\u012bba j\u016bsu stiklam<\/div>\n<div class=\"smania_landing_description_txt\">Perfekta redzam\u012bba pat lietus un miglas laik\u0101!<\/div>\n<div class=\"smania_landing_description_subtitle\">Nodro\u0161iniet perfektu redzam\u012bbu uz ce\u013ca! VisionGuard\u2122 uz stikla izveido aizsargk\u0101rtu, kas atgr\u016b\u017e lietu, net\u012brumus, putek\u013cus, miglu un \u0161\u0137idrumus. To ir viegli uzkl\u0101t, tas ilgst ned\u0113\u013cas un ir iztur\u012bgs l\u012bdz -25\u00b0C. Nodro\u0161iniet savu brauk\u0161anas dro\u0161\u012bbu jau \u0161odien!<\/div>\n<div class=\"smania_landing_description_list\">\n<ul>\n<li>Nodro\u0161ina skaidru skatu caur stiklu<\/li>\n<li>Izveido ilgsto\u0161u aizsargk\u0101rtu<\/li>\n<li>Efekt\u012bvi atgr\u016b\u017e \u016bdeni (lietus, migla) un net\u012brumus<\/li>\n<li>Lieliski piem\u0113rots virsb\u016bvei un stiklam<\/li>\n<li>Iztur\u012bgs pret temperat\u016bru l\u012bdz -25\u00b0C<\/li>\n<li>Dro\u0161s un viegli lietojams, bez kait\u012bg\u0101m \u0137\u012bmisk\u0101m viel\u0101m<\/li>\n<\/ul><\/div>\n","protected":false},"excerpt":{"rendered":"<p>Optim\u0101la redzam\u012bba jebkuros apst\u0101k\u013cos|Paaugstin\u0101ta dro\u0161\u012bba brauk\u0161anas laik\u0101|Viegli lietojams: uzkl\u0101t tie\u0161i vai at\u0161\u0137aid\u012bt t\u012br\u012bt\u0101ju \u0161\u0137idrum\u0101|Iztur\u012bgs pret zem\u0101m temperat\u016br\u0101m|Aizsardz\u012bba logiem un virsb\u016bvei, kas ilgst ned\u0113\u013cas|No\u0146em notur\u012bgus traipus un atjauno stikla sp\u012bdumu|Nekairina \u0101du|Tas atgr\u016b\u017e lietus, putek\u013cus un net\u012brumus|Ide\u0101li piem\u0113rots visiem gadalaikiem|Tilpums: 1 L \u2013 pietiek vair\u0101kk\u0101rt\u0113jai lieto\u0161anai<\/p>\n","protected":false},"featured_media":30126,"template":"","meta":[],"product_cat":[1596,2138],"product_tag":[1702,2142,2139],"acf":[],"_links":{"self":[{"href":"https:\/\/smania.store\/lv\/wp-json\/wp\/v2\/product\/30134"}],"collection":[{"href":"https:\/\/smania.store\/lv\/wp-json\/wp\/v2\/product"}],"about":[{"href":"https:\/\/smania.store\/lv\/wp-json\/wp\/v2\/types\/product"}],"wp:featuredmedia":[{"embeddable":true,"href":"https:\/\/smania.store\/lv\/wp-json\/wp\/v2\/media\/30126"}],"wp:attachment":[{"href":"https:\/\/smania.store\/lv\/wp-json\/wp\/v2\/media?parent=30134"}],"wp:term":[{"taxonomy":"product_cat","embeddable":true,"href":"https:\/\/smania.store\/lv\/wp-json\/wp\/v2\/product_cat?post=30134"},{"taxonomy":"product_tag","embeddable":true,"href":"https:\/\/smania.store\/lv\/wp-json\/wp\/v2\/product_tag?post=30134"}],"curies":[{"name":"wp","href":"https:\/\/api.w.org\/{rel}","templated":true}]}}