{"id":30099,"date":"2025-04-10T12:33:27","date_gmt":"2025-04-10T10:33:27","guid":{"rendered":"https:\/\/smania.store\/lv\/preces\/gels-pelejuma-nonemsanai-banishmold-100-ml\/"},"modified":"2026-04-16T20:37:47","modified_gmt":"2026-04-16T18:37:47","slug":"gels-pelejuma-nonemsanai-banishmold-100-ml","status":"publish","type":"product","link":"https:\/\/smania.store\/lv\/preces\/gels-pelejuma-nonemsanai-banishmold-100-ml\/","title":{"rendered":"G\u0113ls pel\u0113juma no\u0146em\u0161anai BanishMold\u2122 (100 ml)"},"content":{"rendered":"<div class=\"smania_landing_description_title\">JAUNUMS: Atbr\u012bvojieties no net\u012br\u0101m \u0161uv\u0113m un notur\u012bgas pel\u0113juma s\u0113nes<\/div>\n<div class=\"smania_landing_description_txt\">Atvadieties no t\u012br\u012b\u0161anas un kait\u012bg\u0101m \u0137imik\u0101lij\u0101m<\/div>\n<div class=\"smania_landing_description_subtitle\">BanishMold\u2122 ir izstr\u0101d\u0101ts t\u0101, lai b\u016btu efekt\u012bvs, dro\u0161s un viegli lietojams, t\u0101p\u0113c j\u016bs varat atjaunot t\u012br\u012bbu un svaigumu sav\u0101s telp\u0101s ar minim\u0101lu piep\u016bli.<\/div>\n<div class=\"smania_landing_description_list\">\n<ul>\n<li>Neprasa t\u012br\u012b\u0161anu, \u0101tri iz\u0161\u0137\u012bdina pel\u0113juma traipus<\/li>\n<li>Dzi\u013ci iek\u013c\u016bst javas un fl\u012b\u017eu st\u016bros, efekt\u012bvi iedarbojoties uz pel\u0113jumu<\/li>\n<li>No\u0146em traipus un nov\u0113r\u0161 turpm\u0101ku aug\u0161anu<\/li>\n<li>Ide\u0101li piem\u0113rots vannas istab\u0101m, virtuv\u0113m, fl\u012b\u017eu javai, ve\u013cas ma\u0161\u012bn\u0101m, ledusskapjiem, du\u0161\u0101m, izlietn\u0113m un herm\u0113ti\u0137iem<\/li>\n<li>Ilg\u0101k pasarg\u0101 j\u016bsu m\u0101jokli no pel\u0113juma, nodro\u0161inot vesel\u012bg\u0101ku vidi<\/li>\n<\/ul><\/div>\n","protected":false},"excerpt":{"rendered":"<p>Vienk\u0101r\u0161i uzkl\u0101jiet, pagaidiet un v\u0113rojiet, k\u0101 traipi izz\u016bd|Viegli un efekt\u012bvi likvid\u0113 notur\u012bgu pel\u0113jumu un traipus|No\u0146em traipus bez skarbu t\u012br\u012b\u0161anas|Nesatur kait\u012bgas \u0137imik\u0101lijas, t\u0101p\u0113c ir piem\u0113rots m\u0101jsaimniec\u012bb\u0101m un \u0123imen\u0113m|Nov\u0113r\u0161 pel\u0113juma atgrie\u0161anos|Nodro\u0161ina svaig\u0101ku un vesel\u012bg\u0101ku vidi|Ide\u0101li piem\u0113rots lieto\u0161anai vannas istab\u0101s, virtuv\u0113s un cit\u0101s mitr\u0101s telp\u0101s|Atjauno fl\u012b\u017eu, javu, trauku mazg\u0101jamo ma\u0161\u012bnu un citu ier\u012b\u010du t\u012br\u012bbu|Viegli uzkl\u0101jams uz \u0161uv\u0113m un \u0161auriem st\u016briem|Sast\u0101vs: 100 ml<\/p>\n","protected":false},"featured_media":30100,"template":"","meta":[],"product_cat":[1594,2138],"product_tag":[2139,1650],"acf":[],"_links":{"self":[{"href":"https:\/\/smania.store\/lv\/wp-json\/wp\/v2\/product\/30099"}],"collection":[{"href":"https:\/\/smania.store\/lv\/wp-json\/wp\/v2\/product"}],"about":[{"href":"https:\/\/smania.store\/lv\/wp-json\/wp\/v2\/types\/product"}],"wp:featuredmedia":[{"embeddable":true,"href":"https:\/\/smania.store\/lv\/wp-json\/wp\/v2\/media\/30100"}],"wp:attachment":[{"href":"https:\/\/smania.store\/lv\/wp-json\/wp\/v2\/media?parent=30099"}],"wp:term":[{"taxonomy":"product_cat","embeddable":true,"href":"https:\/\/smania.store\/lv\/wp-json\/wp\/v2\/product_cat?post=30099"},{"taxonomy":"product_tag","embeddable":true,"href":"https:\/\/smania.store\/lv\/wp-json\/wp\/v2\/product_tag?post=30099"}],"curies":[{"name":"wp","href":"https:\/\/api.w.org\/{rel}","templated":true}]}}