{"id":30080,"date":"2025-04-10T12:32:07","date_gmt":"2025-04-10T10:32:07","guid":{"rendered":"https:\/\/smania.store\/lv\/preces\/koka-atjaunosanas-un-tirisanas-lidzeklis-vividwood-300-ml\/"},"modified":"2025-04-10T12:32:56","modified_gmt":"2025-04-10T10:32:56","slug":"koka-atjaunosanas-un-tirisanas-lidzeklis-vividwood-300-ml","status":"publish","type":"product","link":"https:\/\/smania.store\/lv\/preces\/koka-atjaunosanas-un-tirisanas-lidzeklis-vividwood-300-ml\/","title":{"rendered":"Koka atjauno\u0161anas un t\u012br\u012b\u0161anas l\u012bdzeklis VividWood\u2122 (300 ml)"},"content":{"rendered":"<div class=\"smania_landing_description_title\">JAUNUMS: VividWood\u2122 &#8211; atdz\u012bviniet bl\u0101vu koksni!<\/div>\n<div class=\"smania_landing_description_txt\">Atjaunojiet vec\u0101s koksnes dabisko skaistumu!<\/div>\n<div class=\"smania_landing_description_subtitle\">At\u0161\u0137ir\u012bb\u0101 no citiem koksnes atjauno\u0161anas produktiem VividWood\u2122 ne tikai nosedz boj\u0101jumus! Tas iek\u013c\u016bst virsm\u0101, neitraliz\u0113 pel\u0113ko kr\u0101sojumu un atjauno koksni, pagarinot t\u0101s kalpo\u0161anas laiku un ietaupot izdevumus, kas saist\u012bti ar koksnes nomai\u0146u.<\/div>\n<div class=\"smania_landing_description_list\">\n<ul>\n<li>Acumirkl\u012b atdz\u012bvina vecu, sirmu koksni<\/li>\n<li>No\u0101rda net\u012brumus, pel\u0113jumu un oksid\u0101ciju, kas izraisa kr\u0101sas mai\u0146u<\/li>\n<li>Pie\u0161\u0137ir koksnei svaigu, atjaunotu izskatu<\/li>\n<li>Saglab\u0101 koksnes dabisko izskatu<\/li>\n<li>Univers\u0101ls vis\u0101m \u0101r\u0113j\u0101m koka virsm\u0101m<\/li>\n<li>Dro\u0161a, dzi\u013ci att\u012bro\u0161a formula<\/li>\n<\/ul><\/div>\n","protected":false},"excerpt":{"rendered":"<p>Iek\u013c\u016bst virsm\u0101, neitraliz\u0113 pel\u0113ko kr\u0101sojumu un atdz\u012bvina koksni|Pagarina kalpo\u0161anas laiku un \u013cauj ietaup\u012bt koksnes nomai\u0146as izmaksas|Nov\u0113r\u0161 notur\u012bgus kr\u0101sas izkrop\u013cojumus un atjauno koksnes s\u0101kotn\u0113jo siltumu un raksturu|Atjauno un uzlabo visu \u0101r\u0113jo koka virsmu izskatu|Var izmantot gr\u012bd\u0101m, \u017eogiem, \u0101ra m\u0113bel\u0113m, koka nojum\u0113m un daudz kam citam|Izgatavots no dro\u0161\u0101m, saudz\u012bg\u0101m sast\u0101vda\u013c\u0101m, kas nesatur kait\u012bgas \u0137\u012bmisk\u0101s vielas|Netoksisks, dro\u0161s cilv\u0113kiem, m\u0101jdz\u012bvniekiem un augiem|Sast\u0101vs: 300 ml<\/p>\n","protected":false},"featured_media":30081,"template":"","meta":[],"product_cat":[1594,2138],"product_tag":[1687,1950,2139],"acf":[],"_links":{"self":[{"href":"https:\/\/smania.store\/lv\/wp-json\/wp\/v2\/product\/30080"}],"collection":[{"href":"https:\/\/smania.store\/lv\/wp-json\/wp\/v2\/product"}],"about":[{"href":"https:\/\/smania.store\/lv\/wp-json\/wp\/v2\/types\/product"}],"wp:featuredmedia":[{"embeddable":true,"href":"https:\/\/smania.store\/lv\/wp-json\/wp\/v2\/media\/30081"}],"wp:attachment":[{"href":"https:\/\/smania.store\/lv\/wp-json\/wp\/v2\/media?parent=30080"}],"wp:term":[{"taxonomy":"product_cat","embeddable":true,"href":"https:\/\/smania.store\/lv\/wp-json\/wp\/v2\/product_cat?post=30080"},{"taxonomy":"product_tag","embeddable":true,"href":"https:\/\/smania.store\/lv\/wp-json\/wp\/v2\/product_tag?post=30080"}],"curies":[{"name":"wp","href":"https:\/\/api.w.org\/{rel}","templated":true}]}}