{"id":30060,"date":"2025-04-10T12:29:36","date_gmt":"2025-04-10T10:29:36","guid":{"rendered":"https:\/\/smania.store\/lv\/preces\/universalais-attaukosanas-lidzeklis-greaseoff-500-ml\/"},"modified":"2026-05-06T09:48:09","modified_gmt":"2026-05-06T07:48:09","slug":"universalais-attaukosanas-lidzeklis-greaseoff-500-ml","status":"publish","type":"product","link":"https:\/\/smania.store\/lv\/preces\/universalais-attaukosanas-lidzeklis-greaseoff-500-ml\/","title":{"rendered":"Univers\u0101lais attauko\u0161anas l\u012bdzeklis GreaseOFF\u2122 (500 ml)"},"content":{"rendered":"<div class=\"smania_landing_description_title\">JAUNA FORMULA: GreaseOFF\u2122 &#8211; no\u0101rda taukus molekul\u0101r\u0101 l\u012bmen\u012b<\/div>\n<div class=\"smania_landing_description_txt\">Ardievas ar notur\u012bgiem taukiem un net\u012brumiem!<\/div>\n<div class=\"smania_landing_description_subtitle\">Ardievas ar notur\u012bgiem taukiem un net\u012brumiem! GreaseOFF\u2122 uzlabot\u0101 formula dzi\u013ci ies\u016bcas taukos, sadalot tos molekul\u0101r\u0101 l\u012bmen\u012b, lai nodro\u0161in\u0101tu nevainojamu, bez atlikumiem not\u012br\u012btu jebkuru virsmu.<\/div>\n<div class=\"smania_landing_description_list\">\n<ul>\n<li>Iz\u0161\u0137\u0113rso uzkr\u0101ju\u0161os tauku sl\u0101\u0146us<\/li>\n<li>Nodro\u0161ina nevainojamu apdari bez atlikumiem uz jebkuras virsmas<\/li>\n<li>Dro\u0161a, \u0101tra un viegla lieto\u0161ana<\/li>\n<li>Piem\u0113rots pl\u012bts virsm\u0101m, cepe\u0161kr\u0101sn\u012bm, grila griliem, automa\u0161\u012bnu dzin\u0113jiem, velosip\u0113du \u0137\u0113d\u0113m u. c<\/li>\n<li>Ide\u0101li piem\u0113rots gan m\u0101jas, gan profesion\u0101lai lieto\u0161anai<\/li>\n<\/ul><\/div>\n","protected":false},"excerpt":{"rendered":"<p>Paredz\u0113ts, lai not\u012br\u012btu smagus virtuves taukus, net\u012brumus un pieceptus \u0113dienus|Augsta iespie\u0161an\u0101s sp\u0113ja, kas sasniedz gr\u016bti pieejam\u0101s spuru viet\u0101s|Viegli uzkl\u0101jams un izklied\u0113jams, nodro\u0161inot, ka r\u016bp\u012bgi tiek izt\u012br\u012bts katrs st\u016br\u012btis un sprauga|Viegli lietot: izsmidziniet tie\u0161i uz skart\u0101s vietas, pagaidiet da\u017eus mirk\u013cus un p\u0113c tam noslaukiet|Lietojiet uz pl\u012bts virsm\u0101m, cepe\u0161kr\u0101sn\u012bm, mikrovi\u013c\u0146iem, fl\u012bz\u0113m, darba virsm\u0101m, BBQ griliem, automa\u0161\u012bnu dzin\u0113jiem, velosip\u0113du \u0137\u0113d\u0113m un pat r\u016bpniecisk\u0101m iek\u0101rt\u0101m|Sast\u0101vs: 500 ml<\/p>\n","protected":false},"featured_media":30051,"template":"","meta":[],"product_cat":[1594,2138],"product_tag":[1950,2139,1650],"acf":[],"_links":{"self":[{"href":"https:\/\/smania.store\/lv\/wp-json\/wp\/v2\/product\/30060"}],"collection":[{"href":"https:\/\/smania.store\/lv\/wp-json\/wp\/v2\/product"}],"about":[{"href":"https:\/\/smania.store\/lv\/wp-json\/wp\/v2\/types\/product"}],"wp:featuredmedia":[{"embeddable":true,"href":"https:\/\/smania.store\/lv\/wp-json\/wp\/v2\/media\/30051"}],"wp:attachment":[{"href":"https:\/\/smania.store\/lv\/wp-json\/wp\/v2\/media?parent=30060"}],"wp:term":[{"taxonomy":"product_cat","embeddable":true,"href":"https:\/\/smania.store\/lv\/wp-json\/wp\/v2\/product_cat?post=30060"},{"taxonomy":"product_tag","embeddable":true,"href":"https:\/\/smania.store\/lv\/wp-json\/wp\/v2\/product_tag?post=30060"}],"curies":[{"name":"wp","href":"https:\/\/api.w.org\/{rel}","templated":true}]}}