{"id":30039,"date":"2025-04-10T12:27:52","date_gmt":"2025-04-10T10:27:52","guid":{"rendered":"https:\/\/smania.store\/lv\/preces\/akrila-poliuretana-udensnecaurlaidigais-parklajums-aquacoatz-1-kg\/"},"modified":"2026-04-13T12:23:49","modified_gmt":"2026-04-13T10:23:49","slug":"akrila-poliuretana-udensnecaurlaidigais-parklajums-aquacoatz-1-kg","status":"publish","type":"product","link":"https:\/\/smania.store\/lv\/preces\/akrila-poliuretana-udensnecaurlaidigais-parklajums-aquacoatz-1-kg\/","title":{"rendered":"Akrila poliuret\u0101na \u016bdensnecaurlaid\u012bgais p\u0101rkl\u0101jums AquaCoatz\u2122 (1 kg)"},"content":{"rendered":"<div class=\"smania_landing_description_title\">JAUNUMS! Bl\u012bv\u0113 un aizsarg\u0101<\/div>\n<div class=\"smania_landing_description_txt\">Aizsarg\u0101jiet jumtus, sienas un gr\u012bdas no \u016bdens infiltr\u0101cijas gadu desmitiem!<\/div>\n<div class=\"smania_landing_description_subtitle\">AquaCoatz\u2122, \u0161\u0137idrais poliuret\u0101na \u016bdensnecaurlaid\u012bgais p\u0101rkl\u0101jums, nodro\u0161ina jumta dro\u0161\u012bbu visos gadalaikos, da\u017e\u0101dos laikapst\u0101k\u013cos un ekstrem\u0101l\u0101s temperat\u016br\u0101s. Aizmirstiet par \u016bdens nopl\u016bdi un izbaudiet \u016bdensnecaurlaid\u012bgas aizsardz\u012bbas sniegto mieru.<\/div>\n<div class=\"smania_landing_description_list\">\n<ul>\n<li>Sertific\u0113ta \u016bdensnecaurlaid\u012bga aizsardz\u012bba jumtiem, gr\u012bd\u0101m un sien\u0101m<\/li>\n<li>Var uzkl\u0101t ar otu, kr\u0101sas rull\u012bti vai smidzin\u0101t\u0101ju<\/li>\n<li>Izcila elast\u012bba, piem\u0113rota vis\u0101m temperat\u016br\u0101m<\/li>\n<li>Pretnoveco\u0161an\u0101s formula nodro\u0161ina izcilu iztur\u012bbu<\/li>\n<li>Sader\u012bgs ar met\u0101la, betona un asfalta virsm\u0101m<\/li>\n<li>Dro\u0161a un videi draudz\u012bga formula<\/li>\n<li>1 kg p\u0101rkl\u0101j l\u012bdz 2 m2<\/li>\n<\/ul><\/div>\n","protected":false},"excerpt":{"rendered":"<p>Ilgnotur\u012bga \u016bdensiztur\u012bba|Viegli uzkl\u0101jams pa\u0161izl\u012bdzino\u0161s \u016bdensnecaurlaid\u012bgs p\u0101rkl\u0101jums|Iztur\u012bba pret ekstr\u0113m\u0101m temperat\u016br\u0101m no -40 l\u012bdz +80\u00b0C|Izcila iztur\u012bba pret UV starojumu un laikapst\u0101k\u013ciem|Iztur\u012bga un sp\u0113c\u012bga sa\u0137ere ar ciet\u0101m virsm\u0101m|Augsta elast\u012bba, neveido plaisas un nedeform\u0113jas|Segums: 2 m2 uz 1 kg produkta|Lieto\u0161anas metode: ar otu, kr\u0101sas rull\u012bti, smidzin\u0101t\u0101ju|Pielietojamie materi\u0101li: met\u0101ls, betons, asfalts|Kr\u0101sa: pel\u0113ka|Sast\u0101vs: 1 kg|Der\u012bguma termi\u0146\u0161: 12 m\u0113ne\u0161i<\/p>\n","protected":false},"featured_media":30040,"template":"","meta":[],"product_cat":[1594,2138],"product_tag":[2140,1687,1950],"acf":[],"_links":{"self":[{"href":"https:\/\/smania.store\/lv\/wp-json\/wp\/v2\/product\/30039"}],"collection":[{"href":"https:\/\/smania.store\/lv\/wp-json\/wp\/v2\/product"}],"about":[{"href":"https:\/\/smania.store\/lv\/wp-json\/wp\/v2\/types\/product"}],"wp:featuredmedia":[{"embeddable":true,"href":"https:\/\/smania.store\/lv\/wp-json\/wp\/v2\/media\/30040"}],"wp:attachment":[{"href":"https:\/\/smania.store\/lv\/wp-json\/wp\/v2\/media?parent=30039"}],"wp:term":[{"taxonomy":"product_cat","embeddable":true,"href":"https:\/\/smania.store\/lv\/wp-json\/wp\/v2\/product_cat?post=30039"},{"taxonomy":"product_tag","embeddable":true,"href":"https:\/\/smania.store\/lv\/wp-json\/wp\/v2\/product_tag?post=30039"}],"curies":[{"name":"wp","href":"https:\/\/api.w.org\/{rel}","templated":true}]}}