{"id":29996,"date":"2025-04-10T11:36:47","date_gmt":"2025-04-10T09:36:47","guid":{"rendered":"https:\/\/smania.store\/lv\/preces\/smilsu-fiksacijas-lidzeklis-sandbind-1-l\/"},"modified":"2025-09-18T10:31:13","modified_gmt":"2025-09-18T08:31:13","slug":"smilsu-fiksacijas-lidzeklis-sandbind-1-l","status":"publish","type":"product","link":"https:\/\/smania.store\/lv\/preces\/smilsu-fiksacijas-lidzeklis-sandbind-1-l\/","title":{"rendered":"Smil\u0161u fiks\u0101cijas l\u012bdzeklis SANDBIND\u2122 (1 L)"},"content":{"rendered":"<div class=\"smania_landing_description_title\">JAUNUMS! B\u012bstamo ce\u013ca bedr\u012b\u0161u labo\u0161ana \u012bs\u0101 laik\u0101<\/div>\n<div class=\"smania_landing_description_txt\">Sp\u0113c\u012bgs l\u012bm\u0113\u0161anas l\u012bdzeklis gr\u012bd\u0101m un sien\u0101m un ilgnotur\u012bgiem remontdarbiem!<\/div>\n<div class=\"smania_landing_description_subtitle\">Atkl\u0101jiet ilgm\u016b\u017e\u012bga bl\u012bv\u0113juma nosl\u0113pumu! Atvadieties no b\u012bstam\u0101m bedr\u0113m un sabruku\u0161\u0101m sien\u0101m ar SANDBIND\u2122 caursp\u012bd\u012bgo uz smil\u0161u b\u0101zes veidoto l\u012bmi ce\u013cu un sienu remontam. \u0100trs un vienk\u0101r\u0161s risin\u0101jums, kas nov\u0113r\u0161 d\u0101rgu remontdarbu risku. Vai esat gatavs vienk\u0101r\u0161i, \u0101tri un efekt\u012bvi aizsarg\u0101t savu m\u0101ju un pagalmu? Jau ar pirmajiem pielietojumiem j\u016bs paman\u012bsiet SANDBIND\u2122 sp\u0113ku!<\/div>\n<div class=\"smania_landing_description_list\">\n<ul>\n<li>\u0100rk\u0101rt\u012bga l\u012bm\u0113\u0161anas jauda ilgm\u016b\u017e\u012bgiem remontdarbiem<\/li>\n<li>Vienk\u0101r\u0161s un rentabls risin\u0101jums bedr\u012b\u0161u remontam<\/li>\n<li>Pagarina sienu un ce\u013cu kalpo\u0161anas laiku<\/li>\n<li>Notur\u012bgs pret \u016bdeni un mitrumu<\/li>\n<li>Iztur\u012bgs pret UV stariem un ekstr\u0113m\u0101m temperat\u016br\u0101m<\/li>\n<li>Dro\u0161a lieto\u0161ana, videi draudz\u012bga formula<\/li>\n<\/ul><\/div>\n","protected":false},"excerpt":{"rendered":"<p>\u0100trs, vienk\u0101r\u0161s un l\u0113ts ce\u013cu un sienu remonts|Viegli lietojams pat ies\u0101c\u0113jiem|\u012apa\u0161i sp\u0113c\u012bga sa\u0137ere nodro\u0161ina iztur\u012bgu plaisu labo\u0161anu|Notur\u012bgs pret \u016bdeni un mitrumu|Iztur\u012bgs pret UV stariem un ekstr\u0113m\u0101m temperat\u016br\u0101m|\u0100tra un efekt\u012bva smil\u0161u iespie\u0161ana|Izveido polim\u0113ra sl\u0101ni, kas hermetiz\u0113 plaisas|Neto: 1 L |Segums: l\u012bdz 4 kvadr\u0101tmetriem|Lieto\u0161anas jomas: gr\u012bdas, sienas|Piem\u0113roti materi\u0101li: smiltis, akme\u0146i|Videi draudz\u012bga formula uz \u016bdens b\u0101zes|Var uzglab\u0101t istabas temperat\u016br\u0101 (5-35\u00b0C)|Der\u012bguma termi\u0146\u0161: 12 m\u0113ne\u0161i<\/p>\n","protected":false},"featured_media":30019,"template":"","meta":[],"product_cat":[1594,2138],"product_tag":[2140,1687],"acf":[],"_links":{"self":[{"href":"https:\/\/smania.store\/lv\/wp-json\/wp\/v2\/product\/29996"}],"collection":[{"href":"https:\/\/smania.store\/lv\/wp-json\/wp\/v2\/product"}],"about":[{"href":"https:\/\/smania.store\/lv\/wp-json\/wp\/v2\/types\/product"}],"wp:featuredmedia":[{"embeddable":true,"href":"https:\/\/smania.store\/lv\/wp-json\/wp\/v2\/media\/30019"}],"wp:attachment":[{"href":"https:\/\/smania.store\/lv\/wp-json\/wp\/v2\/media?parent=29996"}],"wp:term":[{"taxonomy":"product_cat","embeddable":true,"href":"https:\/\/smania.store\/lv\/wp-json\/wp\/v2\/product_cat?post=29996"},{"taxonomy":"product_tag","embeddable":true,"href":"https:\/\/smania.store\/lv\/wp-json\/wp\/v2\/product_tag?post=29996"}],"curies":[{"name":"wp","href":"https:\/\/api.w.org\/{rel}","templated":true}]}}