{"id":29885,"date":"2025-03-24T13:43:25","date_gmt":"2025-03-24T12:43:25","guid":{"rendered":"https:\/\/smania.store\/lv\/preces\/izvelkamais-virtuves-plaukts-magicrack\/"},"modified":"2025-03-25T11:02:30","modified_gmt":"2025-03-25T10:02:30","slug":"izvelkamais-virtuves-plaukts-magicrack","status":"publish","type":"product","link":"https:\/\/smania.store\/lv\/preces\/izvelkamais-virtuves-plaukts-magicrack\/","title":{"rendered":"Izvelkamais virtuves plaukts MagicRack\u2122"},"content":{"rendered":"<div class=\"smania_landing_description_title\">JAUNUMS! Maksim\u0101li palieliniet virtuves uzglab\u0101\u0161anas vietu<\/div>\n<div class=\"smania_landing_description_txt\">Par sak\u0101rtotu un sak\u0101rtotu virtuvi!<\/div>\n<div class=\"smania_landing_description_subtitle\">Atkl\u0101jiet MagicRack\u2122 \u2013 pagarin\u0101mu plauktu j\u016bsu mikrovi\u013c\u0146u kr\u0101snij un virtuves piederumiem, kas padar\u012bs j\u016bsu virtuvi sak\u0101rtot\u0101ku, k\u0101rt\u012bg\u0101ku un pla\u0161\u0101ku. Lieliski piem\u0113rots maz\u0101m telp\u0101m, MagicRack\u2122 uzglab\u0101\u0161anas stat\u012bvs pal\u012bdz sak\u0101rtot un maksim\u0101li palielin\u0101t uzglab\u0101\u0161anas vietu. Pas\u016bti tagad un p\u0101rv\u0113rt virtuves haosu k\u0101rt\u012bb\u0101!<\/div>\n<div class=\"smania_landing_description_list\">\n<ul>\n<li>Papildu uzglab\u0101\u0161anas vieta j\u016bsu virtuv\u0113<\/li>\n<li>Regul\u0113jams platums no 40-60 cm<\/li>\n<li>Stabils un iztur\u012bgs, var iztur\u0113t l\u012bdz 30 kg<\/li>\n<li>Vienk\u0101r\u0161a mont\u0101\u017ea bez instrumentiem<\/li>\n<li>Iek\u013cauti 6 praktiski pakaramie \u0101\u0137i<\/li>\n<li>Lieliski piem\u0113rots nelielu virtuvju organiz\u0113\u0161anai<\/li>\n<\/ul><\/div>\n","protected":false},"excerpt":{"rendered":"<p>Pal\u012bdz organiz\u0113t un maksim\u0101li palielin\u0101t uzglab\u0101\u0161anas vietu|Var vienlaikus tur\u0113t vair\u0101kus priek\u0161metus|Pied\u0101v\u0101 vair\u0101k vietas uzglab\u0101\u0161anai maz\u0101s virtuv\u0113s vai jebkur\u0101 cit\u0101 telp\u0101|Viegli t\u012br\u0101ms|Regul\u0113jams plaukta augstums un pagarin\u0101ms platums|Iztur\u012bga dzelzs konstrukcija|Komplekt\u0101 ietilpst 6 pakarin\u0101mie \u0101\u0137i|Izm\u0113ri: 46 cm (augstums) x 40\u201360 cm (platums) x 36 cm (dzi\u013cums)|Gult\u0146a slodze: max 30 kg|Materi\u0101ls: dzelzs, polipropil\u0113ns<\/p>\n","protected":false},"featured_media":29900,"template":"","meta":[],"product_cat":[1594,1602],"product_tag":[],"acf":[],"_links":{"self":[{"href":"https:\/\/smania.store\/lv\/wp-json\/wp\/v2\/product\/29885"}],"collection":[{"href":"https:\/\/smania.store\/lv\/wp-json\/wp\/v2\/product"}],"about":[{"href":"https:\/\/smania.store\/lv\/wp-json\/wp\/v2\/types\/product"}],"wp:featuredmedia":[{"embeddable":true,"href":"https:\/\/smania.store\/lv\/wp-json\/wp\/v2\/media\/29900"}],"wp:attachment":[{"href":"https:\/\/smania.store\/lv\/wp-json\/wp\/v2\/media?parent=29885"}],"wp:term":[{"taxonomy":"product_cat","embeddable":true,"href":"https:\/\/smania.store\/lv\/wp-json\/wp\/v2\/product_cat?post=29885"},{"taxonomy":"product_tag","embeddable":true,"href":"https:\/\/smania.store\/lv\/wp-json\/wp\/v2\/product_tag?post=29885"}],"curies":[{"name":"wp","href":"https:\/\/api.w.org\/{rel}","templated":true}]}}